{"id":89,"date":"2015-02-10T00:15:43","date_gmt":"2015-02-10T00:15:43","guid":{"rendered":"http:\/\/mops1.home.pl\/mops2015\/?page_id=89"},"modified":"2025-01-02T17:28:39","modified_gmt":"2025-01-02T15:28:39","slug":"kontakt","status":"publish","type":"page","link":"https:\/\/mops.malbork.pl\/?page_id=89","title":{"rendered":"Kontakt"},"content":{"rendered":"\n<p><strong>Miejski O\u015brodek Pomocy Spo\u0142ecznej<\/strong><\/p>\n\n\n\n<div style=\"height:18px\" aria-hidden=\"true\" class=\"wp-block-spacer\"><\/div>\n\n\n\n<p>82-200 Malbork, ul. Juliusza S\u0142owackiego 74<br>\ntel. 55 647-27-81<br>\nfax. 55 647-27-81 (wew. 28)<\/p>\n\n\n\n<div style=\"height:22px\" aria-hidden=\"true\" class=\"wp-block-spacer\"><\/div>\n\n\n\n<p>adres e-mail : <a href=\"mailto:sekretariat@mops.malbork.pl\">sekretariat@mops.malbork.pl<\/a><\/p>\n\n\n\n<p>adres skrytki <a href=\"https:\/\/epuap.gov.pl\/wps\/portal\/strefa-klienta\/katalog-spraw\/profil-urzedu\/mopsmalbork\">ePUAP<\/a>: \/mopsmalbork\/SkrytkaESP<\/p>\n\n\n\n<p><a href=\"https:\/\/edoreczenia.gov.pl\/\">e-Dor\u0119czenia<\/a>: AE:PL-33863-84467-WTSJH-21<\/p>\n\n\n\n<div style=\"height:21px\" aria-hidden=\"true\" class=\"wp-block-spacer\"><\/div>\n\n\n\n<p>Godziny otwarcia O\u015brodka: 7:00-15:00<\/p>\n\n\n\n<div style=\"height:25px\" aria-hidden=\"true\" class=\"wp-block-spacer\"><\/div>\n\n\n\n<p><\/p>\n\n\n\n<center><iframe loading=\"lazy\" style=\"border: 0;\" src=\"https:\/\/www.google.com\/maps\/embed?pb=!1m18!1m12!1m3!1d2343.3757468005515!2d19.021780515864375!3d54.031600680128314!2m3!1f0!2f0!3f0!3m2!1i1024!2i768!4f13.1!3m3!1m2!1s0x46fd59089b3deedf%3A0x9b0bbc7c53c39770!2sMiejski+O%C5%9Brodek+Pomocy+Spo%C5%82ecznej!5e0!3m2!1spl!2spl!4v1534699504660\" width=\"600\" height=\"450\" frameborder=\"0\" allowfullscreen=\"allowfullscreen\"><\/iframe><\/center>\n\n\n\n<p><\/p>\n\n\n\n<hr class=\"wp-block-separator has-alpha-channel-opacity\"\/>\n\n\n\n<p><strong>SEKCJA \u015aWIADCZE\u0143 RODZINNYCH<\/strong><br>\nBudynek Starostwa Powiatowego w Malborku<br>\n82-200 Malbork, Pl. S\u0142owia\u0144ski 17 \u2013 Parter<\/p>\n\n\n\n<div style=\"height:23px\" aria-hidden=\"true\" class=\"wp-block-spacer\"><\/div>\n\n\n\n<p>Godziny urz\u0119dowania:<\/p>\n\n\n\n<p>poniedzia\u0142ek 8.00 \u2013 14.00<br>\nwtorek 8.00 \u2013 14.00<br>\n\u015broda 8.00 \u2013 14.00<br>\nczwartek 8.00 \u2013 14.00<br>\npi\u0105tek &#8211; nieczynne (praca administracyjna Sekcji)<\/p>\n\n\n\n<div style=\"height:22px\" aria-hidden=\"true\" class=\"wp-block-spacer\"><\/div>\n\n\n\n<p><\/p>\n\n\n\n<center><iframe loading=\"lazy\" style=\"border: 0;\" src=\"https:\/\/www.google.com\/maps\/embed?pb=!1m18!1m12!1m3!1d2343.2277460207856!2d19.022682815864453!3d54.03422668012895!2m3!1f0!2f0!3f0!3m2!1i1024!2i768!4f13.1!3m3!1m2!1s0x46fd5909224f0645%3A0xf2b2291aaad43b51!2sStarostwo+Powiatowe!5e0!3m2!1spl!2spl!4v1534872999542\" width=\"600\" height=\"450\" frameborder=\"0\" allowfullscreen=\"allowfullscreen\"><\/iframe><\/center>\n\n\n\n<div style=\"height:100px\" aria-hidden=\"true\" class=\"wp-block-spacer\"><\/div>\n","protected":false},"excerpt":{"rendered":"<p>Miejski O\u015brodek Pomocy Spo\u0142ecznej 82-200 Malbork, ul. Juliusza S\u0142owackiego 74 tel. 55 647-27-81 fax. 55 647-27-81 (wew. 28) adres e-mail : sekretariat@mops.malbork.pl adres skrytki ePUAP: \/mopsmalbork\/SkrytkaESP e-Dor\u0119czenia: AE:PL-33863-84467-WTSJH-21 Godziny otwarcia O\u015brodka: 7:00-15:00 SEKCJA \u015aWIADCZE\u0143 RODZINNYCH Budynek Starostwa Powiatowego w Malborku 82-200 Malbork, Pl. S\u0142owia\u0144ski 17 \u2013 Parter Godziny urz\u0119dowania: poniedzia\u0142ek 8.00 \u2013 14.00 wtorek 8.00 [&hellip;]<\/p>\n","protected":false},"author":1,"featured_media":0,"parent":0,"menu_order":6,"comment_status":"closed","ping_status":"open","template":"","meta":{"footnotes":""},"class_list":["post-89","page","type-page","status-publish","hentry"],"_links":{"self":[{"href":"https:\/\/mops.malbork.pl\/index.php?rest_route=\/wp\/v2\/pages\/89","targetHints":{"allow":["GET"]}}],"collection":[{"href":"https:\/\/mops.malbork.pl\/index.php?rest_route=\/wp\/v2\/pages"}],"about":[{"href":"https:\/\/mops.malbork.pl\/index.php?rest_route=\/wp\/v2\/types\/page"}],"author":[{"embeddable":true,"href":"https:\/\/mops.malbork.pl\/index.php?rest_route=\/wp\/v2\/users\/1"}],"replies":[{"embeddable":true,"href":"https:\/\/mops.malbork.pl\/index.php?rest_route=%2Fwp%2Fv2%2Fcomments&post=89"}],"version-history":[{"count":34,"href":"https:\/\/mops.malbork.pl\/index.php?rest_route=\/wp\/v2\/pages\/89\/revisions"}],"predecessor-version":[{"id":2325,"href":"https:\/\/mops.malbork.pl\/index.php?rest_route=\/wp\/v2\/pages\/89\/revisions\/2325"}],"wp:attachment":[{"href":"https:\/\/mops.malbork.pl\/index.php?rest_route=%2Fwp%2Fv2%2Fmedia&parent=89"}],"curies":[{"name":"wp","href":"https:\/\/api.w.org\/{rel}","templated":true}]}}