{"id":77,"date":"2015-02-10T00:08:03","date_gmt":"2015-02-10T00:08:03","guid":{"rendered":"http:\/\/mops1.home.pl\/mops2015\/?page_id=77"},"modified":"2024-01-08T17:38:34","modified_gmt":"2024-01-08T15:38:34","slug":"akty-prawne","status":"publish","type":"page","link":"https:\/\/mops.malbork.pl\/?page_id=77","title":{"rendered":"Akty Prawne"},"content":{"rendered":"\n<p>I. Ustawa z dnia 28 listopada 2003 roku o \u015bwiadczeniach rodzinnych (tj. Dz. U z 2023 r. poz. 390 ze zm.) &#8211; realizacja zadania zwi\u0105zanego z przyznawaniem prawa oraz wyp\u0142at\u0105 zasi\u0142k\u00f3w rodzinnych wraz z dodatkami, \u015bwiadczenia rodzicielskiego, \u015bwiadcze\u0144 opieku\u0144czych tj. zasi\u0142ku piel\u0119gnacyjnego, \u015bwiadczenia piel\u0119gnacyjnego, specjalnego zasi\u0142ku opieku\u0144czego jak r\u00f3wnie\u017c jednorazowej zapomogi z tytu\u0142u urodzenia si\u0119 dziecka \u017cywego.<\/p>\n\n\n\n<div style=\"height:12px\" aria-hidden=\"true\" class=\"wp-block-spacer\"><\/div>\n\n\n\n<p>II. Ustawa z dnia 7 wrze\u015bnia 2007 o pomocy osobom uprawnionym do aliment\u00f3w (tj. Dz. U z 2023 r. poz. 19935 ze zm.) &#8211; realizacja zadania zwi\u0105zanego z przyznawaniem prawa oraz wyp\u0142at\u0105 \u015bwiadcze\u0144 z Funduszu Alimentacyjnego z jednoczesnym podejmowaniem dzia\u0142a\u0144 wobec d\u0142u\u017cnik\u00f3w alimentacyjnych.<\/p>\n\n\n\n<div style=\"height:15px\" aria-hidden=\"true\" class=\"wp-block-spacer\"><\/div>\n\n\n\n<p>III. Ustawa z dnia 4 kwietnia 2014 r. o ustaleniu i wyp\u0142acie zasi\u0142k\u00f3w dla opiekun\u00f3w (tj. Dz. U z 2020 r. poz. 1297 ze zm.) &#8211; realizacja zadania zwi\u0105zanego z przyznawaniem prawa i wyp\u0142ata \u015bwiadczenia opieku\u0144czego w formie zasi\u0142k\u00f3w dla opiekun\u00f3w.<\/p>\n\n\n\n<div style=\"height:16px\" aria-hidden=\"true\" class=\"wp-block-spacer\"><\/div>\n\n\n\n<p>IV. Ustawa z dnia 11 lutego 2016 r. o pomocy pa\u0144stwa w wychowywaniu dzieci (tj. Dz. U z 2023 r. poz. 810 ze zm.) &#8211; realizacja zadania zwi\u0105zanego z prowadzeniem post\u0119powania w zakresie koordynacji \u015bwiadczenia wychowawczego tzw. \u201e800+\u201d<\/p>\n\n\n\n<div style=\"height:15px\" aria-hidden=\"true\" class=\"wp-block-spacer\"><\/div>\n\n\n\n<p>V. Ustawa z dnia 17 wrze\u015bnia 2021 r. o zmianie ustawy o pomocy pa\u0144stwa w wychowywaniu dzieci oraz niekt\u00f3rych innych ustaw (Dz. U z 2021 r. poz. 1981) \u2013 ustawa reguluje zasady wygaszania od 1 stycznia 2022 r. realizacji ustawy przez samorz\u0105dy, w tym Miejski O\u015brodek Pomocy Spo\u0142ecznej w Malborku, jednocze\u015bnie reguluj\u0105c przepisy w zakresie przej\u0119cia zadania przez Zak\u0142ad Ubezpiecze\u0144 Spo\u0142ecznych.<\/p>\n\n\n\n<div style=\"height:14px\" aria-hidden=\"true\" class=\"wp-block-spacer\"><\/div>\n\n\n\n<p>VI. Ustawa z dnia 5 grudnia 2014 r. o Karcie Du\u017cej Rodziny (tj. Dz. U z 2023 r. poz. 2424) &#8211; realizacja zadania jakim jest przyznawanie i wydawanie cz\u0142onkom rodzin wielodzietnych Karty Du\u017cej Rodziny.<\/p>\n\n\n\n<div style=\"height:16px\" aria-hidden=\"true\" class=\"wp-block-spacer\"><\/div>\n\n\n\n<p>VII. Ustawa z dnia 4 listopada 2016 r. o wsparciu kobiet w ci\u0105\u017cy i rodzin \u201eZa \u017cyciem\u201d (Dz. U z 2023 r. poz. 1923) &#8211; realizacja zadania zwi\u0105zanego z przyznawaniem prawa oraz wyp\u0142at\u0105 jednorazowego \u015bwiadczenia z tytu\u0142u urodzenia si\u0119 \u017cywego dziecka.<\/p>\n\n\n\n<div style=\"height:12px\" aria-hidden=\"true\" class=\"wp-block-spacer\"><\/div>\n\n\n\n<p>VIII. Ustawa z dnia 27 kwietnia 2001 r. Prawo ochrony \u015brodowiska (Tj. Dz. U z 2022 r. poz. 2556 ze zm.) &#8211; realizacja zadania zwi\u0105zanego z wydawaniem za\u015bwiadcze\u0144 o dochodach dla os\u00f3b korzystaj\u0105cych z programu \u201eCzyste powietrze\u201d.<\/p>\n\n\n\n<div style=\"height:16px\" aria-hidden=\"true\" class=\"wp-block-spacer\"><\/div>\n\n\n\n<p>IX. Ustawa z dnia 12 marca 2022 r. o pomocy obywatelom Ukrainy w zwi\u0105zku z konfliktem zbrojnym na terytorium tego pa\u0144stwa (Tj. Dz. U z 2023 r. poz. 103) &#8211; od marca 2022 r. realizacja zadania zwi\u0105zanego z przyznawaniem prawa do \u015bwiadcze\u0144 rodzinnych dla obywateli Ukrainy.<\/p>\n\n\n\n<div style=\"height:17px\" aria-hidden=\"true\" class=\"wp-block-spacer\"><\/div>\n\n\n\n<p>X. Ustawa z dnia 14 kwietnia 2023 r. o zmianie nazw uczelni s\u0142u\u017cb pa\u0144stwowych nadzorowanych przez ministra w\u0142a\u015bciwego do spraw wewn\u0119trznych, o zmianie ustawy o Policji, ustawy o Stra\u017cy Granicznej, ustawy o Pa\u0144stwowej Stra\u017cy Po\u017carnej oraz niekt\u00f3rych innych ustaw (Dz. U z 2023 r. poz. 1088) &#8211; realizacja zadania zwi\u0105zanego z etapowym zaka\u0144czaniem przyznawania prawa do \u015bwiadcze\u0144 rodzinnych dla obywateli Ukrainy.<\/p>\n\n\n\n<div style=\"height:14px\" aria-hidden=\"true\" class=\"wp-block-spacer\"><\/div>\n\n\n\n<p>XI. Ustawa z dnia 7 lipca 2023 r. o \u015bwiadczeniu wspieraj\u0105cym (Dz. U z 2023 r. poz. 1429) &#8211; od stycznia 2024 r. zmiana zasad przyznawania \u015bwiadczenia piel\u0119gnacyjnego wraz z wygaszaniem prawa do specjalnego zasi\u0142ku piel\u0119gnacyjnego i zasi\u0142ku dla opiekuna.<\/p>\n","protected":false},"excerpt":{"rendered":"<p>I. Ustawa z dnia 28 listopada 2003 roku o \u015bwiadczeniach rodzinnych (tj. Dz. U z 2023 r. poz. 390 ze zm.) &#8211; realizacja zadania zwi\u0105zanego z przyznawaniem prawa oraz wyp\u0142at\u0105 zasi\u0142k\u00f3w rodzinnych wraz z dodatkami, \u015bwiadczenia rodzicielskiego, \u015bwiadcze\u0144 opieku\u0144czych tj. zasi\u0142ku piel\u0119gnacyjnego, \u015bwiadczenia piel\u0119gnacyjnego, specjalnego zasi\u0142ku opieku\u0144czego jak r\u00f3wnie\u017c jednorazowej zapomogi z tytu\u0142u urodzenia si\u0119 [&hellip;]<\/p>\n","protected":false},"author":1,"featured_media":0,"parent":38,"menu_order":1,"comment_status":"closed","ping_status":"open","template":"","meta":{"footnotes":""},"class_list":["post-77","page","type-page","status-publish","hentry"],"_links":{"self":[{"href":"https:\/\/mops.malbork.pl\/index.php?rest_route=\/wp\/v2\/pages\/77","targetHints":{"allow":["GET"]}}],"collection":[{"href":"https:\/\/mops.malbork.pl\/index.php?rest_route=\/wp\/v2\/pages"}],"about":[{"href":"https:\/\/mops.malbork.pl\/index.php?rest_route=\/wp\/v2\/types\/page"}],"author":[{"embeddable":true,"href":"https:\/\/mops.malbork.pl\/index.php?rest_route=\/wp\/v2\/users\/1"}],"replies":[{"embeddable":true,"href":"https:\/\/mops.malbork.pl\/index.php?rest_route=%2Fwp%2Fv2%2Fcomments&post=77"}],"version-history":[{"count":13,"href":"https:\/\/mops.malbork.pl\/index.php?rest_route=\/wp\/v2\/pages\/77\/revisions"}],"predecessor-version":[{"id":2186,"href":"https:\/\/mops.malbork.pl\/index.php?rest_route=\/wp\/v2\/pages\/77\/revisions\/2186"}],"up":[{"embeddable":true,"href":"https:\/\/mops.malbork.pl\/index.php?rest_route=\/wp\/v2\/pages\/38"}],"wp:attachment":[{"href":"https:\/\/mops.malbork.pl\/index.php?rest_route=%2Fwp%2Fv2%2Fmedia&parent=77"}],"curies":[{"name":"wp","href":"https:\/\/api.w.org\/{rel}","templated":true}]}}