{"id":72,"date":"2015-02-09T23:48:06","date_gmt":"2015-02-09T23:48:06","guid":{"rendered":"http:\/\/mops1.home.pl\/mops2015\/?page_id=72"},"modified":"2019-06-13T18:39:53","modified_gmt":"2019-06-13T16:39:53","slug":"uprawnieni","status":"publish","type":"page","link":"https:\/\/mops.malbork.pl\/?page_id=72","title":{"rendered":"Post\u0119powanie wobec d\u0142u\u017cnik\u00f3w alimentacyjnych"},"content":{"rendered":"<p><strong>Dzia\u0142ania podejmowane wobec d\u0142u\u017cnik\u00f3w<\/strong><\/p>\n<p>1. Dzia\u0142ania wobec d\u0142u\u017cnik\u00f3w alimentacyjnych przewidziane w ustawie z dnia 7 wrze\u015bnia 2007 r. o pomocy osobom uprawnionym do aliment\u00f3w (t.j.: Dz. U z 2018 r. poz. 554, z p\u00f3\u017an. zm.) podejmuje organ w\u0142a\u015bciwy d\u0142u\u017cnika tj. w\u00f3jt, burmistrz lub prezydent miasta w\u0142a\u015bciwy ze wzgl\u0119du na miejsce zamieszkania d\u0142u\u017cnika alimentacyjnego. Realizacja ww. ustawy mo\u017ce by\u0107 tak\u017ce przekazana do jednostki organizacyjnej gminy np. do o\u015brodka pomocy spo\u0142ecznej.<\/p>\n<p>&nbsp;<\/p>\n<p>2. Dzia\u0142ania wobec d\u0142u\u017cnik\u00f3w alimentacyjnych podejmowane s\u0105 na wniosek organu w\u0142a\u015bciwego wierzyciela tj. w\u00f3jta, burmistrza lub prezydenta miasta w\u0142a\u015bciwego ze wzgl\u0119du na miejsce zamieszkania osoby uprawnionej je\u015bli:<\/p>\n<ul>\n<li>osobie uprawnionej zosta\u0142o przyznane prawo do \u015bwiadczenia z funduszu alimentacyjnego;<\/li>\n<li>osoba uprawniona do \u015bwiadczenia alimentacyjnego od rodzica lub jej przedstawiciel ustawowy z\u0142o\u017cy do organu w\u0142a\u015bciwego wierzyciela wniosek o podj\u0119cie dzia\u0142a\u0144 wobec d\u0142u\u017cnika alimentacyjnego;<\/li>\n<li>osoba uprawniona zosta\u0142a umieszczona w pieczy zast\u0119pczej.<\/li>\n<\/ul>\n<p>&nbsp;<\/p>\n<p>3. Po otrzymaniu wniosku organ w\u0142a\u015bciwy d\u0142u\u017cnika przeprowadza wywiad alimentacyjny, w celu ustalenia sytuacji rodzinnej, dochodowej i zawodowej d\u0142u\u017cnika alimentacyjnego, a tak\u017ce jego stanu zdrowia oraz przyczyn niez\u0142o\u017cenia na utrzymanie osoby uprawnionej, odbiera od niego o\u015bwiadczenie maj\u0105tkowe oraz informuje d\u0142u\u017cnika o przekazaniu do biura informacji gospodarczej informacji gospodarczej o zobowi\u0105zaniu lub zobowi\u0105zaniach d\u0142u\u017cnika alimentacyjnego wynikaj\u0105cych z:<\/p>\n<p style=\"padding-left: 30px;\">a) nale\u017cno\u015bci z tytu\u0142u \u015bwiadcze\u0144 z funduszu alimentacyjnego wyp\u0142aconych osobie uprawnionej na podstawie ustawy o pomocy osobom uprawnionym do aliment\u00f3w,<br \/>\nb) nale\u017cno\u015bci z tytu\u0142u zaliczek alimentacyjnych wyp\u0142aconych osobie uprawnionej na podstawie ustawy z dnia 22 kwietnia 2005 r. o post\u0119powaniu wobec d\u0142u\u017cnik\u00f3w alimentacyjnych oraz zaliczce alimentacyjnej<br \/>\n&#8211; w razie powstania zaleg\u0142o\u015bci za okres d\u0142u\u017cszy ni\u017c 6 miesi\u0119cy.<\/p>\n<p>&nbsp;<\/p>\n<p>4. W przypadku, gdy d\u0142u\u017cnik alimentacyjny nie mo\u017ce wywi\u0105za\u0107 si\u0119 ze swoich zobowi\u0105za\u0144 z powodu braku zatrudnienia, organ w\u0142a\u015bciwy d\u0142u\u017cnika:<\/p>\n<ul>\n<li>azobowi\u0105zuje d\u0142u\u017cnika alimentacyjnego do zarejestrowania si\u0119 jako bezrobotny albo poszukuj\u0105cy pracy w przypadku braku mo\u017cliwo\u015bci zarejestrowania si\u0119 jako bezrobotny,<\/li>\n<li>binformuje w\u0142a\u015bciwy powiatowy urz\u0105d pracy o potrzebie aktywizacji zawodowej d\u0142u\u017cnika alimentacyjnego.<\/li>\n<\/ul>\n<p>5. W przypadku, gdy d\u0142u\u017cnik alimentacyjny uniemo\u017cliwia przeprowadzenie wywiadu alimentacyjnego lub:<\/p>\n<ul>\n<li>odm\u00f3wi\u0142 z\u0142o\u017cenia o\u015bwiadczenia maj\u0105tkowego,<\/li>\n<li>odm\u00f3wi\u0142 zarejestrowania si\u0119 w powiatowym urz\u0119dzie pracy jako bezrobotny albo poszukuj\u0105cy pracy,<\/li>\n<li>bez uzasadnionej przyczyny, w rozumieniu przepis\u00f3w o promocji zatrudnienia i instytucjach rynku pracy odm\u00f3wi\u0142 przyj\u0119cia propozycji odpowiedniego zatrudnienia lub innej pracy zarobkowej, wykonywania prac spo\u0142ecznie u\u017cytecznych, prac interwencyjnych, rob\u00f3t publicznych, prac na zasadach rob\u00f3t publicznych albo udzia\u0142u w szkoleniu, sta\u017cu lub przygotowaniu zawodowym doros\u0142ych,<\/li>\n<li>organ w\u0142a\u015bciwy d\u0142u\u017cnika <strong>wszczyna post\u0119powanie dotycz\u0105ce uznania d\u0142u\u017cnika alimentacyjnego za uchylaj\u0105cego si\u0119 od zobowi\u0105za\u0144 alimentacyjnych.<\/strong><\/li>\n<\/ul>\n<p>6. Decyzji o uznaniu d\u0142u\u017cnika alimentacyjnego za uchylaj\u0105cego si\u0119 od zobowi\u0105za\u0144 alimentacyjnych nie wydaje si\u0119 wobec d\u0142u\u017cnika alimentacyjnego, kt\u00f3ry przez okres ostatnich 6 miesi\u0119cy wywi\u0105zywa\u0142 si\u0119 w ka\u017cdym miesi\u0105cu ze zobowi\u0105za\u0144 alimentacyjnych w kwocie nie ni\u017cszej, ni\u017c 50% kwoty bie\u017c\u0105co ustalonych aliment\u00f3w.<\/p>\n<p>&nbsp;<\/p>\n<p>7. Je\u017celi decyzja o uznaniu d\u0142u\u017cnika za uchylaj\u0105cego si\u0119 od zobowi\u0105za\u0144 alimentacyjnych stanie si\u0119 ostateczna, organ w\u0142a\u015bciwy d\u0142u\u017cnika:<\/p>\n<ul>\n<li>sk\u0142ada wniosek o \u015bciganie za przest\u0119pstwo okre\u015blone w art. 209 \u00a7 1 ustawy z dnia 6 czerwca 1997 r. &#8211; Kodeks karny ( tj. Dz. U. z 2018 r. poz 1600).<\/li>\n<li>po uzyskaniu z centralnej ewidencji kierowc\u00f3w informacji, \u017ce d\u0142u\u017cnik alimentacyjny posiada uprawnienie do kierowania pojazdami, kieruje wniosek do starosty o zatrzymanie prawa jazdy d\u0142u\u017cnika alimentacyjnego wraz z odpisem rej decyzji.<\/li>\n<\/ul>\n","protected":false},"excerpt":{"rendered":"<p>Dzia\u0142ania podejmowane wobec d\u0142u\u017cnik\u00f3w 1. Dzia\u0142ania wobec d\u0142u\u017cnik\u00f3w alimentacyjnych przewidziane w ustawie z dnia 7 wrze\u015bnia 2007 r. o pomocy osobom uprawnionym do aliment\u00f3w (t.j.: Dz. U z 2018 r. poz. 554, z p\u00f3\u017an. zm.) podejmuje organ w\u0142a\u015bciwy d\u0142u\u017cnika tj. w\u00f3jt, burmistrz lub prezydent miasta w\u0142a\u015bciwy ze wzgl\u0119du na miejsce zamieszkania d\u0142u\u017cnika alimentacyjnego. Realizacja ww. [&hellip;]<\/p>\n","protected":false},"author":1,"featured_media":0,"parent":68,"menu_order":2,"comment_status":"closed","ping_status":"open","template":"","meta":{"footnotes":""},"class_list":["post-72","page","type-page","status-publish","hentry"],"_links":{"self":[{"href":"https:\/\/mops.malbork.pl\/index.php?rest_route=\/wp\/v2\/pages\/72","targetHints":{"allow":["GET"]}}],"collection":[{"href":"https:\/\/mops.malbork.pl\/index.php?rest_route=\/wp\/v2\/pages"}],"about":[{"href":"https:\/\/mops.malbork.pl\/index.php?rest_route=\/wp\/v2\/types\/page"}],"author":[{"embeddable":true,"href":"https:\/\/mops.malbork.pl\/index.php?rest_route=\/wp\/v2\/users\/1"}],"replies":[{"embeddable":true,"href":"https:\/\/mops.malbork.pl\/index.php?rest_route=%2Fwp%2Fv2%2Fcomments&post=72"}],"version-history":[{"count":6,"href":"https:\/\/mops.malbork.pl\/index.php?rest_route=\/wp\/v2\/pages\/72\/revisions"}],"predecessor-version":[{"id":1127,"href":"https:\/\/mops.malbork.pl\/index.php?rest_route=\/wp\/v2\/pages\/72\/revisions\/1127"}],"up":[{"embeddable":true,"href":"https:\/\/mops.malbork.pl\/index.php?rest_route=\/wp\/v2\/pages\/68"}],"wp:attachment":[{"href":"https:\/\/mops.malbork.pl\/index.php?rest_route=%2Fwp%2Fv2%2Fmedia&parent=72"}],"curies":[{"name":"wp","href":"https:\/\/api.w.org\/{rel}","templated":true}]}}