{"id":66,"date":"2015-02-09T22:10:04","date_gmt":"2015-02-09T22:10:04","guid":{"rendered":"http:\/\/mops1.home.pl\/mops2015\/?page_id=66"},"modified":"2019-06-13T18:14:29","modified_gmt":"2019-06-13T16:14:29","slug":"wymagane-dokumenty","status":"publish","type":"page","link":"https:\/\/mops.malbork.pl\/?page_id=66","title":{"rendered":"Wzory wniosk\u00f3w i druk\u00f3w"},"content":{"rendered":"<p>Do pobrania:<\/p>\n<ul>\n<li><a href=\"https:\/\/www.gov.pl\/web\/rodzina\/wzory-wnioskow-o-swiadczenia-dla-rodzin-aktualizacja-na-dzien-29052018-r-do-stosowania-takze-na-okres-20182019\">https:\/\/www.gov.pl\/web\/rodzina\/wzory-wnioskow-o-swiadczenia-dla-rodzin-aktualizacja-na-dzien-29052018-r-do-stosowania-takze-na-okres-20182019<\/a><\/li>\n<li><a href=\"http:\/\/mops1.home.pl\/mops2015\/wp-content\/uploads\/2019\/06\/upowaznienie.doc\">Upowa\u017cnienie<\/a><\/li>\n<li><a href=\"http:\/\/mops1.home.pl\/mops2015\/wp-content\/uploads\/2019\/06\/oswiadczenie_rodo.doc\">O\u015bwiadczenie RODO<\/a><\/li>\n<li><a href=\"http:\/\/mops1.home.pl\/mops2015\/wp-content\/uploads\/2019\/06\/przelew_na_konto.odt\">Pro\u015bba o zmian\u0119 konta bankowego lub wyp\u0142at\u0119 na konto<\/a><\/li>\n<\/ul>\n","protected":false},"excerpt":{"rendered":"<p>Do pobrania: https:\/\/www.gov.pl\/web\/rodzina\/wzory-wnioskow-o-swiadczenia-dla-rodzin-aktualizacja-na-dzien-29052018-r-do-stosowania-takze-na-okres-20182019 Upowa\u017cnienie O\u015bwiadczenie RODO Pro\u015bba o zmian\u0119 konta bankowego lub wyp\u0142at\u0119 na konto<\/p>\n","protected":false},"author":1,"featured_media":0,"parent":43,"menu_order":10,"comment_status":"closed","ping_status":"open","template":"","meta":{"footnotes":""},"class_list":["post-66","page","type-page","status-publish","hentry"],"_links":{"self":[{"href":"https:\/\/mops.malbork.pl\/index.php?rest_route=\/wp\/v2\/pages\/66","targetHints":{"allow":["GET"]}}],"collection":[{"href":"https:\/\/mops.malbork.pl\/index.php?rest_route=\/wp\/v2\/pages"}],"about":[{"href":"https:\/\/mops.malbork.pl\/index.php?rest_route=\/wp\/v2\/types\/page"}],"author":[{"embeddable":true,"href":"https:\/\/mops.malbork.pl\/index.php?rest_route=\/wp\/v2\/users\/1"}],"replies":[{"embeddable":true,"href":"https:\/\/mops.malbork.pl\/index.php?rest_route=%2Fwp%2Fv2%2Fcomments&post=66"}],"version-history":[{"count":7,"href":"https:\/\/mops.malbork.pl\/index.php?rest_route=\/wp\/v2\/pages\/66\/revisions"}],"predecessor-version":[{"id":1120,"href":"https:\/\/mops.malbork.pl\/index.php?rest_route=\/wp\/v2\/pages\/66\/revisions\/1120"}],"up":[{"embeddable":true,"href":"https:\/\/mops.malbork.pl\/index.php?rest_route=\/wp\/v2\/pages\/43"}],"wp:attachment":[{"href":"https:\/\/mops.malbork.pl\/index.php?rest_route=%2Fwp%2Fv2%2Fmedia&parent=66"}],"curies":[{"name":"wp","href":"https:\/\/api.w.org\/{rel}","templated":true}]}}