{"id":53,"date":"2015-02-09T21:49:30","date_gmt":"2015-02-09T21:49:30","guid":{"rendered":"http:\/\/mops1.home.pl\/mops2015\/?page_id=53"},"modified":"2019-06-07T09:32:04","modified_gmt":"2019-06-07T07:32:04","slug":"jednorazowa-zapomoga-z-tytulu-urodzenia-sie-dziecka","status":"publish","type":"page","link":"https:\/\/mops.malbork.pl\/?page_id=53","title":{"rendered":"Jednorazowa zapomoga z tytu\u0142u urodzenia si\u0119 dziecka"},"content":{"rendered":"<p>Z tytu\u0142u urodzenia si\u0119 \u017cywego dziecka przys\u0142uguje jednorazowa zapomoga z tytu\u0142u urodzenia si\u0119 dziecka w wysoko\u015bci 1000 z\u0142 na jedno dziecko.<\/p>\n<p>\u015awiadczenie to przys\u0142uguje matce lub ojcu dziecka, opiekunowi prawnemu albo opiekunowi faktycznemu dziecka, je\u017celi doch\u00f3d rodziny w przeliczeniu na osob\u0119 nie przekroczy kwoty 1922,00 z\u0142.<\/p>\n<p>Przy ustalaniu prawa do przedmiotowego \u015bwiadczenia, w szczeg\u00f3lno\u015bci ustalenia czy spe\u0142nione jest kryterium dochodowe,\u00a0 maj\u0105 zastosowanie przepisy dotycz\u0105ce ustalania dochodu okre\u015blone w ustawie o \u015bwiadczeniach rodzinnych.<\/p>\n<p>&nbsp;<\/p>\n<p><strong>Zapomoga przys\u0142uguje:<\/strong><\/p>\n<ol>\n<li>matce lub ojcu dziecka;<\/li>\n<li>opiekunowi prawnemu dziecka;<\/li>\n<li>opiekunowi faktycznemu dziecka (oznacza to osob\u0119 faktycznie opiekuj\u0105c\u0105 si\u0119 dzieckiem, je\u017celi wyst\u0105pi\u0142a z wnioskiem do s\u0105du rodzinnego o przysposobienie dziecka).<\/li>\n<\/ol>\n<p>&nbsp;<\/p>\n<p>Jednorazowa zapomoga z tytu\u0142u urodzenia si\u0119 dziecka przys\u0142uguje je\u017celi matka dziecka pozostawa\u0142a pod opiek\u0105 medyczn\u0105 nie p\u00f3\u017aniej ni\u017c od 10 tygodnia ci\u0105\u017cy do dnia porodu.<\/p>\n<p>Za\u015bwiadczenie o pozostawaniu matki dziecka pod opiek\u0105 medyczn\u0105 nie p\u00f3\u017aniej ni\u017c od 10 tygodnia ci\u0105\u017cy do dnia porodu mo\u017ce wystawi\u0107 lekarz lub po\u0142o\u017cna. Warunek udokumentowania pozostawania matki dziecka pod opiek\u0105 medyczn\u0105 nie dotyczy os\u00f3b b\u0119d\u0105cych prawnymi albo faktycznymi opiekunami dziecka, a tak\u017ce os\u00f3b, kt\u00f3re przysposobi\u0142y dziecko.<\/p>\n<p>Wniosek o wyp\u0142at\u0119 jednorazowej zapomogi nale\u017cy z\u0142o\u017cy\u0107 w terminie 12 miesi\u0119cy od dnia narodzin dziecka.<\/p>\n<p>W przypadku gdy wniosek dotyczy dziecka obj\u0119tego opiek\u0105 prawn\u0105, opiek\u0105 faktyczn\u0105 albo dziecka przysposobionego wniosek sk\u0142ada si\u0119 w terminie 12 miesi\u0119cy od dnia obj\u0119cia dziecka opiek\u0105 albo przysposobienia, nie p\u00f3\u017aniej ni\u017c do uko\u0144czenia przez dziecko 18-go roku \u017cycia.<\/p>\n<p><strong>Wniosek z\u0142o\u017cony po terminie organ w\u0142a\u015bciwy pozostawia bez rozpoznania.<\/strong><\/p>\n","protected":false},"excerpt":{"rendered":"<p>Z tytu\u0142u urodzenia si\u0119 \u017cywego dziecka przys\u0142uguje jednorazowa zapomoga z tytu\u0142u urodzenia si\u0119 dziecka w wysoko\u015bci 1000 z\u0142 na jedno dziecko. \u015awiadczenie to przys\u0142uguje matce lub ojcu dziecka, opiekunowi prawnemu albo opiekunowi faktycznemu dziecka, je\u017celi doch\u00f3d rodziny w przeliczeniu na osob\u0119 nie przekroczy kwoty 1922,00 z\u0142. Przy ustalaniu prawa do przedmiotowego \u015bwiadczenia, w szczeg\u00f3lno\u015bci ustalenia [&hellip;]<\/p>\n","protected":false},"author":1,"featured_media":0,"parent":43,"menu_order":4,"comment_status":"closed","ping_status":"open","template":"","meta":{"footnotes":""},"class_list":["post-53","page","type-page","status-publish","hentry"],"_links":{"self":[{"href":"https:\/\/mops.malbork.pl\/index.php?rest_route=\/wp\/v2\/pages\/53","targetHints":{"allow":["GET"]}}],"collection":[{"href":"https:\/\/mops.malbork.pl\/index.php?rest_route=\/wp\/v2\/pages"}],"about":[{"href":"https:\/\/mops.malbork.pl\/index.php?rest_route=\/wp\/v2\/types\/page"}],"author":[{"embeddable":true,"href":"https:\/\/mops.malbork.pl\/index.php?rest_route=\/wp\/v2\/users\/1"}],"replies":[{"embeddable":true,"href":"https:\/\/mops.malbork.pl\/index.php?rest_route=%2Fwp%2Fv2%2Fcomments&post=53"}],"version-history":[{"count":5,"href":"https:\/\/mops.malbork.pl\/index.php?rest_route=\/wp\/v2\/pages\/53\/revisions"}],"predecessor-version":[{"id":1099,"href":"https:\/\/mops.malbork.pl\/index.php?rest_route=\/wp\/v2\/pages\/53\/revisions\/1099"}],"up":[{"embeddable":true,"href":"https:\/\/mops.malbork.pl\/index.php?rest_route=\/wp\/v2\/pages\/43"}],"wp:attachment":[{"href":"https:\/\/mops.malbork.pl\/index.php?rest_route=%2Fwp%2Fv2%2Fmedia&parent=53"}],"curies":[{"name":"wp","href":"https:\/\/api.w.org\/{rel}","templated":true}]}}