{"id":50,"date":"2015-02-09T21:36:39","date_gmt":"2015-02-09T21:36:39","guid":{"rendered":"http:\/\/mops1.home.pl\/mops2015\/?page_id=50"},"modified":"2021-08-31T17:32:14","modified_gmt":"2021-08-31T15:32:14","slug":"dodatki-do-zasilkow-rodzinnych","status":"publish","type":"page","link":"https:\/\/mops.malbork.pl\/?page_id=50","title":{"rendered":"Dodatki do zasi\u0142ku rodzinnego"},"content":{"rendered":"<p>Dodatki przys\u0142uguj\u0105 wy\u0142\u0105cznie osobom uprawnionym do pobierania zasi\u0142k\u00f3w rodzinnych.<\/p>\n<p><strong>Dodatek z tytu\u0142u urodzenia dziecka<\/strong> przys\u0142uguje do uko\u0144czenia przez dziecko pierwszego roku \u017cycia. Dodatek przys\u0142uguje jednorazowo, w wysoko\u015bci 1 000,00 z\u0142 na ka\u017cde dziecko. Dodatek przys\u0142uguje, je\u017celi kobieta pozostawa\u0142a pod opiek\u0105 medyczn\u0105 nie p\u00f3\u017aniej ni\u017c od 10 tygodnia ci\u0105\u017cy do porodu.<\/p>\n<p><strong>Dodatek z tytu\u0142u opieki nad dzieckiem w okresie korzystania z urlopu wychowawczego<\/strong> w wysoko\u015bci 400,00 z\u0142 miesi\u0119cznie przys\u0142uguje przez okres:<\/p>\n<ul>\n<li>24 miesi\u0119cy kalendarzowych;<\/li>\n<li>36 miesi\u0119cy kalendarzowych, je\u017celi sprawuje opiek\u0119 nad wi\u0119cej ni\u017c jednym dzieckiem urodzonym podczas jednego porodu;<\/li>\n<li>72 miesi\u0119cy kalendarzowych, je\u017celi sprawuje opiek\u0119 nad dzieckiem legitymuj\u0105cym si\u0119 orzeczeniem o niepe\u0142nosprawno\u015bci albo o znacznym stopniu niepe\u0142nosprawno\u015bci.<\/li>\n<\/ul>\n<p><strong>Niezb\u0119dne dokumenty:<\/strong><\/p>\n<ol>\n<li>za\u015bwiadczenie pracodawcy albo o\u015bwiadczenie o terminie i okresie, na jaki zosta\u0142 udzielony urlop wychowawczy, oraz\u00a0o co najmniej sze\u015bciomiesi\u0119cznym okresie pozostawania w stosunku pracy bezpo\u015brednio przed uzyskaniem prawa do urlopu wychowawczego;<\/li>\n<li>za\u015bwiadczenie plac\u00f3wki zapewniaj\u0105cej ca\u0142odobow\u0105 opiek\u0119, w przypadku umieszczenia w niej dziecka, o liczbie dni w tygodniu, w kt\u00f3rych korzysta w niej z ca\u0142odobowej opieki, albo o\u015bwiadczenie o niekorzystaniu przez wi\u0119cej ni\u017c 5 dni w tygodniu z ca\u0142odobowej opieki nad dzieckiem umieszczonym w plac\u00f3wce zapewniaj\u0105cej ca\u0142odobow\u0105 opiek\u0119, w tym w specjalnym o\u015brodku szkolno-wychowawczym;<\/li>\n<li>inne dokumenty i o\u015bwiadczenia niezb\u0119dne do ustalenia prawa do dodatku do zasi\u0142ku rodzinnego z tytu\u0142u opieki nad dzieckiem w okresie korzystania z urlopu wychowawczego.<\/li>\n<\/ol>\n<p><strong>Dodatek z tytu\u0142u samotnego wychowywania dziecka<\/strong> przys\u0142uguje uprawnionej do zasi\u0142ku rodzinnego osobie samotnie wychowuj\u0105cej dziecko (oznacza to pann\u0119, kawalera, wdow\u0119, wdowca, osob\u0119 pozostaj\u0105c\u0105 w separacji orzeczonej prawomocnym wyrokiem s\u0105du, osob\u0119 rozwiedzion\u0105, chyba \u017ce wychowuje wsp\u00f3lnie co najmniej jedno dziecko z jego rodzicem), je\u017celi drugi z rodzic\u00f3w dziecka nie \u017cyje b\u0105d\u017a ojciec dziecka jest nieznany, b\u0105d\u017a pow\u00f3dztwo o ustalenie \u015bwiadczenia alimentacyjnego od drugiego z rodzic\u00f3w zosta\u0142o oddalone. Dodatek przys\u0142uguje r\u00f3wnie\u017c osobie ucz\u0105cej si\u0119 w rozumieniu ustawy (patrz wy\u017cej), je\u017celi oboje rodzice osoby ucz\u0105cej si\u0119 nie \u017cyj\u0105.<\/p>\n<p><strong>Dodatek przys\u0142uguje w wysoko\u015bci 193,00 z\u0142 miesi\u0119cznie na dziecko, nie wi\u0119cej jednak ni\u017c 386,00 z\u0142 na wszystkie dzieci. W przypadku dziecka legitymuj\u0105cego si\u0119 orzeczeniem o niepe\u0142nosprawno\u015bci lub orzeczeniem o znacznym stopniu niepe\u0142nosprawno\u015bci kwot\u0119 dodatku zwi\u0119ksza si\u0119 o 80,00 z\u0142 na dziecko, nie wi\u0119cej jednak ni\u017c o 160,00 z\u0142 na wszystkie dzieci.<\/strong><\/p>\n<p><strong>Niezb\u0119dne dokumenty:<\/strong><\/p>\n<ul>\n<li>kopia skr\u00f3conego aktu zgonu drugiego z rodzic\u00f3w dziecka lub<\/li>\n<li>odpis zupe\u0142ny aktu urodzenia dziecka, w przypadku gdy ojciec dziecka jest nieznany lub<\/li>\n<li>kopia odpisu wyroku s\u0105du o oddaleniu pow\u00f3dztwa o ustalenie \u015bwiadczenia alimentacyjnego<\/li>\n<\/ul>\n<p><strong>Dodatek z tytu\u0142u wychowywania dziecka w rodzinie wielodzietnej<\/strong> przys\u0142uguje w wysoko\u015bci 95,00 z\u0142 miesi\u0119cznie na trzecie i na nast\u0119pne dzieci uprawnione do zasi\u0142ku rodzinnego.<\/p>\n<p><strong>Dodatek z tytu\u0142u kszta\u0142cenia i rehabilitacji dziecka<\/strong> przys\u0142uguje na dziecko legitymuj\u0105ce si\u0119 orzeczeniem o niepe\u0142nosprawno\u015bci, albo orzeczeniem o umiarkowanym albo znacznym stopniu niepe\u0142nosprawno\u015bci w wysoko\u015bci:<\/p>\n<ul>\n<li>90,00 z\u0142 na dziecko w wieku do uko\u0144czenia 5 roku \u017cycia;<\/li>\n<li>110,00 z\u0142 na dziecko w wieku powy\u017cej 5 roku \u017cycia do uko\u0144czenia 24 roku \u017cycia.<\/li>\n<\/ul>\n<p><strong>Niezb\u0119dne dokumenty:<\/strong><\/p>\n<ul>\n<li>orzeczenie o niepe\u0142nosprawno\u015bci albo o umiarkowanym lub znacznym stopniu niepe\u0142nosprawno\u015bci<\/li>\n<\/ul>\n<p><strong>Dodatek z tytu\u0142u rozpocz\u0119cia roku szkolnego<\/strong>\u00a0przys\u0142uguje raz w roku, w zwi\u0105zku z rozpocz\u0119ciem nowego roku szkolnego, lub rocznego przygotowania przedszkolnego w wysoko\u015bci 100,00 z\u0142. Wniosek o wyp\u0142at\u0119 dodatku sk\u0142ada si\u0119 do dnia zako\u0144czenia okresu zasi\u0142kowego, w kt\u00f3rym rozpocz\u0119to rok szkolny albo roczne przygotowanie przedszkolne.<\/p>\n<p><strong>Dodatek z tytu\u0142u podj\u0119cia przez dziecko nauki w szkole poza miejscem zamieszkania<\/strong> przys\u0142uguje od wrze\u015bnia do czerwca nast\u0119pnego roku kalendarzowego. w zwi\u0105zku z zamieszkiwaniem w miejscowo\u015bci, w kt\u00f3rej znajduje si\u0119 siedziba szko\u0142y ponadgimnazjalnej lub szko\u0142y artystycznej, w kt\u00f3rej realizowany jest obowi\u0105zek szkolny i obowi\u0105zek nauki, a tak\u017ce szko\u0142y podstawowej lub gimnazjum w przypadku dziecka lub osoby ucz\u0105cej si\u0119, legitymuj\u0105cej si\u0119 orzeczeniem o niepe\u0142nosprawno\u015bci lub o stopniu niepe\u0142nosprawno\u015bci &#8211; w wysoko\u015bci 113 z\u0142 miesi\u0119cznie na dziecko.<\/p>\n<p>W zwi\u0105zku z <strong>dojazdem<\/strong> z miejsca zamieszkania do miejscowo\u015bci, w kt\u00f3rej znajduje si\u0119 siedziba szko\u0142y, w przypadku dojazdu do szko\u0142y ponadgimnazjalnej \u2013 dodatek przys\u0142uguje w wysoko\u015bci 69 z\u0142 miesi\u0119cznie na dziecko.<\/p>\n<p><strong>Niezb\u0119dne dokumenty:<\/strong><\/p>\n<ol>\n<li>za\u015bwiadczenie szko\u0142y albo o\u015bwiadczenie o ucz\u0119szczaniu dziecka do szko\u0142y poza miejscem zamieszkania;<\/li>\n<li>za\u015bwiadczenie albo o\u015bwiadczenie potwierdzaj\u0105ce tymczasowe zameldowanie ucznia poza miejscem zamieszkania;<\/li>\n<li>inne dokumenty i o\u015bwiadczenia niezb\u0119dne do ustalenia prawa do dodatku do zasi\u0142ku rodzinnego z tytu\u0142u podj\u0119cia przez dziecko nauki w szkole poza miejscem zamieszkania.<\/li>\n<\/ol>\n","protected":false},"excerpt":{"rendered":"<p>Dodatki przys\u0142uguj\u0105 wy\u0142\u0105cznie osobom uprawnionym do pobierania zasi\u0142k\u00f3w rodzinnych. Dodatek z tytu\u0142u urodzenia dziecka przys\u0142uguje do uko\u0144czenia przez dziecko pierwszego roku \u017cycia. Dodatek przys\u0142uguje jednorazowo, w wysoko\u015bci 1 000,00 z\u0142 na ka\u017cde dziecko. Dodatek przys\u0142uguje, je\u017celi kobieta pozostawa\u0142a pod opiek\u0105 medyczn\u0105 nie p\u00f3\u017aniej ni\u017c od 10 tygodnia ci\u0105\u017cy do porodu. Dodatek z tytu\u0142u opieki nad [&hellip;]<\/p>\n","protected":false},"author":1,"featured_media":0,"parent":43,"menu_order":2,"comment_status":"closed","ping_status":"open","template":"","meta":{"footnotes":""},"class_list":["post-50","page","type-page","status-publish","hentry"],"_links":{"self":[{"href":"https:\/\/mops.malbork.pl\/index.php?rest_route=\/wp\/v2\/pages\/50","targetHints":{"allow":["GET"]}}],"collection":[{"href":"https:\/\/mops.malbork.pl\/index.php?rest_route=\/wp\/v2\/pages"}],"about":[{"href":"https:\/\/mops.malbork.pl\/index.php?rest_route=\/wp\/v2\/types\/page"}],"author":[{"embeddable":true,"href":"https:\/\/mops.malbork.pl\/index.php?rest_route=\/wp\/v2\/users\/1"}],"replies":[{"embeddable":true,"href":"https:\/\/mops.malbork.pl\/index.php?rest_route=%2Fwp%2Fv2%2Fcomments&post=50"}],"version-history":[{"count":12,"href":"https:\/\/mops.malbork.pl\/index.php?rest_route=\/wp\/v2\/pages\/50\/revisions"}],"predecessor-version":[{"id":1613,"href":"https:\/\/mops.malbork.pl\/index.php?rest_route=\/wp\/v2\/pages\/50\/revisions\/1613"}],"up":[{"embeddable":true,"href":"https:\/\/mops.malbork.pl\/index.php?rest_route=\/wp\/v2\/pages\/43"}],"wp:attachment":[{"href":"https:\/\/mops.malbork.pl\/index.php?rest_route=%2Fwp%2Fv2%2Fmedia&parent=50"}],"curies":[{"name":"wp","href":"https:\/\/api.w.org\/{rel}","templated":true}]}}