{"id":47,"date":"2015-02-09T21:04:38","date_gmt":"2015-02-09T21:04:38","guid":{"rendered":"http:\/\/mops1.home.pl\/mops2015\/?page_id=47"},"modified":"2021-08-31T17:28:04","modified_gmt":"2021-08-31T15:28:04","slug":"zasilek-rodzinny","status":"publish","type":"page","link":"https:\/\/mops.malbork.pl\/?page_id=47","title":{"rendered":"Zasi\u0142ek Rodzinny"},"content":{"rendered":"<p>Zasi\u0142ek przys\u0142uguje rodzicom, jednemu z rodzic\u00f3w, opiekunowi prawnemu dziecka, opiekunowi faktycznemu dziecka, osobie ucz\u0105cej si\u0119 (oznacza to osob\u0119 pe\u0142noletni\u0105 ucz\u0105c\u0105 si\u0119, niepozostaj\u0105c\u0105 na utrzymaniu rodzic\u00f3w w zwi\u0105zku z ich \u015bmierci\u0105 lub\u00a0z zas\u0105dzeniem od\u00a0rodzic\u00f3w na jej rzecz aliment\u00f3w), je\u017celi doch\u00f3d rodziny w\u00a0przeliczeniu na osob\u0119 albo doch\u00f3d osoby ucz\u0105cej si\u0119\u00a0nie przekracza kwoty 674,00 z\u0142, a\u00a0w\u00a0przypadku gdy cz\u0142onkiem rodziny jest dziecko legitymuj\u0105ce si\u0119 orzeczeniem o\u00a0niepe\u0142nosprawno\u015bci lub orzeczeniem o umiarkowanym albo\u00a0o znacznym stopniu niepe\u0142nosprawno\u015bci, kwoty 764,00 z\u0142.<\/p>\n<p>W okresie zasi\u0142kowym, trwaj\u0105cym <strong>od 1 listopada bie\u017c\u0105cego roku do 31 pa\u017adziernika kolejnego roku<\/strong> nale\u017cy udokumentowa\u0107 doch\u00f3d osi\u0105gni\u0119ty przez cz\u0142onk\u00f3w rodziny z roku poprzedzaj\u0105cego bie\u017c\u0105cy rok.<\/p>\n<p>W przypadku utraty dochodu przez cz\u0142onka rodziny, osob\u0119 ucz\u0105c\u0105 si\u0119\u00a0lub dziecko pozostaj\u0105ce pod opiek\u0105 opiekuna prawnego w roku kalendarzowym poprzedzaj\u0105cym okres zasi\u0142kowy lub po tym roku, ustalaj\u0105c ich doch\u00f3d, nie uwzgl\u0119dnia si\u0119 dochodu utraconego.<\/p>\n<p>W przypadku uzyskania dochodu przez cz\u0142onka rodziny, osob\u0119 ucz\u0105c\u0105 si\u0119\u00a0lub dziecko pozostaj\u0105ce pod opiek\u0105 opiekuna prawnego w roku kalendarzowym poprzedzaj\u0105cym okres zasi\u0142kowy, ustalaj\u0105c doch\u00f3d cz\u0142onka rodziny, osoby ucz\u0105cej si\u0119\u00a0lub dziecka pozostaj\u0105cego pod opiek\u0105 opiekuna prawnego, uzyskany w tym roku doch\u00f3d dzieli si\u0119 przez liczb\u0119 miesi\u0119cy, w kt\u00f3rych doch\u00f3d ten zosta\u0142 osi\u0105gni\u0119ty, je\u017celi doch\u00f3d ten jest uzyskiwany w dniu ustalania prawa do \u015bwiadcze\u0144 rodzinnych.<\/p>\n<p>W przypadku uzyskania dochodu przez cz\u0142onka rodziny, osob\u0119 ucz\u0105c\u0105 si\u0119\u00a0lub dziecko pozostaj\u0105ce pod opiek\u0105 opiekuna prawnego po roku kalendarzowym poprzedzaj\u0105cym okres zasi\u0142kowy doch\u00f3d ich ustala si\u0119 na podstawie dochodu cz\u0142onka rodziny, dochodu osoby ucz\u0105cej si\u0119\u00a0lub dochodu dziecka pozostaj\u0105cego pod opiek\u0105 opiekuna prawnego, powi\u0119kszonego o kwot\u0119 uzyskanego dochodu z miesi\u0105ca nast\u0119puj\u0105cego po miesi\u0105cu, w kt\u00f3rym doch\u00f3d zosta\u0142 osi\u0105gni\u0119ty, je\u017celi doch\u00f3d ten jest uzyskiwany w dniu ustalania prawa do \u015bwiadcze\u0144 rodzinnych.<\/p>\n<p>\u00a0<\/p>\n<p><strong>Zasi\u0142ek rodzinny przys\u0142uguje do uko\u0144czenia przez dziecko:<\/strong><\/p>\n<ol>\n<li>18 roku \u017cycia lub<\/li>\n<li>nauki w szkole (ale nie w szkole wy\u017cszej), jednak nie d\u0142u\u017cej ni\u017c do uko\u0144czenia 21 roku \u017cycia,<\/li>\n<li>24 roku \u017cycia, je\u017celi kontynuuje nauk\u0119\u00a0w szkole lub\u00a0w szkole wy\u017cszej i legitymuje si\u0119 orzeczeniem o umiarkowanym albo znacznym stopniu niepe\u0142nosprawno\u015bci.<\/li>\n<li>zasi\u0142ek rodzinny przys\u0142uguje osobie ucz\u0105cej si\u0119 (oznacza to osob\u0119 pe\u0142noletni\u0105 ucz\u0105c\u0105 si\u0119, niepozostaj\u0105c\u0105 na utrzymaniu rodzic\u00f3w w zwi\u0105zku z ich \u015bmierci\u0105 lub\u00a0z zas\u0105dzeniem od\u00a0rodzic\u00f3w na jej rzecz aliment\u00f3w) w szkole lub\u00a0w szkole wy\u017cszej, jednak nie d\u0142u\u017cej ni\u017c do uko\u0144czenia 24 roku \u017cycia.<\/li>\n<\/ol>\n<p>\u00a0<\/p>\n<p><strong>Zasi\u0142ek nie przys\u0142uguje, je\u015bli:<\/strong><\/p>\n<ul>\n<li>dziecko lub osoba ucz\u0105ca si\u0119 pozostaj\u0105 w zwi\u0105zku ma\u0142\u017ce\u0144skim;<\/li>\n<li>dziecko zosta\u0142o umieszczone w instytucji zapewniaj\u0105cej ca\u0142odobowe utrzymanie albo\u00a0w pieczy zast\u0119pczej;<\/li>\n<li>osoba ucz\u0105ca si\u0119 zosta\u0142a umieszczona w instytucji zapewniaj\u0105cej ca\u0142odobowe utrzymanie;<\/li>\n<li>pe\u0142noletnie dziecko lub osoba ucz\u0105ca si\u0119 jest uprawniona do zasi\u0142ku rodzinnego na w\u0142asne dziecko.<\/li>\n<\/ul>\n<p>\u00a0<\/p>\n<p><strong>UWAGA!<\/strong> Zasi\u0142ek rodzinny nie przys\u0142uguje tak\u017ce osobie samotnie wychowuj\u0105cej dziecko, je\u017celi nie zosta\u0142o zas\u0105dzone \u015bwiadczenie alimentacyjne na rzecz dziecka od drugiego rodzica, chyba \u017ce:<\/p>\n<ul>\n<li>rodzice lub jedno z rodzic\u00f3w dziecka nie \u017cyje,<\/li>\n<li>ojciec dziecka jest nieznany,<\/li>\n<li>pow\u00f3dztwo o ustalenie \u015bwiadczenia alimentacyjnego od drugiego z rodzic\u00f3w zosta\u0142o oddalone,<\/li>\n<li>s\u0105d zobowi\u0105za\u0142 jednego z rodzic\u00f3w do ponoszenia ca\u0142kowitych koszt\u00f3w utrzymania dziecka i\u00a0nie zobowi\u0105za\u0142 drugiego z rodzic\u00f3w do \u015bwiadczenia alimentacyjnego na rzecz tego dziecka.<\/li>\n<\/ul>\n<p>\u00a0<\/p>\n<p><strong>Niezb\u0119dne dokumenty:<\/strong><\/p>\n<p>\u00a0<\/p>\n<p>1. za\u015bwiadczenie albo o\u015bwiadczenie o ucz\u0119szczaniu dziecka do szko\u0142y lub szko\u0142y wy\u017cszej,<\/p>\n<p>\u00a0<\/p>\n<p><br \/>2. dokumenty stwierdzaj\u0105ce wysoko\u015b\u0107 dochodu rodziny w roku kalendarzowym poprzedzaj\u0105cym okres zasi\u0142kowy,<\/p>\n<p>\u00a0<\/p>\n<p><br \/>3. za\u015bwiadczenia lub o\u015bwiadczenia dokumentuj\u0105ce wysoko\u015b\u0107 innych dochod\u00f3w ni\u017c dochody podlegaj\u0105ce opodatkowaniu podatkiem dochodowym od os\u00f3b fizycznych na zasadach okre\u015blonych w art. 27, art. 30b, art. 30c, art. 30e i art. 30f ustawy z dnia 26 lipca 1991 r. o podatku dochodowym od os\u00f3b fizycznych, dotycz\u0105ce ka\u017cdego cz\u0142onka rodziny,<\/p>\n<p>\u00a0<\/p>\n<p><br \/>4. za\u015bwiadczenie w\u0142a\u015bciwego organu gminy, nakaz p\u0142atniczy albo o\u015bwiadczenie o wielko\u015bci gospodarstwa rolnego wyra\u017conej w hektarach przeliczeniowych og\u00f3lnej powierzchni w roku kalendarzowym poprzedzaj\u0105cym okres zasi\u0142kowy,<\/p>\n<p>\u00a0<\/p>\n<p><br \/>5. umow\u0119 dzier\u017cawy \u2013 w przypadku oddania cz\u0119\u015bci lub ca\u0142o\u015bci znajduj\u0105cego si\u0119 w posiadaniu rodziny gospodarstwa rolnego w dzier\u017caw\u0119,<\/p>\n<p>\u00a0<\/p>\n<p><br \/>6. umow\u0119 zawart\u0105 w formie aktu notarialnego \u2013 w przypadku wniesienia gospodarstwa rolnego do u\u017cytkowania przez rolnicz\u0105 sp\u00f3\u0142dzielni\u0119 produkcyjn\u0105,<\/p>\n<p>\u00a0<\/p>\n<p><br \/>7. odpis podlegaj\u0105cego wykonaniu orzeczenia s\u0105du zas\u0105dzaj\u0105cego alimenty na rzecz os\u00f3b w rodzinie lub poza rodzin\u0105 lub odpis protoko\u0142u posiedzenia zawieraj\u0105cego tre\u015b\u0107 ugody s\u0105dowej, lub odpis zatwierdzonej przez s\u0105d ugody zawartej przed mediatorem, zobowi\u0105zuj\u0105cych do aliment\u00f3w na rzecz os\u00f3b w rodzinie lub poza rodzin\u0105,<\/p>\n<p>\u00a0<\/p>\n<p><br \/>8. przekazy lub przelewy pieni\u0119\u017cne dokumentuj\u0105ce wysoko\u015b\u0107 zap\u0142aconych aliment\u00f3w,<\/p>\n<p>\u00a0<\/p>\n<p><br \/>9. w przypadku gdy osoba uprawniona nie otrzyma\u0142a aliment\u00f3w albo otrzyma\u0142a je w wysoko\u015bci ni\u017cszej od ustalonej w wyroku s\u0105du, ugodzie s\u0105dowej lub ugodzie zawartej przed mediatorem:<\/p>\n<p>a) za\u015bwiadczenie organu prowadz\u0105cego post\u0119powanie egzekucyjne o ca\u0142kowitej lub cz\u0119\u015bciowej bezskuteczno\u015bci egzekucji aliment\u00f3w, a tak\u017ce o wysoko\u015bci wyegzekwowanych aliment\u00f3w, lub<\/p>\n<p>b) informacj\u0119 w\u0142a\u015bciwego s\u0105du lub w\u0142a\u015bciwej instytucji o podj\u0119ciu przez osob\u0119 uprawnion\u0105 czynno\u015bci zwi\u0105zanych z wykonaniem tytu\u0142u wykonawczego za granic\u0105 albo\u00a0o niepodj\u0119ciu tych czynno\u015bci, w szczeg\u00f3lno\u015bci w zwi\u0105zku z brakiem podstawy prawnej do ich podj\u0119cia lub brakiem mo\u017cliwo\u015bci wskazania przez osob\u0119 uprawnion\u0105 miejsca zamieszkania d\u0142u\u017cnika alimentacyjnego za granic\u0105, je\u017celi d\u0142u\u017cnik zamieszkuje za granic\u0105,<\/p>\n<p>\u00a0<\/p>\n<p><br \/>10. dokument okre\u015blaj\u0105cy dat\u0119 utraty dochodu oraz miesi\u0119czn\u0105 wysoko\u015b\u0107 utraconego dochodu,<\/p>\n<p>\u00a0<\/p>\n<p><br \/>11. dokument okre\u015blaj\u0105cy wysoko\u015b\u0107 dochodu uzyskanego przez cz\u0142onka rodziny oraz liczb\u0119 miesi\u0119cy, w kt\u00f3rych doch\u00f3d by\u0142 osi\u0105gany \u2013 w przypadku uzyskania dochodu w roku kalendarzowym poprzedzaj\u0105cym okres zasi\u0142kowy,<\/p>\n<p>\u00a0<\/p>\n<p><br \/>12. dokument okre\u015blaj\u0105cy wysoko\u015b\u0107 dochodu uzyskanego przez cz\u0142onka rodziny z miesi\u0105ca nast\u0119puj\u0105cego po miesi\u0105cu, w kt\u00f3rym doch\u00f3d zosta\u0142 osi\u0105gni\u0119ty \u2013 w przypadku uzyskania dochodu po roku kalendarzowym poprzedzaj\u0105cym okres zasi\u0142kowy,<\/p>\n<p>\u00a0<\/p>\n<p><br \/>13. akty zgonu rodzic\u00f3w lub odpis podlegaj\u0105cego wykonaniu wyroku zas\u0105dzaj\u0105cego alimenty lub odpis protoko\u0142u posiedzenia zawieraj\u0105cego tre\u015b\u0107 ugody s\u0105dowej, lub odpis zatwierdzonej przez s\u0105d ugody zawartej przed mediatorem, zobowi\u0105zuj\u0105cych do aliment\u00f3w \u2013 w przypadku osoby ucz\u0105cej si\u0119,<\/p>\n<p>\u00a0<\/p>\n<p><br \/>14. kart\u0119 pobytu \u2212 w przypadku cudzoziemca;<\/p>\n<p>15. odpis prawomocnego orzeczenia s\u0105du orzekaj\u0105cego rozw\u00f3d lub separacj\u0119 albo odpis zupe\u0142ny lub skr\u00f3cony aktu zgonu ma\u0142\u017conka lub rodzica dziecka \u2212 w przypadku osoby samotnie wychowuj\u0105cej dziecko,<\/p>\n<p>\u00a0<\/p>\n<p><br \/>16. odpis zupe\u0142ny aktu urodzenia \u2013 w przypadku, gdy ojciec jest nieznany,<\/p>\n<p>\u00a0<\/p>\n<p><br \/>17. odpis prawomocnego wyroku oddalaj\u0105cego pow\u00f3dztwo o ustalenie aliment\u00f3w,<\/p>\n<p>\u00a0<\/p>\n<p><br \/>18. orzeczenie s\u0105du zobowi\u0105zuj\u0105ce jednego z rodzic\u00f3w do ponoszenia ca\u0142kowitych koszt\u00f3w utrzymania dziecka,<\/p>\n<p>\u00a0<\/p>\n<p><br \/>19. odpis prawomocnego postanowienia s\u0105du orzekaj\u0105cego przysposobienie lub za\u015bwiadczenie s\u0105du opieku\u0144czego lub o\u015brodka adopcyjnego o prowadzonym post\u0119powaniu s\u0105dowym w sprawie o przysposobienie dziecka,<\/p>\n<p>\u00a0<\/p>\n<p><br \/>20. orzeczenie s\u0105du o ustaleniu opiekuna prawnego dziecka,<\/p>\n<p>\u00a0<\/p>\n<p><br \/>21. inne dokumenty i o\u015bwiadczenia, niezb\u0119dne do ustalenia prawa do zasi\u0142ku rodzinnego oraz dodatk\u00f3w do zasi\u0142ku rodzinnego.<\/p>\n<p>\u00a0<\/p>\n<p><br \/><strong>W przypadku dodatku do zasi\u0142ku rodzinnego z tytu\u0142u urodzenia dziecka:<\/strong><\/p>\n<p>za\u015bwiadczenie lekarskie lub za\u015bwiadczenie wystawione przez po\u0142o\u017cn\u0105 potwierdzaj\u0105ce, \u017ce matka dziecka pozostawa\u0142a pod opiek\u0105 medyczn\u0105 nie p\u00f3\u017aniej ni\u017c od 10 tygodnia ci\u0105\u017cy do porodu.<\/p>\n<p>\u00a0<\/p>\n<p><br \/><strong>W przypadku dodatku do zasi\u0142ku rodzinnego z tytu\u0142u opieki nad dzieckiem w okresie korzystania z urlopu wychowawczego:<\/strong><\/p>\n<p>a) za\u015bwiadczenie lub o\u015bwiadczenie o terminie i okresie, na jaki zosta\u0142 udzielony urlop wychowawczy, oraz o co najmniej sze\u015bciomiesi\u0119cznym okresie pozostawania w stosunku pracy bezpo\u015brednio przed uzyskaniem prawa do urlopu wychowawczego;<\/p>\n<p>b) inne dokumenty, w tym o\u015bwiadczenia, niezb\u0119dne do ustalenia prawa do dodatku do zasi\u0142ku rodzinnego z tytu\u0142u opieki nad dzieckiem w okresie korzystania z urlopu wychowawczego.<\/p>\n<p>\u00a0<\/p>\n<p><br \/><strong>W przypadku dodatku do zasi\u0142ku rodzinnego z tytu\u0142u rozpocz\u0119cia roku szkolnego:<\/strong><\/p>\n<p>o\u015bwiadczenie o ucz\u0119szczaniu dziecka do szko\u0142y ponadpodstawowej lub ponadgimnazjalnej.<\/p>\n<p>\u00a0<\/p>\n<p><br \/><strong>W przypadku dodatku do zasi\u0142ku rodzinnego z tytu\u0142u podj\u0119cia przez dziecko nauki w szkole poza miejscem zamieszkania:<\/strong><\/p>\n<p>za\u015bwiadczenie lub o\u015bwiadczenie potwierdzaj\u0105ce tymczasowe zameldowanie ucznia poza miejscem zamieszkania.<\/p>\n<p>\u00a0<\/p>\n<p><br \/><strong>W przypadku, gdy okoliczno\u015bci sprawy maj\u0105ce wp\u0142yw na prawo do zasi\u0142ku rodzinnego wymagaj\u0105 potwierdzenia innym dokumentem ni\u017c wy\u017cej wymienione, pracownik Sekcji \u015awiadcze\u0144 Rodzinnych mo\u017ce domaga\u0107 si\u0119 takiego dokumentu<\/strong><\/p>\n\n\n<p><\/p>\n","protected":false},"excerpt":{"rendered":"<p>Zasi\u0142ek przys\u0142uguje rodzicom, jednemu z rodzic\u00f3w, opiekunowi prawnemu dziecka, opiekunowi faktycznemu dziecka, osobie ucz\u0105cej si\u0119 (oznacza to osob\u0119 pe\u0142noletni\u0105 ucz\u0105c\u0105 si\u0119, niepozostaj\u0105c\u0105 na utrzymaniu rodzic\u00f3w w zwi\u0105zku z ich \u015bmierci\u0105 lub\u00a0z zas\u0105dzeniem od\u00a0rodzic\u00f3w na jej rzecz aliment\u00f3w), je\u017celi doch\u00f3d rodziny w\u00a0przeliczeniu na osob\u0119 albo doch\u00f3d osoby ucz\u0105cej si\u0119\u00a0nie przekracza kwoty 674,00 z\u0142, a\u00a0w\u00a0przypadku gdy cz\u0142onkiem [&hellip;]<\/p>\n","protected":false},"author":1,"featured_media":0,"parent":43,"menu_order":1,"comment_status":"closed","ping_status":"open","template":"","meta":{"footnotes":""},"class_list":["post-47","page","type-page","status-publish","hentry"],"_links":{"self":[{"href":"https:\/\/mops.malbork.pl\/index.php?rest_route=\/wp\/v2\/pages\/47","targetHints":{"allow":["GET"]}}],"collection":[{"href":"https:\/\/mops.malbork.pl\/index.php?rest_route=\/wp\/v2\/pages"}],"about":[{"href":"https:\/\/mops.malbork.pl\/index.php?rest_route=\/wp\/v2\/types\/page"}],"author":[{"embeddable":true,"href":"https:\/\/mops.malbork.pl\/index.php?rest_route=\/wp\/v2\/users\/1"}],"replies":[{"embeddable":true,"href":"https:\/\/mops.malbork.pl\/index.php?rest_route=%2Fwp%2Fv2%2Fcomments&post=47"}],"version-history":[{"count":14,"href":"https:\/\/mops.malbork.pl\/index.php?rest_route=\/wp\/v2\/pages\/47\/revisions"}],"predecessor-version":[{"id":1611,"href":"https:\/\/mops.malbork.pl\/index.php?rest_route=\/wp\/v2\/pages\/47\/revisions\/1611"}],"up":[{"embeddable":true,"href":"https:\/\/mops.malbork.pl\/index.php?rest_route=\/wp\/v2\/pages\/43"}],"wp:attachment":[{"href":"https:\/\/mops.malbork.pl\/index.php?rest_route=%2Fwp%2Fv2%2Fmedia&parent=47"}],"curies":[{"name":"wp","href":"https:\/\/api.w.org\/{rel}","templated":true}]}}