{"id":335,"date":"2017-07-04T12:30:00","date_gmt":"2017-07-04T12:30:00","guid":{"rendered":"http:\/\/mops1.home.pl\/mops2015\/?page_id=335"},"modified":"2024-06-10T15:50:47","modified_gmt":"2024-06-10T13:50:47","slug":"wydawanie-drukow-oraz-przyjmowanie-wnioskow","status":"publish","type":"page","link":"https:\/\/mops.malbork.pl\/?page_id=335","title":{"rendered":"Wydawanie druk\u00f3w oraz przyjmowanie wniosk\u00f3w"},"content":{"rendered":"\n<div style=\"height:14px\" aria-hidden=\"true\" class=\"wp-block-spacer\"><\/div>\n\n\n\n<p>MIEJSKI O\u015aRODEK POMOCY SPO\u0141ECZNEJ W MALBORKU \u2013 Sekcja \u015awiadcze\u0144 Rodzinnych informuje:<\/p>\n\n\n\n<p>wnioski o ustalenie uprawnie\u0144 na okres zasi\u0142kowy 2024\/2025 ws:<\/p>\n\n\n\n<ul class=\"wp-block-list\">\n<li>\u015bwiadcze\u0144 rodzinnych<\/li>\n\n\n\n<li>\u015bwiadcze\u0144 z funduszu alimentacyjnego<\/li>\n\n\n\n<li>specjalnego zasi\u0142ku opieku\u0144czego<\/li>\n<\/ul>\n\n\n\n<div style=\"height:29px\" aria-hidden=\"true\" class=\"wp-block-spacer\"><\/div>\n\n\n\n<p>od dnia 1 lipca 2024 r. do 31 lipca 2024 r. mo\u017cna sk\u0142ada\u0107 tylko <strong>w formie elektronicznej <\/strong>za pomoc\u0105 system\u00f3w teleinformatycznych tj. utworzonego przez ministra ds rodziny (<a href=\"https:\/\/empatia.mpips.gov.pl\/\">empatia<\/a>).<\/p>\n\n\n\n<div style=\"height:28px\" aria-hidden=\"true\" class=\"wp-block-spacer\"><\/div>\n\n\n\n<p>Przyjmowanie wniosk\u00f3w papierowych na okres zasi\u0142kowy 2024 \/ 2025 odbywa si\u0119 <strong>od dnia 1 sierpnia 2024 r. w Sekcji \u015awiadcze\u0144 Rodzinnych<\/strong>.<\/p>\n\n\n\n<div style=\"height:18px\" aria-hidden=\"true\" class=\"wp-block-spacer\"><\/div>\n\n\n\n<p><br>\u2022 poniedzia\u0142ek: 8.00 do 14.00<br>\u2022 wtorek: 8.00 do 14.00<br>\u2022 \u015broda: 8.00 do 14.00<br>\u2022 czwartek: 8.00 do 14.00<br>\u2022 pi\u0105tek: nieczynne (praca administracyjna)<\/p>\n\n\n\n<div style=\"height:22px\" aria-hidden=\"true\" class=\"wp-block-spacer\"><\/div>\n\n\n\n<p><strong>Przyjmowanie poprawnie wype\u0142nionych wniosk\u00f3w (innych wymaganych dokument\u00f3w, korespondencji) <\/strong>oraz za\u0142atwianie spraw odbywa\u0107 b\u0119dzie si\u0119 r\u00f3wnie\u017c:<\/p>\n\n\n\n<ul class=\"wp-block-list\">\n<li>poprzez wrzucanie do skrzynki znajduj\u0105cej si\u0119 w holu Sekcji \u015awiadcze\u0144 Rodzinnych (brak uzyskania potwierdzenia odbioru dokument\u00f3w przez pracownika),<\/li>\n\n\n\n<li>za po\u015brednictwem poczty tradycyjnej przesy\u0142aj\u0105c korespondencj\u0119 na adres:<br><strong><em>Miejski O\u015brodek Pomocy Spo\u0142ecznej , 82-200 Malbork ul. J. S\u0142owackiego 74<\/em><\/strong><\/li>\n\n\n\n<li>osobi\u015bcie <strong>w sekretariacie tut. MOPS (pok\u00f3j nr 12, II pi\u0119tro) ul. S\u0142owackiego 74<\/strong><\/li>\n<\/ul>\n\n\n\n<div style=\"height:20px\" aria-hidden=\"true\" class=\"wp-block-spacer\"><\/div>\n\n\n\n<p>Druki mo\u017cna pobra\u0107 w holu Sekcji \u015awiadcze\u0144 Rodzinnych oraz ze strony <a href=\"https:\/\/www.gov.pl\/web\/rodzina\/wzory-wnioskow-o-swiadczenia-dla-rodzin-aktualizacja-na-dzien-29052018-r-do-stosowania-takze-na-okres-20182019\">Ministerstwa Rodziny Pracy i Polityki Spo\u0142ecznej<\/a>.<\/p>\n\n\n\n<div style=\"height:27px\" aria-hidden=\"true\" class=\"wp-block-spacer\"><\/div>\n\n\n\n<p><strong>MIEJSKI O\u015aRODEK POMOCY SPO\u0141ECZNEJ W MALBORKU \u2013 Sekcja \u015awiadcze\u0144 Rodzinnych<\/strong><\/p>\n\n\n\n<p>Pl. S\u0142owia\u0144ski 17 82-200 Malbork<\/p>\n\n\n\n<div style=\"height:23px\" aria-hidden=\"true\" class=\"wp-block-spacer\"><\/div>\n\n\n\n<p>pok\u00f3j nr 4:<\/p>\n\n\n\n<ul class=\"wp-block-list\">\n<li>\u015bwiadczenia z funduszu alimentacyjnego literki A \u2013 K, post\u0119powanie wobec d\u0142u\u017cnik\u00f3w alimentacyjnych \u2013 tel. 647-16-11<\/li>\n\n\n\n<li>\u015bwiadczenia z funduszu alimentacyjnego literki L \u2013 \u017b, post\u0119powanie wobec d\u0142u\u017cnik\u00f3w alimentacyjnych \u2013 tel. 647-16-05<\/li>\n<\/ul>\n\n\n\n<div style=\"height:21px\" aria-hidden=\"true\" class=\"wp-block-spacer\"><\/div>\n\n\n\n<p>pok\u00f3j nr 5:<br>\u015bwiadczenia rodzinne, \u015bwiadczenie rodzicielskie<\/p>\n\n\n\n<ul class=\"wp-block-list\">\n<li>literki A \u2013 \u017b \u2013 tel. 647-16-06<\/li>\n<\/ul>\n\n\n\n<div style=\"height:22px\" aria-hidden=\"true\" class=\"wp-block-spacer\"><\/div>\n\n\n\n<p>pok\u00f3j nr 5:<br>zasi\u0142ek piel\u0119gnacyjny, jednorazowa zapomoga, Karta Du\u017cej Rodziny, jednorazowe \u015bwiadczenie \u201eZa \u017cyciem\u201d \u2013 tel.\/fax 647-16-08<\/p>\n\n\n\n<div style=\"height:24px\" aria-hidden=\"true\" class=\"wp-block-spacer\"><\/div>\n\n\n\n<p>pok\u00f3j nr 17:<br>\u015bwiadczenia piel\u0119gnacyjne, specjalny zasi\u0142ek opieku\u0144czy, zasi\u0142ek dla opiekuna, nienale\u017cnie pobrane \u015bwiadczenia, koordynacja system\u00f3w zabezpieczenia spo\u0142ecznego, \u015bwiadczenie 500+ \u2013 tel. 647-16-12<\/p>\n\n\n\n<div style=\"height:26px\" aria-hidden=\"true\" class=\"wp-block-spacer\"><\/div>\n\n\n\n<ul class=\"wp-block-list\">\n<li><a href=\"https:\/\/mops.malbork.pl\/wp-content\/uploads\/2023\/06\/harmonogram-2023-2024.pdf\">HARMONOGRAM WYP\u0141AT 2023 \/ 2024<\/a><\/li>\n\n\n\n<li><a href=\"https:\/\/mops.malbork.pl\/wp-content\/uploads\/2024\/06\/harmonogram-2024-2025.pdf\">HARMONOGRAM WYP\u0141AT 2024 \/ 2025<\/a><\/li>\n<\/ul>\n\n\n\n<p><\/p>\n","protected":false},"excerpt":{"rendered":"<p>MIEJSKI O\u015aRODEK POMOCY SPO\u0141ECZNEJ W MALBORKU \u2013 Sekcja \u015awiadcze\u0144 Rodzinnych informuje: wnioski o ustalenie uprawnie\u0144 na okres zasi\u0142kowy 2024\/2025 ws: od dnia 1 lipca 2024 r. do 31 lipca 2024 r. mo\u017cna sk\u0142ada\u0107 tylko w formie elektronicznej za pomoc\u0105 system\u00f3w teleinformatycznych tj. utworzonego przez ministra ds rodziny (empatia). Przyjmowanie wniosk\u00f3w papierowych na okres zasi\u0142kowy 2024 [&hellip;]<\/p>\n","protected":false},"author":2,"featured_media":0,"parent":6,"menu_order":0,"comment_status":"closed","ping_status":"closed","template":"","meta":{"footnotes":""},"class_list":["post-335","page","type-page","status-publish","hentry"],"_links":{"self":[{"href":"https:\/\/mops.malbork.pl\/index.php?rest_route=\/wp\/v2\/pages\/335","targetHints":{"allow":["GET"]}}],"collection":[{"href":"https:\/\/mops.malbork.pl\/index.php?rest_route=\/wp\/v2\/pages"}],"about":[{"href":"https:\/\/mops.malbork.pl\/index.php?rest_route=\/wp\/v2\/types\/page"}],"author":[{"embeddable":true,"href":"https:\/\/mops.malbork.pl\/index.php?rest_route=\/wp\/v2\/users\/2"}],"replies":[{"embeddable":true,"href":"https:\/\/mops.malbork.pl\/index.php?rest_route=%2Fwp%2Fv2%2Fcomments&post=335"}],"version-history":[{"count":37,"href":"https:\/\/mops.malbork.pl\/index.php?rest_route=\/wp\/v2\/pages\/335\/revisions"}],"predecessor-version":[{"id":2240,"href":"https:\/\/mops.malbork.pl\/index.php?rest_route=\/wp\/v2\/pages\/335\/revisions\/2240"}],"up":[{"embeddable":true,"href":"https:\/\/mops.malbork.pl\/index.php?rest_route=\/wp\/v2\/pages\/6"}],"wp:attachment":[{"href":"https:\/\/mops.malbork.pl\/index.php?rest_route=%2Fwp%2Fv2%2Fmedia&parent=335"}],"curies":[{"name":"wp","href":"https:\/\/api.w.org\/{rel}","templated":true}]}}