{"id":2480,"date":"2026-03-10T20:40:29","date_gmt":"2026-03-10T18:40:29","guid":{"rendered":"https:\/\/mops.malbork.pl\/?page_id=2480"},"modified":"2026-03-10T20:40:29","modified_gmt":"2026-03-10T18:40:29","slug":"opieka-wytchnieniowa-edycja-2026","status":"publish","type":"page","link":"https:\/\/mops.malbork.pl\/?page_id=2480","title":{"rendered":"Opieka Wytchnieniowa &#8211; edycja 2026"},"content":{"rendered":"\n<figure class=\"wp-block-image\"><a href=\"https:\/\/mops.malbork.pl\/wp-content\/uploads\/2026\/03\/baner-mrips-opieka-mops.jpg\"><img loading=\"lazy\" decoding=\"async\" width=\"781\" height=\"123\" src=\"https:\/\/mops.malbork.pl\/wp-content\/uploads\/2026\/03\/baner-mrips-opieka-mops.jpg\" alt=\"\" class=\"wp-image-2465\" srcset=\"https:\/\/mops.malbork.pl\/wp-content\/uploads\/2026\/03\/baner-mrips-opieka-mops.jpg 781w, https:\/\/mops.malbork.pl\/wp-content\/uploads\/2026\/03\/baner-mrips-opieka-mops-300x47.jpg 300w, https:\/\/mops.malbork.pl\/wp-content\/uploads\/2026\/03\/baner-mrips-opieka-mops-768x121.jpg 768w\" sizes=\"auto, (max-width: 781px) 100vw, 781px\" \/><\/a><\/figure>\n\n\n\n<p>Miejski O\u015brodek Pomocy Spo\u0142ecznej w Malborku informuje, \u017ce realizuje \u201e<strong>Opieka Wytchnieniowa dla Jednostek Samorz\u0105du Terytorialnego \u2013 edycja 2026<\/strong>\u201d<\/p>\n\n\n\n<div style=\"height:20px\" aria-hidden=\"true\" class=\"wp-block-spacer\"><\/div>\n\n\n\n<p>\u0179r\u00f3d\u0142o finansowania Programu to \u015brodki z Funduszu Solidarno\u015bciowego zgodnie z zasadami okre\u015blonymi w Programie oraz umowie z Wojewod\u0105 Pomorskim.<\/p>\n\n\n\n<div style=\"height:18px\" aria-hidden=\"true\" class=\"wp-block-spacer\"><\/div>\n\n\n\n<p>Podstaw\u0105 prawn\u0105 Programu jest art. 7 ust. 5 ustawy z dnia 23 pa\u017adziernika 2018 r. o Funduszu Solidarno\u015bciowym.<\/p>\n\n\n\n<div style=\"height:18px\" aria-hidden=\"true\" class=\"wp-block-spacer\"><\/div>\n\n\n\n<p>Czas trwania Programu:&nbsp;<strong>01.04.2026 r. \u2013 31.12.2026 r.<\/strong><\/p>\n\n\n\n<div style=\"height:23px\" aria-hidden=\"true\" class=\"wp-block-spacer\"><\/div>\n\n\n\n<p>Ca\u0142kowita warto\u015b\u0107 dofinansowania&nbsp;wynosi:&nbsp;<strong>756 800,00 z\u0142<\/strong><\/p>\n\n\n\n<div style=\"height:20px\" aria-hidden=\"true\" class=\"wp-block-spacer\"><\/div>\n\n\n\n<p>G\u0142\u00f3wnym celem Programu jest wsparcie cz\u0142onk\u00f3w rodzin lub opiekun\u00f3w sprawuj\u0105cych bezpo\u015bredni\u0105 opiek\u0119 nad:<\/p>\n\n\n\n<ol class=\"wp-block-list\">\n<li>dzie\u0107mi od uko\u0144czenia 2. roku \u017cycia do uko\u0144czenia 16. roku \u017cycia posiadaj\u0105cymi orzeczenie o niepe\u0142nosprawno\u015bci lub<\/li>\n\n\n\n<li>osobami niepe\u0142nosprawnymi posiadaj\u0105cymi:<\/li>\n<\/ol>\n\n\n\n<ul class=\"wp-block-list\">\n<li>orzeczenie o znacznym stopniu niepe\u0142nosprawno\u015bci albo<\/li>\n\n\n\n<li>orzeczenie traktowane na r\u00f3wni z orzeczeniem wymienionym w lit. a, zgodnie z art. 5 i art. 62 ustawy z dnia 27 sierpnia 1997 r. o rehabilitacji zawodowej i spo\u0142ecznej oraz zatrudnianiu os\u00f3b niepe\u0142nosprawnych (Dz. U. z 2024 r. poz. 44, z p\u00f3\u017an. zm.) poprzez umo\u017cliwienie uzyskania dora\u017anej, czasowej pomocy w formie us\u0142ugi opieki wytchnieniowej, tj. odci\u0105\u017cenie od codziennych obowi\u0105zk\u00f3w \u0142\u0105cz\u0105cych si\u0119 ze sprawowaniem opieki nad osob\u0105 z niepe\u0142nosprawno\u015bci\u0105 przez zapewnienie czasowego zast\u0119pstwa w tym zakresie.<\/li>\n<\/ul>\n\n\n\n<div style=\"height:20px\" aria-hidden=\"true\" class=\"wp-block-spacer\"><\/div>\n\n\n\n<p>Dzi\u0119ki temu wsparciu, osoby zaanga\u017cowane na co dzie\u0144 w sprawowanie opieki nad osob\u0105 z niepe\u0142nosprawno\u015bci\u0105 dysponowa\u0107 b\u0119d\u0105 czasem, kt\u00f3ry mog\u0105 przeznaczy\u0107 na odpoczynek i regeneracj\u0119, jak r\u00f3wnie\u017c na za\u0142atwienie niezb\u0119dnych spraw \u017cyciowych.<\/p>\n\n\n\n<div style=\"height:20px\" aria-hidden=\"true\" class=\"wp-block-spacer\"><\/div>\n\n\n\n<p>Us\u0142ugi opieki wytchnieniowej mog\u0105 s\u0142u\u017cy\u0107 r\u00f3wnie\u017c okresowemu zabezpieczeniu potrzeb osoby z niepe\u0142nosprawno\u015bci\u0105 w sytuacji, gdy cz\u0142onkowie rodzin lub opiekunowie z r\u00f3\u017cnych powod\u00f3w nie b\u0119d\u0105 mogli wykonywa\u0107 swoich obowi\u0105zk\u00f3w.<\/p>\n","protected":false},"excerpt":{"rendered":"<p>Miejski O\u015brodek Pomocy Spo\u0142ecznej w Malborku informuje, \u017ce realizuje \u201eOpieka Wytchnieniowa dla Jednostek Samorz\u0105du Terytorialnego \u2013 edycja 2026\u201d \u0179r\u00f3d\u0142o finansowania Programu to \u015brodki z Funduszu Solidarno\u015bciowego zgodnie z zasadami okre\u015blonymi w Programie oraz umowie z Wojewod\u0105 Pomorskim. Podstaw\u0105 prawn\u0105 Programu jest art. 7 ust. 5 ustawy z dnia 23 pa\u017adziernika 2018 r. o Funduszu Solidarno\u015bciowym. [&hellip;]<\/p>\n","protected":false},"author":3,"featured_media":0,"parent":1522,"menu_order":0,"comment_status":"closed","ping_status":"closed","template":"","meta":{"footnotes":""},"class_list":["post-2480","page","type-page","status-publish","hentry"],"_links":{"self":[{"href":"https:\/\/mops.malbork.pl\/index.php?rest_route=\/wp\/v2\/pages\/2480","targetHints":{"allow":["GET"]}}],"collection":[{"href":"https:\/\/mops.malbork.pl\/index.php?rest_route=\/wp\/v2\/pages"}],"about":[{"href":"https:\/\/mops.malbork.pl\/index.php?rest_route=\/wp\/v2\/types\/page"}],"author":[{"embeddable":true,"href":"https:\/\/mops.malbork.pl\/index.php?rest_route=\/wp\/v2\/users\/3"}],"replies":[{"embeddable":true,"href":"https:\/\/mops.malbork.pl\/index.php?rest_route=%2Fwp%2Fv2%2Fcomments&post=2480"}],"version-history":[{"count":1,"href":"https:\/\/mops.malbork.pl\/index.php?rest_route=\/wp\/v2\/pages\/2480\/revisions"}],"predecessor-version":[{"id":2481,"href":"https:\/\/mops.malbork.pl\/index.php?rest_route=\/wp\/v2\/pages\/2480\/revisions\/2481"}],"up":[{"embeddable":true,"href":"https:\/\/mops.malbork.pl\/index.php?rest_route=\/wp\/v2\/pages\/1522"}],"wp:attachment":[{"href":"https:\/\/mops.malbork.pl\/index.php?rest_route=%2Fwp%2Fv2%2Fmedia&parent=2480"}],"curies":[{"name":"wp","href":"https:\/\/api.w.org\/{rel}","templated":true}]}}