{"id":24,"date":"2015-02-07T22:28:55","date_gmt":"2015-02-07T22:28:55","guid":{"rendered":"http:\/\/mops1.home.pl\/mops2015\/?page_id=24"},"modified":"2015-02-10T01:05:39","modified_gmt":"2015-02-10T01:05:39","slug":"zasilek-okresowy","status":"publish","type":"page","link":"https:\/\/mops.malbork.pl\/?page_id=24","title":{"rendered":"Zasi\u0142ek Okresowy"},"content":{"rendered":"<p style=\"text-align: justify;\">\u015awiadczenie przys\u0142uguje na podstawie art. 38 ustawy o pomocy spo\u0142ecznej i adresowane jest do os\u00f3b i rodzin bez dochod\u00f3w lub o dochodach ni\u017cszych ni\u017c ustawowe kryterium oraz zasobach pieni\u0119\u017cnych nie wystarczaj\u0105cych na zaspokojenie niezb\u0119dnych potrzeb \u017cyciowych, zw\u0142aszcza ze wzgl\u0119du na d\u0142ugotrwa\u0142\u0105 chorob\u0119, niepe\u0142nosprawno\u015b\u0107, bezrobocie, mo\u017cliwo\u015b\u0107 nabycia uprawnie\u0144 do \u015bwiadcze\u0144 z innych system\u00f3w zabezpieczenia spo\u0142ecznego.<\/p>\n<p>Zasi\u0142ek okresowy ustala si\u0119:<\/p>\n<ul style=\"text-align: justify;\">\n<li>w przypadku osoby samotnie gospodaruj\u0105cej &#8211; do wysoko\u015bci r\u00f3\u017cnicy mi\u0119dzy kryterium dochodowym osoby samotnie gospodaruj\u0105cej a dochodem tej osoby, z tym \u017ce kwota zasi\u0142ku nie mo\u017ce by\u0107 wy\u017csza ni\u017c 418 z\u0142 miesi\u0119cznie;<\/li>\n<li>w przypadku rodziny &#8211; do wysoko\u015bci r\u00f3\u017cnicy mi\u0119dzy kryterium dochodowym rodziny a dochodem tej rodziny.<\/li>\n<\/ul>\n<p style=\"text-align: justify;\">Kwota tak ustalonego zasi\u0142ku okresowego nie mo\u017ce by\u0107 ni\u017csza ni\u017c 50 % r\u00f3\u017cnicy mi\u0119dzy:<\/p>\n<ul style=\"text-align: justify;\">\n<li>kryterium dochodowym osoby samotnie gospodaruj\u0105cej a dochodem tej osoby;<\/li>\n<li>kryterium dochodowym rodziny a dochodem tej rodziny.<\/li>\n<\/ul>\n<p style=\"text-align: justify;\">z tym, \u017ce zgodnie z art. 147 ustawy o pomocy spo\u0142ecznej<\/p>\n<p>W 2005 r. minimalna wysoko\u015b\u0107 zasi\u0142ku okresowego wynosi:<\/p>\n<ul style=\"text-align: justify;\">\n<li>w przypadku osoby samotnie gospodaruj\u0105cej &#8211; 30 % r\u00f3\u017cnicy mi\u0119dzy kryterium dochodowym osoby samotnie gospodaruj\u0105cej a dochodem tej osoby;<\/li>\n<li>w przypadku rodziny &#8211; 20 % r\u00f3\u017cnicy mi\u0119dzy kryterium dochodowym rodziny a dochodem rodziny.<\/li>\n<\/ul>\n<p style=\"text-align: justify;\">W 2006 r. i 2007 r. minimalna wysoko\u015b\u0107 zasi\u0142ku okresowego wynosi:<\/p>\n<ul style=\"text-align: justify;\">\n<li>w przypadku osoby samotnie gospodaruj\u0105cej &#8211; 35 % r\u00f3\u017cnicy mi\u0119dzy kryterium dochodowym osoby samotnie gospodaruj\u0105cej a dochodem tej osoby,<\/li>\n<li>w przypadku rodziny &#8211; 25 % r\u00f3\u017cnicy mi\u0119dzy kryterium dochodowym rodziny a dochodem rodziny.<\/li>\n<\/ul>\n<p style=\"text-align: justify;\">Kwota zasi\u0142ku okresowego nie mo\u017ce by\u0107 ni\u017csza ni\u017c 20 z\u0142. Okres, na jaki przyznane zostanie to \u015bwiadczenie, ustala o\u015brodek pomocy spo\u0142ecznej na podstawie okoliczno\u015bci sprawy. Wyp\u0142ata zasi\u0142ku jest zadaniem w\u0142asnym gminy, dotowanym z bud\u017cetu pa\u0144stwa przez najbli\u017csze 3 lata.<\/p>\n<p>\u015awiadczenie to mo\u017ce by\u0107 przyznane w szczeg\u00f3lnie uzasadnionych przypadkach osobie albo rodzinie o dochodach przekraczaj\u0105cych kryterium dochodowe, ale pod warunkiem zwrotu cz\u0119\u015bci lub ca\u0142o\u015bci kwoty zasi\u0142ku (art. 41 ustawy o pomocy spo\u0142ecznej<\/p>\n","protected":false},"excerpt":{"rendered":"<p>\u015awiadczenie przys\u0142uguje na podstawie art. 38 ustawy o pomocy spo\u0142ecznej i adresowane jest do os\u00f3b i rodzin bez dochod\u00f3w lub o dochodach ni\u017cszych ni\u017c ustawowe kryterium oraz zasobach pieni\u0119\u017cnych nie wystarczaj\u0105cych na zaspokojenie niezb\u0119dnych potrzeb \u017cyciowych, zw\u0142aszcza ze wzgl\u0119du na d\u0142ugotrwa\u0142\u0105 chorob\u0119, niepe\u0142nosprawno\u015b\u0107, bezrobocie, mo\u017cliwo\u015b\u0107 nabycia uprawnie\u0144 do \u015bwiadcze\u0144 z innych system\u00f3w zabezpieczenia spo\u0142ecznego. Zasi\u0142ek [&hellip;]<\/p>\n","protected":false},"author":1,"featured_media":0,"parent":20,"menu_order":2,"comment_status":"closed","ping_status":"open","template":"","meta":{"footnotes":""},"class_list":["post-24","page","type-page","status-publish","hentry"],"_links":{"self":[{"href":"https:\/\/mops.malbork.pl\/index.php?rest_route=\/wp\/v2\/pages\/24","targetHints":{"allow":["GET"]}}],"collection":[{"href":"https:\/\/mops.malbork.pl\/index.php?rest_route=\/wp\/v2\/pages"}],"about":[{"href":"https:\/\/mops.malbork.pl\/index.php?rest_route=\/wp\/v2\/types\/page"}],"author":[{"embeddable":true,"href":"https:\/\/mops.malbork.pl\/index.php?rest_route=\/wp\/v2\/users\/1"}],"replies":[{"embeddable":true,"href":"https:\/\/mops.malbork.pl\/index.php?rest_route=%2Fwp%2Fv2%2Fcomments&post=24"}],"version-history":[{"count":2,"href":"https:\/\/mops.malbork.pl\/index.php?rest_route=\/wp\/v2\/pages\/24\/revisions"}],"predecessor-version":[{"id":102,"href":"https:\/\/mops.malbork.pl\/index.php?rest_route=\/wp\/v2\/pages\/24\/revisions\/102"}],"up":[{"embeddable":true,"href":"https:\/\/mops.malbork.pl\/index.php?rest_route=\/wp\/v2\/pages\/20"}],"wp:attachment":[{"href":"https:\/\/mops.malbork.pl\/index.php?rest_route=%2Fwp%2Fv2%2Fmedia&parent=24"}],"curies":[{"name":"wp","href":"https:\/\/api.w.org\/{rel}","templated":true}]}}