{"id":2134,"date":"2024-01-04T18:48:23","date_gmt":"2024-01-04T16:48:23","guid":{"rendered":"https:\/\/mops.malbork.pl\/?page_id=2134"},"modified":"2025-03-21T17:43:22","modified_gmt":"2025-03-21T15:43:22","slug":"swiadczenie-pielegnacyjne-na-zasadach-od-01-01-2024-r","status":"publish","type":"page","link":"https:\/\/mops.malbork.pl\/?page_id=2134","title":{"rendered":"\u015awiadczenie piel\u0119gnacyjne na zasadach od 01.01.2024 r."},"content":{"rendered":"\n<p><strong>INFORMACJA O ZMIANACH W ZASADACH DOTYCZ\u0104CYCH UPRAWNIE\u0143 DO \u015aWIADCZENIA PIEL\u0118GNACYJNEGO<\/strong><\/p>\n\n\n\n<div style=\"height:26px\" aria-hidden=\"true\" class=\"wp-block-spacer\"><\/div>\n\n\n\n<p>W zwi\u0105zku z wej\u015bciem w \u017cycie ustawy z dnia 7 lipca 2023 r. o \u015bwiadczeniu wspieraj\u0105cym (Dz. U. z 2023 r. poz. 1429), zwanej dalej ustaw\u0105, pocz\u0105wszy <strong>od 1 stycznia 2024 r.<\/strong> ulegaj\u0105 zmianie przes\u0142anki do przyznania \u015bwiadczenia piel\u0119gnacyjnego.<\/p>\n\n\n\n<div style=\"height:19px\" aria-hidden=\"true\" class=\"wp-block-spacer\"><\/div>\n\n\n\n<p><strong>NOWE ZASADY OD 1 STYCZNIA 2024 <\/strong><strong>r<\/strong><strong>. &#8211; \u015aWIADCZENIE PIEL\u0118GNACYJNE<\/strong><\/p>\n\n\n\n<div style=\"height:20px\" aria-hidden=\"true\" class=\"wp-block-spacer\"><\/div>\n\n\n\n<p><strong>Pocz\u0105wszy od 1 stycznia 2024 r. <\/strong>\u015bwiadczenie piel\u0119gnacyjne przys\u0142ugiwa\u0107 b\u0119dzie:<\/p>\n\n\n\n<div style=\"height:18px\" aria-hidden=\"true\" class=\"wp-block-spacer\"><\/div>\n\n\n\n<p>1) matce albo ojcu<\/p>\n\n\n\n<p>2) innym osobom, na kt\u00f3rych zgodnie z Kodeksem rodzinnym i opieku\u0144czym ci\u0105\u017cy obowi\u0105zek alimentacyjny, a tak\u017ce ma\u0142\u017conkom,<\/p>\n\n\n\n<p>3) opiekunowi faktycznemu dziecka,<\/p>\n\n\n\n<p>4) rodzinie zast\u0119pczej, osobie prowadz\u0105cej rodzinny dom dziecka, dyrektorowi plac\u00f3wki opieku\u0144czowychowawczej, dyrektorowi regionalnej plac\u00f3wki opieku\u0144czo-terapeutycznej albo dyrektorowi interwencyjnego o\u015brodka preadopcyjnego<\/p>\n\n\n\n<div style=\"height:16px\" aria-hidden=\"true\" class=\"wp-block-spacer\"><\/div>\n\n\n\n<p>\u2013 <strong>je\u017celi sprawuj\u0105 opiek\u0119 nad osob\u0105 w wieku do uko\u0144czenia 18. roku \u017cycia<\/strong> legitymuj\u0105c\u0105 si\u0119 orzeczeniem o znacznym stopniu niepe\u0142nosprawno\u015bci albo orzeczeniem o niepe\u0142nosprawno\u015bci \u0142\u0105cznie ze wskazaniami: konieczno\u015bci sta\u0142ej lub d\u0142ugotrwa\u0142ej opieki lub pomocy innej osoby w zwi\u0105zku ze znacznie ograniczon\u0105 mo\u017cliwo\u015bci\u0105 samodzielnej egzystencji oraz konieczno\u015bci sta\u0142ego wsp\u00f3\u0142udzia\u0142u na co dzie\u0144 opiekuna dziecka w procesie jego leczenia, rehabilitacji i edukacji.<\/p>\n\n\n\n<div style=\"height:19px\" aria-hidden=\"true\" class=\"wp-block-spacer\"><\/div>\n\n\n\n<p>Osobom, o kt\u00f3rych mowa w pkt 1\u20133, rodzinie zast\u0119pczej i osobie prowadz\u0105cej rodzinny dom dziecka sprawuj\u0105cym opiek\u0119 nad wi\u0119cej ni\u017c jedn\u0105 osob\u0105 w wieku do uko\u0144czenia 18. roku \u017cycia legitymuj\u0105c\u0105 si\u0119 orzeczeniem o znacznym stopniu niepe\u0142nosprawno\u015bci albo orzeczeniem o niepe\u0142nosprawno\u015bci \u0142\u0105cznie ze wskazaniami: konieczno\u015bci sta\u0142ej lub d\u0142ugotrwa\u0142ej opieki lub pomocy innej osoby w zwi\u0105zku ze znacznie ograniczon\u0105 mo\u017cliwo\u015bci\u0105 samodzielnej egzystencji oraz konieczno\u015bci sta\u0142ego wsp\u00f3\u0142udzia\u0142u na co dzie\u0144 opiekuna dziecka w procesie jego leczenia, rehabilitacji i edukacji, wysoko\u015b\u0107 \u015bwiadczenia piel\u0119gnacyjnego, podwy\u017csza si\u0119 o 100% na drug\u0105 i ka\u017cd\u0105 kolejn\u0105 osob\u0119, nad kt\u00f3r\u0105 sprawowana jest opieka.<\/p>\n\n\n\n<div style=\"height:20px\" aria-hidden=\"true\" class=\"wp-block-spacer\"><\/div>\n\n\n\n<p><strong>\u015awiadczenie piel\u0119gnacyjne na zasadach od 1 stycznia 2024 r. nie przys\u0142uguje, je\u017celi:<\/strong><\/p>\n\n\n\n<div style=\"height:17px\" aria-hidden=\"true\" class=\"wp-block-spacer\"><\/div>\n\n\n\n<p>1) osoba sprawuj\u0105ca opiek\u0119 ma ustalone prawo do specjalnego zasi\u0142ku opieku\u0144czego, \u015bwiadczenia piel\u0119gnacyjnego lub zasi\u0142ku dla opiekuna,<\/p>\n\n\n\n<p>2) osoba wymagaj\u0105ca opieki zosta\u0142a umieszczona lub przebywa w domu pomocy spo\u0142ecznej, zak\u0142adzie opieku\u0144czo-leczniczym, zak\u0142adzie piel\u0119gnacyjno-opieku\u0144czym, plac\u00f3wce zapewniaj\u0105cej ca\u0142odobow\u0105 opiek\u0119 osobom niepe\u0142nosprawnym, przewlekle chorym lub osobom w podesz\u0142ym wieku, o kt\u00f3rej mowa w przepisach o pomocy spo\u0142ecznej, zak\u0142adzie karnym, zak\u0142adzie poprawczym, areszcie \u015bledczym albo schronisku dla nieletnich;<\/p>\n\n\n\n<p>3) osoba wymagaj\u0105ca opieki jest uprawniona za granic\u0105 do \u015bwiadczenia na pokrycie wydatk\u00f3w zwi\u0105zanych z opiek\u0105, chyba \u017ce przepisy o koordynacji system\u00f3w zabezpieczenia spo\u0142ecznego lub dwustronne umowy o zabezpieczeniu spo\u0142ecznym stanowi\u0105 inaczej;<\/p>\n\n\n\n<p>4) na osob\u0119 wymagaj\u0105c\u0105 opieki inna osoba jest uprawniona za granic\u0105 do \u015bwiadczenia na pokrycie wydatk\u00f3w zwi\u0105zanych z opiek\u0105, chyba \u017ce przepisy o koordynacji system\u00f3w zabezpieczenia spo\u0142ecznego lub dwustronne umowy o zabezpieczeniu spo\u0142ecznym stanowi\u0105 inaczej;<\/p>\n\n\n\n<p>5) na osob\u0119 wymagaj\u0105c\u0105 opieki jest ustalone prawo do specjalnego zasi\u0142ku opieku\u0144czego, prawo do \u015bwiadczenia piel\u0119gnacyjnego lub prawo do zasi\u0142ku dla opiekuna.<\/p>\n\n\n\n<div style=\"height:20px\" aria-hidden=\"true\" class=\"wp-block-spacer\"><\/div>\n\n\n\n<p><strong>Kwota \u015bwiadczenia piel\u0119gnacyjnego w 202<\/strong><strong>4<\/strong><strong> r. wynosi 3287<\/strong><strong>,00 z<\/strong><strong>\u0142<\/strong> i jest corocznie waloryzowana o wska\u017anik waloryzacji (procentowy wzrost minimalnego wynagrodzenia za prac\u0119).<\/p>\n\n\n\n<div style=\"height:16px\" aria-hidden=\"true\" class=\"wp-block-spacer\"><\/div>\n\n\n\n<p><strong>\u015aWIADCZENIE PIEL\u0118GNACYJNE &#8211; MO\u017bLIWO\u015a\u0106 WYBORU I JEGO KONSEKWENCJE<\/strong><\/p>\n\n\n\n<div style=\"height:19px\" aria-hidden=\"true\" class=\"wp-block-spacer\"><\/div>\n\n\n\n<p>W przypadku spe\u0142niania przes\u0142anek do \u015bwiadczenia piel\u0119gnacyjnego zar\u00f3wno na zasadach obowi\u0105zuj\u0105cych do 31.12.2023 r. jak i na nowych zasadach, obowi\u0105zuj\u0105cych od 1 stycznia 2024 r. to do osoby uprawnionej b\u0119dzie nale\u017ce\u0107 wyb\u00f3r, z kt\u00f3rego \u015bwiadczenia b\u0119dzie chcia\u0142a skorzysta\u0107. Dotyczy\u0107 to b\u0119dzie grupy opiekun\u00f3w os\u00f3b, kt\u00f3re nie uko\u0144czy\u0142y 18 roku \u017cycia.<\/p>\n\n\n\n<div style=\"height:20px\" aria-hidden=\"true\" class=\"wp-block-spacer\"><\/div>\n\n\n\n<p>Osoby, kt\u00f3re zdecyduj\u0105 si\u0119 skorzysta\u0107 z pobierania \u015bwiadczenia piel\u0119gnacyjnego na nowych zasadach b\u0119d\u0105 mog\u0142y \u0142\u0105czy\u0107 opiek\u0119 nad osob\u0105 niepe\u0142nosprawn\u0105 z aktywno\u015bci\u0105 zawodow\u0105 lub prac\u0105 w gospodarstwie rolnym, prawem do innych \u015bwiadcze\u0144, w szczeg\u00f3lno\u015bci emerytury, renty, czy np. \u015bwiadczenia rodzicielskiego. Ponadto, w przypadku sprawowania opieki nad wi\u0119cej ni\u017c jedn\u0105 osob\u0105 niepe\u0142nosprawn\u0105 w wieku do uko\u0144czenia 18. roku \u017cycia \u2013 kwot\u0119 \u015bwiadczenia podwy\u017csza si\u0119 o 100% na drug\u0105 i ka\u017cd\u0105 kolejn\u0105 osob\u0119, nad kt\u00f3r\u0105 sprawowana jest opieka. Konsekwencj\u0105 wyboru pobierania \u015bwiadczenia na nowych zasadach jest jednak utrata prawa do \u015bwiadczenia piel\u0119gnacyjnego z chwil\u0105 uko\u0144czenia przez osob\u0119 wymagaj\u0105c\u0105 opieki 18 roku \u017cycia.<\/p>\n\n\n\n<div style=\"height:17px\" aria-hidden=\"true\" class=\"wp-block-spacer\"><\/div>\n\n\n\n<p><strong>Aby skorzysta\u0107 ze \u015bwiadczenia na nowych zasadach osoba uprawniona musi zrezygnowa\u0107 ze \u015bwiadczenia na dotychczasowych zasadach i z\u0142o\u017cy\u0107 wniosek o ustalenie prawa do \u015bwiadczenia piel\u0119gnacyjnego na nowych zasadach.<\/strong><\/p>\n\n\n\n<div style=\"height:18px\" aria-hidden=\"true\" class=\"wp-block-spacer\"><\/div>\n\n\n\n<p>Osoby, kt\u00f3re zdecyduj\u0105 si\u0119 skorzysta\u0107 z pobierania \u015bwiadczenia piel\u0119gnacyjnego na dotychczasowych zasadach w dalszym ci\u0105gu nie b\u0119d\u0105 mog\u0142y \u0142\u0105czy\u0107 opieki nad osob\u0105 niepe\u0142nosprawn\u0105 z aktywno\u015bci\u0105 zawodow\u0105 lub prac\u0105 w gospodarstwie rolnym, prawem do innych \u015bwiadcze\u0144, w szczeg\u00f3lno\u015bci emerytury, renty, czy \u015bwiadczenia rodzicielskiego. Ponadto, w przypadku sprawowania opieki nad wi\u0119cej ni\u017c jedn\u0105 osob\u0105 niepe\u0142nosprawn\u0105 w wieku do uko\u0144czenia 18. roku \u017cycia \u2013 otrzymywa\u0107 b\u0119d\u0105 ustawow\u0105, a nie podwy\u017cszon\u0105 kwot\u0119 \u015bwiadczenia piel\u0119gnacyjnego. Osoby takie nie utrac\u0105 jednak automatycznie prawa do \u015bwiadczenia piel\u0119gnacyjnego z chwil\u0105 uko\u0144czenia przez osob\u0119 wymagaj\u0105c\u0105 opieki 18 roku \u017cycia, lecz b\u0119d\u0105 mog\u0142y w dalszym ci\u0105gu je pobiera\u0107, o ile zostan\u0105 spe\u0142nione pozosta\u0142e przes\u0142anki pobierania \u015bwiadczenia (sprawowanie opieki, legitymowanie si\u0119 okre\u015blonym orzeczeniem).<\/p>\n\n\n\n<div style=\"height:19px\" aria-hidden=\"true\" class=\"wp-block-spacer\"><\/div>\n\n\n\n<p><strong>ZMIANY DOTYCZ\u0104CE POBIERANIA \u015aWIADCZE\u0143 W PRZYPADKU \u015aMIERCI OSOBY WYMAGAJ\u0104CEJ OPIEKI<\/strong><\/p>\n\n\n\n<div style=\"height:14px\" aria-hidden=\"true\" class=\"wp-block-spacer\"><\/div>\n\n\n\n<p><strong>W przypadku \u015bmierci osoby wymagaj\u0105cej opieki, osoba pobieraj\u0105ca \u015bwiadczenie piel\u0119gnacyjne (na starych i nowych zasadach)<\/strong> specjalny zasi\u0142ek opieku\u0144czy, albo zasi\u0142ek dla opiekuna , zachowuje do niego prawo do ostatniego dnia miesi\u0105ca nast\u0119puj\u0105cego po miesi\u0105cu, w kt\u00f3rym nast\u0105pi\u0142 zgon osoby wymagaj\u0105cej opieki, chyba \u017ce zgon osoby wymagaj\u0105cej opieki nast\u0105pi\u0142 przed dniem 1 stycznia 2024 r.<\/p>\n\n\n\n<div style=\"height:19px\" aria-hidden=\"true\" class=\"wp-block-spacer\"><\/div>\n\n\n\n<p>Osoba pobieraj\u0105ca \u015bwiadczenie piel\u0119gnacyjne albo specjalny zasi\u0142ek opieku\u0144czy, albo zasi\u0142ek dla opiekuna, w opisanej sytuacji (po \u015bmierci osoby wymagaj\u0105cej opieki) nie traci prawa do:<\/p>\n\n\n\n<div style=\"height:19px\" aria-hidden=\"true\" class=\"wp-block-spacer\"><\/div>\n\n\n\n<p>1) \u015bwiadczenia rodzicielskiego,<\/p>\n\n\n\n<p>2) dodatku do zasi\u0142ku rodzinnego z tytu\u0142u opieki nad dzieckiem w okresie korzystania z urlopu wychowawczego;<\/p>\n\n\n\n<p>3) \u015bwiadczenia piel\u0119gnacyjnego albo specjalnego zasi\u0142ku opieku\u0144czego, pobieranych na dotychczasowych zasadach, albo zasi\u0142ku dla opiekuna, pomimo podj\u0119cia zatrudnienia lub innej pracy zarobkowej lub ustalenia tej osobie prawa do emerytury, renty, renty rodzinnej z tytu\u0142u \u015bmierci ma\u0142\u017conka przyznanej w przypadku zbiegu prawa do renty rodzinnej i innego \u015bwiadczenia emerytalno-rentowego, renty socjalnej, zasi\u0142ku sta\u0142ego, nauczycielskiego \u015bwiadczenia kompensacyjnego, zasi\u0142ku przedemerytalnego, \u015bwiadczenia przedemerytalnego lub rodzicielskiego \u015bwiadczenia uzupe\u0142niaj\u0105cego, lub \u015bwiadczenia pieni\u0119\u017cnego przyznanego na zasadach okre\u015blonych w ustawie o \u015bwiadczeniu pieni\u0119\u017cnym przys\u0142uguj\u0105cym cz\u0142onkom rodziny funkcjonariuszy lub \u017co\u0142nierzy zawodowych, kt\u00f3rych \u015bmier\u0107 nast\u0105pi\u0142a w zwi\u0105zku ze s\u0142u\u017cb\u0105 albo podj\u0119ciem poza s\u0142u\u017cb\u0105 czynno\u015bci ratowania \u017cycia lub zdrowia ludzkiego albo mienia.<\/p>\n\n\n\n<div style=\"height:18px\" aria-hidden=\"true\" class=\"wp-block-spacer\"><\/div>\n\n\n\n<p><strong>NOWO\u015a\u0106 &#8211; \u015aWIADCZENIE WSPIERAJ\u0104CE<\/strong><\/p>\n\n\n\n<div style=\"height:22px\" aria-hidden=\"true\" class=\"wp-block-spacer\"><\/div>\n\n\n\n<p>Celem \u015bwiadczenia wspieraj\u0105cego jest udzielenie osobom niepe\u0142nosprawnym maj\u0105cym potrzeb\u0119 wsparcia, pomocy s\u0142u\u017c\u0105cej cz\u0119\u015bciowemu pokryciu wydatk\u00f3w zwi\u0105zanych z zaspokojeniem szczeg\u00f3lnych potrzeb \u017cyciowych. <strong>Post\u0119powanie w sprawie \u015bwiadczenia wspieraj\u0105cego prowadzi oraz \u015bwiadczenie to wyp\u0142aca Zak\u0142ad Ubezpiecze\u0144 Spo\u0142ecznych. Pobieranie \u015bwiadczenia wspieraj\u0105cego wyklucza mo\u017cliwo\u015b\u0107 pobierania \u015bwiadczenia piel\u0119gnacyjnego, specjalnego zasi\u0142ku opieku\u0144czego oraz zasi\u0142ku dla opiekuna.<\/strong><\/p>\n\n\n\n<div style=\"height:12px\" aria-hidden=\"true\" class=\"wp-block-spacer\"><\/div>\n\n\n\n<p><strong>WP\u0141YW \u015aWIADCZENIA WSPIERAJ\u0104CEGO NA POBIERANE \u015aWIADCZENIA<\/strong><\/p>\n\n\n\n<div style=\"height:17px\" aria-hidden=\"true\" class=\"wp-block-spacer\"><\/div>\n\n\n\n<p>\u015awiadczenie piel\u0119gnacyjne albo specjalny zasi\u0142ek opieku\u0144czy, albo zasi\u0142ek dla opiekuna nie przys\u0142uguj\u0105 je\u017celi osoba wymagaj\u0105ca opieki ma przyznane prawo do \u015bwiadczenia wspieraj\u0105cego, a \u015bwiadczenia wyp\u0142acone za okres za kt\u00f3ry osoba wymagaj\u0105ca opieki otrzyma\u0142a \u015bwiadczenie wspieraj\u0105ce stanowi\u0105 nienale\u017cnie pobrane \u015bwiadczenia i podlegaj\u0105 zwrotowi wraz z odsetkami za op\u00f3\u017anienie.<\/p>\n\n\n\n<div style=\"height:19px\" aria-hidden=\"true\" class=\"wp-block-spacer\"><\/div>\n\n\n\n<p>W przypadku gdy osoba wymagaj\u0105ca opieki lub osoba uprawniona do jej reprezentowania z\u0142o\u017cy\u0142y wniosek o ustalenie prawa do \u015bwiadczenia wspieraj\u0105cego post\u0119powanie z wniosku o ustalenie prawa do \u015bwiadczenia piel\u0119gnacyjnego lub specjalnego zasi\u0142ku opieku\u0144czego,lub zasi\u0142ku dla opiekuna, zawiesza si\u0119 do czasu rozstrzygni\u0119cia sprawy z wniosku o ustalenie prawa do \u015bwiadczenia wspieraj\u0105cego.<\/p>\n\n\n\n<div style=\"height:19px\" aria-hidden=\"true\" class=\"wp-block-spacer\"><\/div>\n\n\n\n<p>W przypadku podj\u0119cia zawieszonego post\u0119powania, prawo do \u015bwiadczenia piel\u0119gnacyjnego, specjalnego zasi\u0142ku opieku\u0144czego lub zasi\u0142ku dla opiekuna, ustala si\u0119 po dokonaniu przez Zak\u0142ad Ubezpiecze\u0144 Spo\u0142ecznych rozstrzygni\u0119cia sprawy z wniosku o ustalenie prawa do \u015bwiadczenia wspieraj\u0105cego. Wyp\u0142ata \u015bwiadczenia piel\u0119gnacyjnego lub specjalnego zasi\u0142ku opieku\u0144czego lub zasi\u0142ku dla opiekuna, podlega wstrzymaniu, je\u017celi osoba wymagaj\u0105ca opieki lub osoba uprawniona do jej reprezentowania z\u0142o\u017cy\u0142a wniosek o ustalenie prawa do \u015bwiadczenia wspieraj\u0105cego.<\/p>\n\n\n\n<div style=\"height:18px\" aria-hidden=\"true\" class=\"wp-block-spacer\"><\/div>\n\n\n\n<p>W przypadku odmowy przyznania osobie wymagaj\u0105cej opieki \u015bwiadczenia wspieraj\u0105cego lub pozostawienia wniosku o to \u015bwiadczenie bez rozpatrzenia, odpowiednio \u015bwiadczenie piel\u0119gnacyjne albo specjalny zasi\u0142ek opieku\u0144czy, albo zasi\u0142ek dla opiekuna, wyp\u0142aca si\u0119 od miesi\u0105ca, w kt\u00f3rym wstrzymano ich wyp\u0142at\u0119 do ko\u0144ca okresu na jaki je przyznano, je\u017celi osoba spe\u0142nia warunki okre\u015blone do ich pobierania.<\/p>\n\n\n\n<div style=\"height:16px\" aria-hidden=\"true\" class=\"wp-block-spacer\"><\/div>\n\n\n\n<p><strong>Utrata prawa do \u015bwiadczenia piel\u0119gnacyjnego, specjalnego zasi\u0142ku opieku\u0144czego lub zasi\u0142ku dla opiekuna zwi\u0105zana z uzyskaniem prawa do \u015bwiadczenia wspieraj\u0105cego skutkuje trwa\u0142\u0105 utrat\u0105 prawa do tych \u015bwiadcze\u0144 i uniemo\u017cliwia ponowne uzyskanie prawa do ich pobierania.<\/strong><\/p>\n\n\n\n<div style=\"height:23px\" aria-hidden=\"true\" class=\"wp-block-spacer\"><\/div>\n\n\n\n<p><strong>UWAGA<\/strong><strong>!!!<\/strong><\/p>\n\n\n\n<div style=\"height:15px\" aria-hidden=\"true\" class=\"wp-block-spacer\"><\/div>\n\n\n\n<p><strong>JE\u015aLI W DNIU 31.12.2023 OPIEKUJESZ SI\u0118 OSOB\u0104 KT\u00d3RA NIE UKO\u0143CZY\u0141A 18 ROKU \u017bYCIA I POBIERASZ Z TEGO TYTU\u0141U \u015aWIADCZENIE PIEL\u0118GNACYJNE<\/strong><\/p>\n\n\n\n<div style=\"height:21px\" aria-hidden=\"true\" class=\"wp-block-spacer\"><\/div>\n\n\n\n<p>po 1 stycznia 2024 r. mo\u017cesz dokona\u0107 wyboru, czy chcesz korzysta\u0107 ze \u015bwiadczenia na dotychczasowych czy te\u017c nowych zasadach.<\/p>\n\n\n\n<div style=\"height:16px\" aria-hidden=\"true\" class=\"wp-block-spacer\"><\/div>\n\n\n\n<p>Pobieraj\u0105c \u015bwiadczenie piel\u0119gnacyjne na NOWYCH ZASADACH<\/p>\n\n\n\n<div style=\"height:13px\" aria-hidden=\"true\" class=\"wp-block-spacer\"><\/div>\n\n\n\n<p>\u2714 utracisz prawo do \u015bwiadczenia piel\u0119gnacyjnego z chwil\u0105 uko\u0144czenia przez osob\u0119 wymagaj\u0105ca opieki 18 roku \u017cycia<\/p>\n\n\n\n<p>\u2714 b\u0119dziesz m\u00f3g\u0142\/mog\u0142a \u0142\u0105czy\u0107 opiek\u0119 nad osob\u0105 niepe\u0142nosprawn\u0105 z aktywno\u015bci\u0105 zawodow\u0105 lub prac\u0105 w gospodarstwie rolnym,<\/p>\n\n\n\n<p>\u2714 b\u0119dziesz m\u00f3g\u0142\/mog\u0142a \u0142\u0105czy\u0107 pobieranie \u015bwiadczenia piel\u0119gnacyjnego z prawem do innych \u015bwiadcze\u0144, w szczeg\u00f3lno\u015bci emerytury, renty, czy np. \u015bwiadczenia rodzicielskiego.<\/p>\n\n\n\n<p>\u2714 w przypadku sprawowania opieki nad wi\u0119cej ni\u017c jedn\u0105 osob\u0105 niepe\u0142nosprawn\u0105 w wieku do uko\u0144czenia 18. roku \u017cycia \u2013 otrzymasz \u015bwiadczenie podwy\u017cszone o 100% na drug\u0105 i ka\u017cd\u0105 kolejn\u0105 osob\u0119, nad kt\u00f3r\u0105 sprawujesz opiek\u0119<\/p>\n\n\n\n<div style=\"height:19px\" aria-hidden=\"true\" class=\"wp-block-spacer\"><\/div>\n\n\n\n<p>Zdecydowanie si\u0119 na pobieranie \u015bwiadczenia na nowych zasadach wi\u0105\u017ce si\u0119 z trwa\u0142\u0105 utrat\u0105 mo\u017cliwo\u015bci pobierania \u015bwiadczenia na dotychczasowych zasadach. Aby skorzysta\u0107 ze \u015bwiadczenia na nowych zasadach musisz zrezygnowa\u0107 ze \u015bwiadczenia na dotychczasowych zasadach i z\u0142o\u017cy\u0107 nowy wniosek o ustalenie prawa do \u015bwiadczenia piel\u0119gnacyjnego na nowych zasadach.<\/p>\n\n\n\n<div style=\"height:21px\" aria-hidden=\"true\" class=\"wp-block-spacer\"><\/div>\n\n\n\n<p>Decyduj\u0105c si\u0119 na pobieranie \u015bwiadczenia piel\u0119gnacyjnego <strong>na DOTYCHCZASOWYCH ZASADACH<\/strong><\/p>\n\n\n\n<div style=\"height:20px\" aria-hidden=\"true\" class=\"wp-block-spacer\"><\/div>\n\n\n\n<p>\u2714 nie utracisz prawa do \u015bwiadczenia piel\u0119gnacyjnego z chwil\u0105 uko\u0144czenia przez osob\u0119 wymagaj\u0105ca opieki 18 roku \u017cycia, lecz przy spe\u0142nieniu pozosta\u0142ych przes\u0142anek b\u0119dziesz m\u00f3g\u0142\/mog\u0142a je pobiera\u0107 bez ogranicze\u0144 dotycz\u0105cych wieku tej osoby<\/p>\n\n\n\n<p>\u2714 w dalszym ci\u0105gu nie b\u0119dziesz m\u00f3g\u0142\/mog\u0142a \u0142\u0105czy\u0107 opieki nad osob\u0105 niepe\u0142nosprawn\u0105 z aktywno\u015bci\u0105 zawodow\u0105 lub prac\u0105 w gospodarstwie rolnym,<\/p>\n\n\n\n<p>\u2714 w dalszym ci\u0105gu nie b\u0119dziesz m\u00f3g\u0142\/mog\u0142a \u0142\u0105czy\u0107 pobierania \u015bwiadczenia piel\u0119gnacyjnego z prawem do innych \u015bwiadcze\u0144, w szczeg\u00f3lno\u015bci emerytury, renty z tytu\u0142u ca\u0142kowitej niezdolno\u015bci do pracy, czy np. \u015bwiadczenia rodzicielskiego.<\/p>\n\n\n\n<p>\u2714 w przypadku sprawowania opieki nad wi\u0119cej ni\u017c jedn\u0105 osob\u0105 niepe\u0142nosprawn\u0105 w wieku do uko\u0144czenia 18. roku \u017cycia \u2013 otrzymasz \u015bwiadczenie w ustawowej kwocie (jedno \u015bwiadczenie)<\/p>\n\n\n\n<div style=\"height:19px\" aria-hidden=\"true\" class=\"wp-block-spacer\"><\/div>\n\n\n\n<p><strong>JE\u015aLI W DNIU 31.12.2023 OPIEKUJESZ SI\u0118 OSOB\u0104 KT\u00d3RA UKO\u0143CZY\u0141A 18 ROK \u017bYCIA I POBIERASZ Z TEGO TYTU\u0141U \u015aWIADCZENIE PIEL\u0118GNACYJNE<\/strong><\/p>\n\n\n\n<div style=\"height:15px\" aria-hidden=\"true\" class=\"wp-block-spacer\"><\/div>\n\n\n\n<p>po 1 stycznia 2024 r. korzystasz z ochrony praw nabytych i mo\u017cesz pobiera\u0107 je nadal pobiera\u0107 na dotychczasowych zasadach.<\/p>\n\n\n\n<div style=\"height:21px\" aria-hidden=\"true\" class=\"wp-block-spacer\"><\/div>\n\n\n\n<p>Oznacza to, i\u017c:<\/p>\n\n\n\n<div style=\"height:18px\" aria-hidden=\"true\" class=\"wp-block-spacer\"><\/div>\n\n\n\n<p>\u2714 przyznane \u015bwiadczenie pozostaje w mocy<\/p>\n\n\n\n<p>\u2714 w dalszym ci\u0105gu nie mo\u017cesz by\u0107 osob\u0105 aktywn\u0105 zawodowo, oraz<\/p>\n\n\n\n<p>\u2714 w dalszym ci\u0105gu nie mo\u017cesz \u0142\u0105czy\u0107 prawa do \u015bwiadczenia piel\u0119gnacyjnego z prawem do innych \u015bwiadcze\u0144, w szczeg\u00f3lno\u015bci emerytury, renty z tytu\u0142u ca\u0142kowitej niezdolno\u015bci do pracy, renty rodzinnej z tytu\u0142u \u015bmierci ma\u0142\u017conka przyznanej w przypadku zbiegu prawa do renty rodzinnej i innego \u015bwiadczenia emerytalno-rentowego, czy renty socjalnej.<\/p>\n\n\n\n<p>\u2714 aby zachowa\u0107 prawo do \u015bwiadczenia piel\u0119gnacyjnego po up\u0142ywie okresu wa\u017cno\u015bci orzeczenia o niepe\u0142nosprawno\u015bci lub stopnia niepe\u0142nosprawno\u015bci musisz terminowo z\u0142o\u017cy\u0107 wniosek o nowe orzeczenie oraz wniosek o ustalenie prawa do \u015bwiadczenia na dalszy okres<\/p>\n\n\n\n<div style=\"height:17px\" aria-hidden=\"true\" class=\"wp-block-spacer\"><\/div>\n\n\n\n<p><strong>WA\u017bNE!!!<\/strong><\/p>\n\n\n\n<div style=\"height:18px\" aria-hidden=\"true\" class=\"wp-block-spacer\"><\/div>\n\n\n\n<p><strong>Niezw\u0142ocznie powiadom O\u015brodek realizuj\u0105cy wyp\u0142at\u0119 \u015bwiadczenia piel\u0119gnacyjnego, specjalnego zasi\u0142ku opieku\u0144czego lub zasi\u0142ku dla opiekuna o z\u0142o\u017ceniu wniosku o ustalenie prawa do \u015bwiadczenia wspieraj\u0105cego oraz o uzyskaniu prawa do \u015bwiadczenia wspieraj\u0105cego.<\/strong><\/p>\n\n\n\n<div style=\"height:25px\" aria-hidden=\"true\" class=\"wp-block-spacer\"><\/div>\n\n\n\n<p>Za\u0142\u0105czniki:<\/p>\n\n\n\n<ul class=\"wp-block-list\">\n<li><a href=\"https:\/\/www.gov.pl\/web\/rodzina\/11iv-jednorazowa-zapomoga-z-tytulu-urodzenia-sie-dziecka-tzw-becikowe\">\u015awiadczenie piel\u0119gnacyjne na zasadach obowi\u0105zuj\u0105cych od 1 stycznia 2024 r.<\/a><\/li>\n\n\n\n<li><a href=\"https:\/\/mops.malbork.pl\/wp-content\/uploads\/2024\/01\/Oswiadczenie-dotyczace-ubezpieczenia-emerytalno-rentowego-1.odt\">O\u015bwiadczenie dotycz\u0105ce ubezpieczenia emerytalno-rentowego<\/a><\/li>\n\n\n\n<li><a href=\"https:\/\/mops.malbork.pl\/wp-content\/uploads\/2024\/01\/Oswiadczenie-dotyczace-ubezpieczenia-zdrowotnego.odt\">O\u015bwiadczenie dotycz\u0105ce ubezpieczenia zdrowotnego<\/a><\/li>\n\n\n\n<li><a href=\"https:\/\/mops.malbork.pl\/wp-content\/uploads\/2024\/02\/Oswiadczenie-wnioskodawcy.odt\">O\u015bwiadczenie wnioskodawcy<\/a><\/li>\n\n\n\n<li><a href=\"http:\/\/mops1.home.pl\/mops2015\/wp-content\/uploads\/2019\/06\/oswiadczenie_rodo.doc\">O\u015bwiadczenie RODO<\/a><\/li>\n<\/ul>\n","protected":false},"excerpt":{"rendered":"<p>INFORMACJA O ZMIANACH W ZASADACH DOTYCZ\u0104CYCH UPRAWNIE\u0143 DO \u015aWIADCZENIA PIEL\u0118GNACYJNEGO W zwi\u0105zku z wej\u015bciem w \u017cycie ustawy z dnia 7 lipca 2023 r. o \u015bwiadczeniu wspieraj\u0105cym (Dz. U. z 2023 r. poz. 1429), zwanej dalej ustaw\u0105, pocz\u0105wszy od 1 stycznia 2024 r. ulegaj\u0105 zmianie przes\u0142anki do przyznania \u015bwiadczenia piel\u0119gnacyjnego. NOWE ZASADY OD 1 STYCZNIA 2024 [&hellip;]<\/p>\n","protected":false},"author":3,"featured_media":0,"parent":2130,"menu_order":5,"comment_status":"closed","ping_status":"closed","template":"","meta":{"footnotes":""},"class_list":["post-2134","page","type-page","status-publish","hentry"],"_links":{"self":[{"href":"https:\/\/mops.malbork.pl\/index.php?rest_route=\/wp\/v2\/pages\/2134","targetHints":{"allow":["GET"]}}],"collection":[{"href":"https:\/\/mops.malbork.pl\/index.php?rest_route=\/wp\/v2\/pages"}],"about":[{"href":"https:\/\/mops.malbork.pl\/index.php?rest_route=\/wp\/v2\/types\/page"}],"author":[{"embeddable":true,"href":"https:\/\/mops.malbork.pl\/index.php?rest_route=\/wp\/v2\/users\/3"}],"replies":[{"embeddable":true,"href":"https:\/\/mops.malbork.pl\/index.php?rest_route=%2Fwp%2Fv2%2Fcomments&post=2134"}],"version-history":[{"count":6,"href":"https:\/\/mops.malbork.pl\/index.php?rest_route=\/wp\/v2\/pages\/2134\/revisions"}],"predecessor-version":[{"id":2351,"href":"https:\/\/mops.malbork.pl\/index.php?rest_route=\/wp\/v2\/pages\/2134\/revisions\/2351"}],"up":[{"embeddable":true,"href":"https:\/\/mops.malbork.pl\/index.php?rest_route=\/wp\/v2\/pages\/2130"}],"wp:attachment":[{"href":"https:\/\/mops.malbork.pl\/index.php?rest_route=%2Fwp%2Fv2%2Fmedia&parent=2134"}],"curies":[{"name":"wp","href":"https:\/\/api.w.org\/{rel}","templated":true}]}}