{"id":213,"date":"2016-03-21T11:37:01","date_gmt":"2016-03-21T11:37:01","guid":{"rendered":"http:\/\/mops1.home.pl\/mops2015\/?page_id=213"},"modified":"2024-01-05T13:28:36","modified_gmt":"2024-01-05T11:28:36","slug":"500-plus","status":"publish","type":"page","link":"https:\/\/mops.malbork.pl\/?page_id=213","title":{"rendered":"Rodzina 500 plus"},"content":{"rendered":"\n<p><strong>\u015aWIADCZENIE WYCHOWAWCZE<\/strong><\/p>\n\n\n\n<div style=\"height:29px\" aria-hidden=\"true\" class=\"wp-block-spacer\"><\/div>\n\n\n\n<p><a href=\"https:\/\/www.gov.pl\/web\/rodzina\/rodzina-500-plus\">Rz\u0105dowy program &#8222;Rodzina 500+&#8221; jest finansowym fundamentem wsparcia rodzin. Program wszed\u0142 w \u017cycie 1 kwietnia 2016 roku i przyczyni\u0142 si\u0119 do znacznej poprawy sytuacji materialnej rodzin, wzmocni\u0142 je i nada\u0142 nale\u017cny priorytet.<\/a><\/p>\n","protected":false},"excerpt":{"rendered":"<p>\u015aWIADCZENIE WYCHOWAWCZE Rz\u0105dowy program &#8222;Rodzina 500+&#8221; jest finansowym fundamentem wsparcia rodzin. Program wszed\u0142 w \u017cycie 1 kwietnia 2016 roku i przyczyni\u0142 si\u0119 do znacznej poprawy sytuacji materialnej rodzin, wzmocni\u0142 je i nada\u0142 nale\u017cny priorytet.<\/p>\n","protected":false},"author":1,"featured_media":0,"parent":0,"menu_order":5,"comment_status":"closed","ping_status":"open","template":"","meta":{"footnotes":""},"class_list":["post-213","page","type-page","status-publish","hentry"],"_links":{"self":[{"href":"https:\/\/mops.malbork.pl\/index.php?rest_route=\/wp\/v2\/pages\/213","targetHints":{"allow":["GET"]}}],"collection":[{"href":"https:\/\/mops.malbork.pl\/index.php?rest_route=\/wp\/v2\/pages"}],"about":[{"href":"https:\/\/mops.malbork.pl\/index.php?rest_route=\/wp\/v2\/types\/page"}],"author":[{"embeddable":true,"href":"https:\/\/mops.malbork.pl\/index.php?rest_route=\/wp\/v2\/users\/1"}],"replies":[{"embeddable":true,"href":"https:\/\/mops.malbork.pl\/index.php?rest_route=%2Fwp%2Fv2%2Fcomments&post=213"}],"version-history":[{"count":17,"href":"https:\/\/mops.malbork.pl\/index.php?rest_route=\/wp\/v2\/pages\/213\/revisions"}],"predecessor-version":[{"id":2163,"href":"https:\/\/mops.malbork.pl\/index.php?rest_route=\/wp\/v2\/pages\/213\/revisions\/2163"}],"wp:attachment":[{"href":"https:\/\/mops.malbork.pl\/index.php?rest_route=%2Fwp%2Fv2%2Fmedia&parent=213"}],"curies":[{"name":"wp","href":"https:\/\/api.w.org\/{rel}","templated":true}]}}