{"id":2112,"date":"2023-11-07T18:39:44","date_gmt":"2023-11-07T16:39:44","guid":{"rendered":"https:\/\/mops.malbork.pl\/?page_id=2112"},"modified":"2023-11-07T18:39:44","modified_gmt":"2023-11-07T16:39:44","slug":"ow-edycja-2024","status":"publish","type":"page","link":"https:\/\/mops.malbork.pl\/?page_id=2112","title":{"rendered":"OW edycja 2024"},"content":{"rendered":"\n<figure class=\"wp-block-image\"><a href=\"https:\/\/mops.malbork.pl\/wp-content\/uploads\/2023\/03\/baner-mrips-mops.jpg\"><img loading=\"lazy\" decoding=\"async\" width=\"781\" height=\"123\" src=\"https:\/\/mops.malbork.pl\/wp-content\/uploads\/2023\/03\/baner-mrips-mops.jpg\" alt=\"God\u0142o Polski - Ministerstwo Rodziny i Polityki Spo\u0142ecznej, logo MOPS w Malborku\" class=\"wp-image-2033\" srcset=\"https:\/\/mops.malbork.pl\/wp-content\/uploads\/2023\/03\/baner-mrips-mops.jpg 781w, https:\/\/mops.malbork.pl\/wp-content\/uploads\/2023\/03\/baner-mrips-mops-300x47.jpg 300w, https:\/\/mops.malbork.pl\/wp-content\/uploads\/2023\/03\/baner-mrips-mops-768x121.jpg 768w\" sizes=\"auto, (max-width: 781px) 100vw, 781px\" \/><\/a><\/figure>\n\n\n\n<p>FUNDUSZ SOLIDARNO\u015aCIOWY \u2013 <strong>&#8222;OPIEKA WYTCHNIENIOWA\u201d<\/strong>  DLA JEDNOSTEK SAMORZ\u0104DU TERYTORIALNEGO \u2013 EDYCJA 2024<\/p>\n\n\n\n<div style=\"height:20px\" aria-hidden=\"true\" class=\"wp-block-spacer\"><\/div>\n\n\n\n<p>Rozpocz\u0105\u0142 si\u0119 nab\u00f3r wniosk\u00f3w w ramach programu resortowego Ministra Rodziny i Polityki Spo\u0142ecznej pn. <strong>\u201eOpieka wytchnieniowa\u201d<\/strong> dla Jednostek Samorz\u0105du Terytorialnego \u2013 edycja 2024<\/p>\n\n\n\n<div style=\"height:19px\" aria-hidden=\"true\" class=\"wp-block-spacer\"><\/div>\n\n\n\n<p>G\u0142\u00f3wnym celem Programu jest wsparcie cz\u0142onk\u00f3w rodzin lub opiekun\u00f3w sprawuj\u0105cych bezpo\u015bredni\u0105 opiek\u0119 nad:<\/p>\n\n\n\n<div style=\"height:17px\" aria-hidden=\"true\" class=\"wp-block-spacer\"><\/div>\n\n\n\n<ol class=\"wp-block-list\">\n<li>dzie\u0107mi do uko\u0144czenia 16. roku \u017cycia posiadaj\u0105cymi orzeczenie o niepe\u0142nosprawno\u015bci lub<\/li>\n\n\n\n<li>osobami niepe\u0142nosprawnymi posiadaj\u0105cymi:<\/li>\n<\/ol>\n\n\n\n<ul class=\"wp-block-list\">\n<li>orzeczenie o znacznym stopniu niepe\u0142nosprawno\u015bci albo<\/li>\n\n\n\n<li>orzeczenie traktowane na r\u00f3wni z orzeczeniem wymienionym w lit. a, zgodnie z art. 5 i art. 62 ustawy z dnia 27 sierpnia 1997 r. o rehabilitacji zawodowej i spo\u0142ecznej oraz zatrudnianiu os\u00f3b niepe\u0142nosprawnych (Dz. U. z 2023 r. poz. 100, z p\u00f3\u017an. zm.) \u2013 poprzez umo\u017cliwienie uzyskania dora\u017anej, czasowej pomocy w formie us\u0142ugi opieki wytchnieniowej, tj. odci\u0105\u017cenie od codziennych obowi\u0105zk\u00f3w \u0142\u0105cz\u0105cych si\u0119 ze sprawowaniem opieki nad osob\u0105 z niepe\u0142nosprawno\u015bci\u0105 przez zapewnienie czasowego zast\u0119pstwa w tym zakresie.<\/li>\n<\/ul>\n\n\n\n<div style=\"height:16px\" aria-hidden=\"true\" class=\"wp-block-spacer\"><\/div>\n\n\n\n<p>Dzi\u0119ki temu wsparciu, osoby zaanga\u017cowane na co dzie\u0144 w sprawowanie opieki nad osob\u0105 z niepe\u0142nosprawno\u015bci\u0105 dysponowa\u0107 b\u0119d\u0105 czasem, kt\u00f3ry mog\u0105 przeznaczy\u0107 na odpoczynek i regeneracj\u0119, jak r\u00f3wnie\u017c na za\u0142atwienie niezb\u0119dnych spraw \u017cyciowych.<\/p>\n\n\n\n<div style=\"height:20px\" aria-hidden=\"true\" class=\"wp-block-spacer\"><\/div>\n\n\n\n<p>Us\u0142ugi opieki wytchnieniowej mog\u0105 s\u0142u\u017cy\u0107 r\u00f3wnie\u017c okresowemu zabezpieczeniu potrzeb osoby z niepe\u0142nosprawno\u015bci\u0105 w sytuacji, gdy cz\u0142onkowie rodzin lub opiekunowie z r\u00f3\u017cnych powod\u00f3w nie b\u0119d\u0105 mogli wykonywa\u0107 swoich obowi\u0105zk\u00f3w.<\/p>\n\n\n\n<div style=\"height:19px\" aria-hidden=\"true\" class=\"wp-block-spacer\"><\/div>\n\n\n\n<p>Na realizacj\u0119 Programu Minister przeznaczy\u0142 kwot\u0119&nbsp;<strong>190 000 000,00 z\u0142<\/strong>.<\/p>\n\n\n\n<div style=\"height:15px\" aria-hidden=\"true\" class=\"wp-block-spacer\"><\/div>\n\n\n\n<p>Poni\u017cej terminy naboru wniosk\u00f3w w ramach Programu:<\/p>\n\n\n\n<div style=\"height:15px\" aria-hidden=\"true\" class=\"wp-block-spacer\"><\/div>\n\n\n\n<ol class=\"wp-block-list\">\n<li>Gmina\/powiat sk\u0142ada wniosek (za\u0142\u0105cznik nr 1 do Programu) wraz z za\u0142\u0105cznikami do wniosku (za\u0142\u0105czniki nr 16 i 17 do Programu) do w\u0142a\u015bciwego wojewody za po\u015brednictwem Generatora Funduszu Solidarno\u015bciowego dost\u0119pnego na stronie internetowej <a href=\"https:\/\/bfs.mrips.gov.pl\/\">bfs.mrips.gov.pl<\/a>, w terminie&nbsp;<strong>od dnia 30 pa\u017adziernika 2023 r. do dnia 16 listopada 2023&nbsp;r.<\/strong> Generator jest aplikacj\u0105 webow\u0105, dost\u0119pn\u0105 wy\u0142\u0105cznie dla zarejestrowanych w systemie u\u017cytkownik\u00f3w.&nbsp;<\/li>\n\n\n\n<li>Wojewoda, po weryfikacji wniosk\u00f3w z\u0142o\u017conych przez gminy\/powiaty, sporz\u0105dza list\u0119 rekomendowanych wniosk\u00f3w do finansowania w ramach Programu (za\u0142\u0105cznik nr 3 do Programu) i przekazuje j\u0105 do Ministra wraz z informacj\u0105 wojewody dotycz\u0105c\u0105 \u015brodk\u00f3w finansowych z Programu <strong>\u201eOpieka wytchnieniowa\u201d<\/strong> dla Jednostek Samorz\u0105du Terytorialnego \u2013 edycja 2024 (za\u0142\u0105cznik nr 2 do Programu), w terminie&nbsp;<strong>do dnia 1 grudnia 2023 r.<\/strong><\/li>\n\n\n\n<li>Minister zatwierdza zbiorcz\u0105 list\u0119 rekomendowanych wniosk\u00f3w w terminie&nbsp;<strong>30 dni od dnia przekazania Ministrowi wszystkich list rekomendowanych wniosk\u00f3w wojewod\u00f3w.<\/strong><\/li>\n<\/ol>\n\n\n\n<div style=\"height:20px\" aria-hidden=\"true\" class=\"wp-block-spacer\"><\/div>\n\n\n\n<p>Niezb\u0119dne dokumenty dost\u0119pne s\u0105 pod adresem: <a href=\"https:\/\/niepelnosprawni.gov.pl\/a,1488,nabor-wnioskow-w-ramach-programu-resortowego-ministra-rodziny-i-polityki-spolecznej-opieka-wytchnieniowa-dla-jednostek-samorzadu-terytorialnego-edycja-2024\">niepelnosprawni.gov.pl<\/a><\/p>\n","protected":false},"excerpt":{"rendered":"<p>FUNDUSZ SOLIDARNO\u015aCIOWY \u2013 &#8222;OPIEKA WYTCHNIENIOWA\u201d DLA JEDNOSTEK SAMORZ\u0104DU TERYTORIALNEGO \u2013 EDYCJA 2024 Rozpocz\u0105\u0142 si\u0119 nab\u00f3r wniosk\u00f3w w ramach programu resortowego Ministra Rodziny i Polityki Spo\u0142ecznej pn. \u201eOpieka wytchnieniowa\u201d dla Jednostek Samorz\u0105du Terytorialnego \u2013 edycja 2024 G\u0142\u00f3wnym celem Programu jest wsparcie cz\u0142onk\u00f3w rodzin lub opiekun\u00f3w sprawuj\u0105cych bezpo\u015bredni\u0105 opiek\u0119 nad: Dzi\u0119ki temu wsparciu, osoby zaanga\u017cowane na co [&hellip;]<\/p>\n","protected":false},"author":3,"featured_media":0,"parent":1522,"menu_order":0,"comment_status":"closed","ping_status":"closed","template":"","meta":{"footnotes":""},"class_list":["post-2112","page","type-page","status-publish","hentry"],"_links":{"self":[{"href":"https:\/\/mops.malbork.pl\/index.php?rest_route=\/wp\/v2\/pages\/2112","targetHints":{"allow":["GET"]}}],"collection":[{"href":"https:\/\/mops.malbork.pl\/index.php?rest_route=\/wp\/v2\/pages"}],"about":[{"href":"https:\/\/mops.malbork.pl\/index.php?rest_route=\/wp\/v2\/types\/page"}],"author":[{"embeddable":true,"href":"https:\/\/mops.malbork.pl\/index.php?rest_route=\/wp\/v2\/users\/3"}],"replies":[{"embeddable":true,"href":"https:\/\/mops.malbork.pl\/index.php?rest_route=%2Fwp%2Fv2%2Fcomments&post=2112"}],"version-history":[{"count":1,"href":"https:\/\/mops.malbork.pl\/index.php?rest_route=\/wp\/v2\/pages\/2112\/revisions"}],"predecessor-version":[{"id":2113,"href":"https:\/\/mops.malbork.pl\/index.php?rest_route=\/wp\/v2\/pages\/2112\/revisions\/2113"}],"up":[{"embeddable":true,"href":"https:\/\/mops.malbork.pl\/index.php?rest_route=\/wp\/v2\/pages\/1522"}],"wp:attachment":[{"href":"https:\/\/mops.malbork.pl\/index.php?rest_route=%2Fwp%2Fv2%2Fmedia&parent=2112"}],"curies":[{"name":"wp","href":"https:\/\/api.w.org\/{rel}","templated":true}]}}