{"id":2036,"date":"2023-03-27T16:37:11","date_gmt":"2023-03-27T14:37:11","guid":{"rendered":"https:\/\/mops.malbork.pl\/?page_id=2036"},"modified":"2023-03-27T16:39:19","modified_gmt":"2023-03-27T14:39:19","slug":"aoon-edycja-2023","status":"publish","type":"page","link":"https:\/\/mops.malbork.pl\/?page_id=2036","title":{"rendered":"AOON edycja 2023"},"content":{"rendered":"<div class=\"wp-block-image\">\n<figure class=\"aligncenter size-full\"><a href=\"https:\/\/mops.malbork.pl\/wp-content\/uploads\/2023\/03\/baner-mrips-mops.jpg\"><img loading=\"lazy\" decoding=\"async\" width=\"781\" height=\"123\" src=\"https:\/\/mops.malbork.pl\/wp-content\/uploads\/2023\/03\/baner-mrips-mops.jpg\" alt=\"God\u0142o Polski - Ministerstwo Rodziny i Polityki Spo\u0142ecznej, logo MOPS w Malborku\" class=\"wp-image-2033\" srcset=\"https:\/\/mops.malbork.pl\/wp-content\/uploads\/2023\/03\/baner-mrips-mops.jpg 781w, https:\/\/mops.malbork.pl\/wp-content\/uploads\/2023\/03\/baner-mrips-mops-300x47.jpg 300w, https:\/\/mops.malbork.pl\/wp-content\/uploads\/2023\/03\/baner-mrips-mops-768x121.jpg 768w\" sizes=\"auto, (max-width: 781px) 100vw, 781px\" \/><\/a><\/figure>\n<\/div>\n\n\n<p>Miejski O\u015brodek Pomocy Spo\u0142ecznej w Malborku informuje, \u017ce realizuje Program&nbsp;<strong>\u201eAsystent osobisty osoby niepe\u0142nosprawnej\u201d<\/strong>&nbsp;\u2013 edycja 2023, finansowany ze \u015brodk\u00f3w Pa\u0144stwowego Funduszu Celowego w ramach Funduszu Solidarno\u015bciowego.<\/p>\n\n\n\n<div style=\"height:37px\" aria-hidden=\"true\" class=\"wp-block-spacer\"><\/div>\n\n\n\n<p>Podstaw\u0105 prawn\u0105 Programu jest art. 7 ust. 5 oraz art. 13 ustawy z dnia 23 pa\u017adziernika 2018 r. o Funduszu Solidarno\u015bciowym (Dz. U. z 2020 r. poz. 1787, z p\u00f3\u017an. zm.).<\/p>\n\n\n\n<div style=\"height:28px\" aria-hidden=\"true\" class=\"wp-block-spacer\"><\/div>\n\n\n\n<p><strong>Czas trwania Programu:&nbsp;<\/strong>03.04.2023 r. \u2013 31.12.2023 r.<\/p>\n\n\n\n<p><strong>Ca\u0142kowita warto\u015b\u0107 dofinansowania&nbsp;wynosi:&nbsp;<\/strong>1&nbsp;451&nbsp;789,46 z\u0142<\/p>\n\n\n\n<div style=\"height:33px\" aria-hidden=\"true\" class=\"wp-block-spacer\"><\/div>\n\n\n\n<p><strong>Program \u201eAsystent osobisty osoby niepe\u0142nosprawnej\u201d skierowany jest do:<\/strong><\/p>\n\n\n\n<ol class=\"wp-block-list\" type=\"a\"><li>dzieci do 16. roku \u017cycia z orzeczeniem o niepe\u0142nosprawno\u015bci \u0142\u0105cznie ze wskazaniami: konieczno\u015bci sta\u0142ej lub d\u0142ugotrwa\u0142ej opieki lub pomocy innej osoby w zwi\u0105zku ze znacznie ograniczon\u0105 mo\u017cliwo\u015bci\u0105 samodzielnej egzystencji oraz konieczno\u015bci sta\u0142ego wsp\u00f3\u0142udzia\u0142u na co dzie\u0144 opiekuna dziecka w procesie jego leczenia, rehabilitacji i edukacji oraz<\/li><li>os\u00f3b niepe\u0142nosprawnych posiadaj\u0105cych orzeczenie:<\/li><\/ol>\n\n\n\n<ul class=\"wp-block-list\"><li>znacznym stopniu niepe\u0142nosprawno\u015bci albo<\/li><li>o umiarkowanym stopniu niepe\u0142nosprawno\u015bci albo<\/li><li>traktowane na r\u00f3wni z orzeczeniami wymienionymi w lit. a i b, zgodnie z art. 5 i art. 62 ustawy z dnia 27 sierpnia 1997 r. o rehabilitacji zawodowej<br>i spo\u0142ecznej oraz zatrudnianiu os\u00f3b niepe\u0142nosprawnych.<\/li><\/ul>\n\n\n\n<div style=\"height:26px\" aria-hidden=\"true\" class=\"wp-block-spacer\"><\/div>\n\n\n\n<p><strong>Us\u0142ugi asystenta w szczeg\u00f3lno\u015bci b\u0119d\u0105 polega\u0107 na pomocy asystenta w:<\/strong><\/p>\n\n\n\n<ul class=\"wp-block-list\"><li>wykonywaniu przez uczestnika czynno\u015bci dnia codziennego;<\/li><li>wyj\u015bciu, powrocie lub dojazdach z uczestnikiem w wybrane przez uczestnika miejsca;<\/li><li>za\u0142atwianiu przez uczestnika spraw urz\u0119dowych;<\/li><li>korzystaniu przez uczestnika z d\u00f3br kultury (np. muzeum, teatr, kino, galeria sztuki, wystawa);<\/li><li>zaprowadzaniu i odebraniu dzieci z orzeczeniem o niepe\u0142nosprawno\u015bci do plac\u00f3wki o\u015bwiatowej.<\/li><\/ul>\n\n\n\n<div style=\"height:23px\" aria-hidden=\"true\" class=\"wp-block-spacer\"><\/div>\n\n\n\n<p>G\u0142\u00f3wnym celem Programu jest wprowadzenie us\u0142ugi asystenta jako formy og\u00f3lnodost\u0119pnego wsparcia. Program ma zapewni\u0107 us\u0142ug\u0119 asystenta osobistego osoby niepe\u0142nosprawnej, maj\u0105c\u0105 na celu pomoc uczestnikom Programu w&nbsp;wykonywaniu codziennych czynno\u015bci oraz w funkcjonowaniu w \u017cyciu spo\u0142ecznym<\/p>\n\n\n\n<div style=\"height:27px\" aria-hidden=\"true\" class=\"wp-block-spacer\"><\/div>\n\n\n<div class=\"wp-block-image\">\n<figure class=\"aligncenter size-large\"><a href=\"https:\/\/mops.malbork.pl\/wp-content\/uploads\/2023\/03\/plakat-AOON-2023.jpg\"><img loading=\"lazy\" decoding=\"async\" width=\"777\" height=\"1024\" src=\"https:\/\/mops.malbork.pl\/wp-content\/uploads\/2023\/03\/plakat-AOON-2023-777x1024.jpg\" alt=\"Dofinansowwanie z funduszu solidarno\u015bciowego asystent osobisty osoby niepe\u0142nosprawnej Edycja 2023 dofinansowanie 1451789,46 z\u0142 ca\u0142kowiata warto\u015b\u0107 1451789,46z\u0142 Flaga Polski God\u0142o Polski\" class=\"wp-image-2034\" srcset=\"https:\/\/mops.malbork.pl\/wp-content\/uploads\/2023\/03\/plakat-AOON-2023-777x1024.jpg 777w, https:\/\/mops.malbork.pl\/wp-content\/uploads\/2023\/03\/plakat-AOON-2023-228x300.jpg 228w, https:\/\/mops.malbork.pl\/wp-content\/uploads\/2023\/03\/plakat-AOON-2023-768x1012.jpg 768w, https:\/\/mops.malbork.pl\/wp-content\/uploads\/2023\/03\/plakat-AOON-2023.jpg 800w\" sizes=\"auto, (max-width: 777px) 100vw, 777px\" \/><\/a><\/figure>\n<\/div>","protected":false},"excerpt":{"rendered":"<p>Miejski O\u015brodek Pomocy Spo\u0142ecznej w Malborku informuje, \u017ce realizuje Program&nbsp;\u201eAsystent osobisty osoby niepe\u0142nosprawnej\u201d&nbsp;\u2013 edycja 2023, finansowany ze \u015brodk\u00f3w Pa\u0144stwowego Funduszu Celowego w ramach Funduszu Solidarno\u015bciowego. Podstaw\u0105 prawn\u0105 Programu jest art. 7 ust. 5 oraz art. 13 ustawy z dnia 23 pa\u017adziernika 2018 r. o Funduszu Solidarno\u015bciowym (Dz. U. z 2020 r. poz. 1787, z p\u00f3\u017an. [&hellip;]<\/p>\n","protected":false},"author":3,"featured_media":0,"parent":1522,"menu_order":0,"comment_status":"closed","ping_status":"closed","template":"","meta":{"footnotes":""},"class_list":["post-2036","page","type-page","status-publish","hentry"],"_links":{"self":[{"href":"https:\/\/mops.malbork.pl\/index.php?rest_route=\/wp\/v2\/pages\/2036","targetHints":{"allow":["GET"]}}],"collection":[{"href":"https:\/\/mops.malbork.pl\/index.php?rest_route=\/wp\/v2\/pages"}],"about":[{"href":"https:\/\/mops.malbork.pl\/index.php?rest_route=\/wp\/v2\/types\/page"}],"author":[{"embeddable":true,"href":"https:\/\/mops.malbork.pl\/index.php?rest_route=\/wp\/v2\/users\/3"}],"replies":[{"embeddable":true,"href":"https:\/\/mops.malbork.pl\/index.php?rest_route=%2Fwp%2Fv2%2Fcomments&post=2036"}],"version-history":[{"count":2,"href":"https:\/\/mops.malbork.pl\/index.php?rest_route=\/wp\/v2\/pages\/2036\/revisions"}],"predecessor-version":[{"id":2039,"href":"https:\/\/mops.malbork.pl\/index.php?rest_route=\/wp\/v2\/pages\/2036\/revisions\/2039"}],"up":[{"embeddable":true,"href":"https:\/\/mops.malbork.pl\/index.php?rest_route=\/wp\/v2\/pages\/1522"}],"wp:attachment":[{"href":"https:\/\/mops.malbork.pl\/index.php?rest_route=%2Fwp%2Fv2%2Fmedia&parent=2036"}],"curies":[{"name":"wp","href":"https:\/\/api.w.org\/{rel}","templated":true}]}}