{"id":1894,"date":"2022-08-18T10:42:45","date_gmt":"2022-08-18T08:42:45","guid":{"rendered":"https:\/\/mops.malbork.pl\/?page_id=1894"},"modified":"2022-10-12T18:57:27","modified_gmt":"2022-10-12T16:57:27","slug":"dodatek-weglowy","status":"publish","type":"page","link":"https:\/\/mops.malbork.pl\/?page_id=1894","title":{"rendered":"Dodatek w\u0119glowy"},"content":{"rendered":"\n<figure class=\"wp-block-image size-full\"><a href=\"https:\/\/mops.malbork.pl\/wp-content\/uploads\/2022\/08\/dodatek_weglowy.jpg\"><img loading=\"lazy\" decoding=\"async\" width=\"800\" height=\"450\" src=\"https:\/\/mops.malbork.pl\/wp-content\/uploads\/2022\/08\/dodatek_weglowy.jpg\" alt=\"Dodatek w\u0119glowy, 3000 z\u0142 dla gospodarstw domowych. Termin sk\u0142adania wniosk\u00f3w: do 30 listopada 2022 r. Warunkiem koniecznym jest uzyskanie wpisu lub zg\u0142oszenie \u017ar\u00f3d\u0142a ogrzewania do Centralnej Ewidencji Emisyjno\u015bci Budynk\u00f3w CEEB\" class=\"wp-image-1891\" srcset=\"https:\/\/mops.malbork.pl\/wp-content\/uploads\/2022\/08\/dodatek_weglowy.jpg 800w, https:\/\/mops.malbork.pl\/wp-content\/uploads\/2022\/08\/dodatek_weglowy-300x169.jpg 300w, https:\/\/mops.malbork.pl\/wp-content\/uploads\/2022\/08\/dodatek_weglowy-768x432.jpg 768w\" sizes=\"auto, (max-width: 800px) 100vw, 800px\" \/><\/a><\/figure>\n\n\n\n<div style=\"height:28px\" aria-hidden=\"true\" class=\"wp-block-spacer\"><\/div>\n\n\n\n<div class=\"wp-block-buttons is-layout-flex wp-block-buttons-is-layout-flex\">\n<div class=\"wp-block-button\"><a class=\"wp-block-button__link\" href=\"https:\/\/mops.malbork.pl\/?p=1941\">Wa\u017cne zmiany w dodatku w\u0119glowym<\/a><\/div>\n<\/div>\n\n\n\n<div style=\"height:25px\" aria-hidden=\"true\" class=\"wp-block-spacer\"><\/div>\n\n\n\n<hr class=\"wp-block-separator has-alpha-channel-opacity\"\/>\n\n\n\n<p><em>Od 17 sierpnia 2022 r. w Miejskim O\u015brodku Pomocy Spo\u0142ecznej w Malborku mo\u017cna sk\u0142ada\u0107 wnioski o dodatek w\u0119glowy.<\/em><\/p>\n\n\n\n<div style=\"height:20px\" aria-hidden=\"true\" class=\"wp-block-spacer\"><\/div>\n\n\n\n<p><em>Dla gospodarstwa domowego wynosi on <\/em><strong><em>3000 z\u0142.<\/em><\/strong><em> Przyznanie dodatku nie jest uzale\u017cnione od kryterium dochodowego.<\/em><\/p>\n\n\n\n<div style=\"height:18px\" aria-hidden=\"true\" class=\"wp-block-spacer\"><\/div>\n\n\n\n<p><strong>Poprawnie uzupe\u0142niony i kompletny wniosek sk\u0142ada si\u0119 do dnia 30 listopada 2022 r. <\/strong><em>Wszystkie wnioski z\u0142o\u017cone po terminie pozostan\u0105 nierozpatrzone.<\/em><br><\/p>\n\n\n\n<div style=\"height:21px\" aria-hidden=\"true\" class=\"wp-block-spacer\"><\/div>\n\n\n\n<p><strong>Informacja o przyznaniu \u015bwiadczenia.<\/strong><\/p>\n\n\n\n<p>Przyznanie dodatku os\u0142onowego nie wymaga wydania decyzji. I<strong>nformacja o przyznaniu dodatku w\u0119glowego b\u0119dzie przekazywana na wskazany przez wnioskodawc\u0119 adres poczty elektronicznej. <\/strong>Odmowa przyznania dodatku w\u0119glowego, uchylenie lub zmiana prawa do tego dodatku oraz rozstrzygni\u0119cie w sprawie nienale\u017cnie pobranego dodatku os\u0142onowego wymagaj\u0105 wydania decyzji.<br><\/p>\n\n\n\n<div style=\"height:16px\" aria-hidden=\"true\" class=\"wp-block-spacer\"><\/div>\n\n\n\n<p><strong>Komu przys\u0142uguje dodatek w\u0119glowy:<\/strong><\/p>\n\n\n\n<p>Dodatek w\u0119glowy przys\u0142uguje osobie w danym gospodarstwie domowym, gdzie g\u0142\u00f3wnym \u017ar\u00f3d\u0142em ogrzewania gospodarstwa domowego jest:<br><\/p>\n\n\n\n<div style=\"height:19px\" aria-hidden=\"true\" class=\"wp-block-spacer\"><\/div>\n\n\n\n<ul class=\"wp-block-list\"><li>kocio\u0142 na paliwo sta\u0142e,<\/li><li>kominek,<\/li><li>koza,<\/li><li>ogrzewacz powietrza,<\/li><li>trzon kuchenny,<\/li><li>piecokuchnia,<\/li><li>kuchnia w\u0119glowa lub piec kaflowy<\/li><\/ul>\n\n\n\n<div style=\"height:17px\" aria-hidden=\"true\" class=\"wp-block-spacer\"><\/div>\n\n\n\n<p>na paliwo sta\u0142e i jest ono zasilane paliwami sta\u0142ymi oraz zosta\u0142o wpisane lub zg\u0142oszone do centralnej ewidencji emisyjno\u015bci budynk\u00f3w, o kt\u00f3rej mowa w art. 27a ust. 1 ustawy z dnia 21 listopada 2008 r. o wspieraniu termomodernizacji i remont\u00f3w oraz o centralnej ewidencji emisyjno\u015bci budynk\u00f3w (Dz.U. z 2022 r. poz. 438 z p\u00f3\u017an. zm.).<br><\/p>\n\n\n\n<div style=\"height:22px\" aria-hidden=\"true\" class=\"wp-block-spacer\"><\/div>\n\n\n\n<p><strong>Przez paliwa sta\u0142e rozumie si\u0119: <\/strong>w\u0119giel kamienny, brykiet lub pelet zawieraj\u0105ce co najmniej 85% w\u0119gla kamiennego.<br><\/p>\n\n\n\n<div style=\"height:18px\" aria-hidden=\"true\" class=\"wp-block-spacer\"><\/div>\n\n\n\n<p><strong>Przez gospodarstwo domowe rozumie si\u0119:<\/strong><\/p>\n\n\n\n<ul class=\"wp-block-list\"><li>osob\u0119 fizyczn\u0105 samotnie zamieszkuj\u0105c\u0105 i gospodaruj\u0105c\u0105 (gospodarstwo domowe jednoosobowe),<\/li><li>osob\u0119 fizyczn\u0105 oraz osoby z ni\u0105 spokrewnione lub niespokrewnione pozostaj\u0105ce w faktycznym zwi\u0105zku, wsp\u00f3lnie z ni\u0105 zamieszkuj\u0105ce i gospodaruj\u0105ce (gospodarstwo domowe wieloosobowe).<\/li><\/ul>\n\n\n\n<div style=\"height:19px\" aria-hidden=\"true\" class=\"wp-block-spacer\"><\/div>\n\n\n\n<p><strong>W danym gospodarstwie domowym z wnioskiem mo\u017ce wyst\u0105pi\u0107 wy\u0142\u0105cznie jedna osoba. <\/strong>Na potrzeby sk\u0142adania wniosk\u00f3w o wyp\u0142at\u0119 dodatku w\u0119glowego przyjmuje si\u0119, \u017ce <strong>jedna osoba mo\u017ce wchodzi\u0107 w sk\u0142ad tylko jednego gospodarstwa domowego<\/strong>.<br><\/p>\n\n\n\n<div style=\"height:13px\" aria-hidden=\"true\" class=\"wp-block-spacer\"><\/div>\n\n\n\n<p><strong>Gospodarstwu wieloosobowemu przys\u0142uguje jedno \u015bwiadczenie dla ca\u0142ej rodziny. <\/strong>W przypadku z\u0142o\u017cenia kilku wniosk\u00f3w, przez r\u00f3\u017cnych cz\u0142onk\u00f3w gospodarstwa domowego, <strong>dodatek ten przyznawany b\u0119dzie wnioskodawcy, kt\u00f3ry z\u0142o\u017cy\u0142 taki wniosek jako pierwszy.<\/strong><br><\/p>\n\n\n\n<div style=\"height:18px\" aria-hidden=\"true\" class=\"wp-block-spacer\"><\/div>\n\n\n\n<p><strong>WA\u017bNE !<\/strong><\/p>\n\n\n\n<p>Dodatek w\u0119glowy przys\u0142uguje gdy gospodarstwo domowe <strong>nie korzysta\u0142o i nie korzysta <\/strong>z paliwa sta\u0142ego zakupionego po cenie i od przedsi\u0119biorcy, o kt\u00f3rym mowa w art. 2 ust. 1 ustawy z dnia 23 czerwca 2022 r. o szczeg\u00f3lnych rozwi\u0105zaniach s\u0142u\u017c\u0105cych ochronie odbiorc\u00f3w niekt\u00f3rych paliw sta\u0142ych w zwi\u0105zku z sytuacj\u0105 na rynku tych paliw (Dz. U. poz. 1477 i 1692).<\/p>\n\n\n\n<div style=\"height:18px\" aria-hidden=\"true\" class=\"wp-block-spacer\"><\/div>\n\n\n\n<p><strong>Przez przedsi\u0119biorc\u0119 rozumie si\u0119 przedsi\u0119biorc\u0119 wykonuj\u0105cego dzia\u0142alno\u015b\u0107 gospodarcz\u0105 w zakresie wprowadzania do obrotu paliw, wpisanego do Centralnego Rejestru Podmiot\u00f3w Akcyzowych w rozumieniu art. 2 ust. 1 pkt 5a ustawy z dnia 6 grudnia 2008 r. o podatku akcyzowym (Dz. U. z 2022 r. poz. 143, 1137 i 1488), kt\u00f3ry sprzedawa\u0142 paliwa sta\u0142e dla gospodarstw domowych prowadzonych na terytorium Rzeczypospolitej Polskiej, po cenie nie wy\u017cszej ni\u017c 996,60 z\u0142 brutto za ton\u0119, w celu wykorzystania na potrzeby w\u0142asne tych gospodarstw domowych.<\/strong><br><\/p>\n\n\n\n<div style=\"height:19px\" aria-hidden=\"true\" class=\"wp-block-spacer\"><\/div>\n\n\n\n<p><strong>Wniosek o wyp\u0142at\u0119 dodatku w\u0119glowego mo\u017cna z\u0142o\u017cy\u0107:<\/strong><br><\/p>\n\n\n\n<div style=\"height:20px\" aria-hidden=\"true\" class=\"wp-block-spacer\"><\/div>\n\n\n\n<ul class=\"wp-block-list\"><li>w formie papierowej w siedzibie:<\/li><\/ul>\n\n\n\n<div style=\"height:19px\" aria-hidden=\"true\" class=\"wp-block-spacer\"><\/div>\n\n\n\n<p><strong>MIEJSKIEGO O\u015aRODKA POMOCY SPO\u0141ECZNEJ W MALBORKU<\/strong><\/p>\n\n\n\n<p>ul. J. S\u0142owackiego 74<\/p>\n\n\n\n<p>parter &#8211; punkt obs\u0142ugi w godzinach 8.00- 14.00<br><\/p>\n\n\n\n<div style=\"height:20px\" aria-hidden=\"true\" class=\"wp-block-spacer\"><\/div>\n\n\n\n<ul class=\"wp-block-list\"><li>w formie elektronicznej za pomoc\u0105 platformy <a href=\"https:\/\/epuap.gov.pl\">ePUAP<\/a>, opatruj\u0105c go kwalifikowanym podpisem elektronicznym lub uwierzytelniaj\u0105c z wykorzystaniem profilu zaufanego;<\/li><li>za po\u015brednictwem poczty tradycyjnej.<br><\/li><\/ul>\n\n\n\n<div style=\"height:13px\" aria-hidden=\"true\" class=\"wp-block-spacer\"><\/div>\n\n\n\n<p><strong>Instrukcja post\u0119powania w przypadku sk\u0142adania wniosku przez ePUAP:<\/strong><br><\/p>\n\n\n\n<ul class=\"wp-block-list\"><li>wydrukowa\u0107 wniosek,<\/li><li>dok\u0142adnie wype\u0142ni\u0107 i podpisa\u0107,<\/li><li>wniosek zeskanowa\u0107<\/li><li>zalogowa\u0107 si\u0119 na platformie <a href=\"https:\/\/epuap.gov.pl\">ePUAP<\/a> i z katalogu spraw wybra\u0107 zak\u0142adk\u0119 Pismo og\u00f3lne do podmiotu publicznego \u2013 Przycisk Za\u0142atw spraw\u0119,<\/li><li>w formularzu wpisa\u0107 informacj\u0119 dla urz\u0119du tzn. imi\u0119 i nazwisko, rodzaj wniosku oraz do\u0142\u0105czy\u0107 zeskanowany wniosek w formie za\u0142\u0105cznika,<\/li><li>podpisa\u0107 wniosek profilem zaufanym lub podpisem kwalifikowanym.<\/li><\/ul>\n\n\n\n<div style=\"height:21px\" aria-hidden=\"true\" class=\"wp-block-spacer\"><\/div>\n\n\n\n<p><strong>Dodatek w\u0119glowy wyp\u0142aca si\u0119 w terminie do 30 dni od dnia z\u0142o\u017cenia wniosku o jego wyp\u0142at\u0119.<\/strong><\/p>\n\n\n\n<div style=\"height:17px\" aria-hidden=\"true\" class=\"wp-block-spacer\"><\/div>\n\n\n\n<p><strong>Pobierz:<\/strong><\/p>\n\n\n\n<div data-wp-interactive=\"core\/file\" class=\"wp-block-file\"><object data-wp-bind--hidden=\"!state.hasPdfPreview\" hidden class=\"wp-block-file__embed\" data=\"https:\/\/mops.malbork.pl\/wp-content\/uploads\/2022\/08\/Wniosek_o_dodatek_weglowy_pdf.pdf\" type=\"application\/pdf\" style=\"width:100%;height:600px\" aria-label=\"Osadzone z Osadzone z Wniosek o wyp\u0142at\u0119 dodatku w\u0119glowego..\"><\/object><a id=\"wp-block-file--media-e6cbfde5-2875-4092-9a38-c2abd5d8bb9a\" href=\"https:\/\/mops.malbork.pl\/wp-content\/uploads\/2022\/08\/Wniosek_o_dodatek_weglowy_pdf.pdf\">Wniosek o wyp\u0142at\u0119 dodatku w\u0119glowego<\/a><a href=\"https:\/\/mops.malbork.pl\/wp-content\/uploads\/2022\/08\/Wniosek_o_dodatek_weglowy_pdf.pdf\" class=\"wp-block-file__button\" download aria-describedby=\"wp-block-file--media-e6cbfde5-2875-4092-9a38-c2abd5d8bb9a\">Pobierz<\/a><\/div>\n\n\n\n<div class=\"wp-block-file\"><a id=\"wp-block-file--media-cbe1c03d-6b79-4359-bbd5-859b854b4e6c\" href=\"https:\/\/mops.malbork.pl\/wp-content\/uploads\/2022\/08\/oswiadczenie_rodo.docx\">Klauzula informacyjna dotycz\u0105ca przetwarzania danych osobowych wnioskodawc\u00f3w o wyp\u0142at\u0119 dodatku w\u0119glowego<\/a><a href=\"https:\/\/mops.malbork.pl\/wp-content\/uploads\/2022\/08\/oswiadczenie_rodo.docx\" class=\"wp-block-file__button\" download aria-describedby=\"wp-block-file--media-cbe1c03d-6b79-4359-bbd5-859b854b4e6c\">Pobierz<\/a><\/div>\n\n\n\n<div style=\"height:21px\" aria-hidden=\"true\" class=\"wp-block-spacer\"><\/div>\n\n\n\n<p><strong>Wz\u00f3r wniosku wraz ze wskaz\u00f3wkami jak nale\u017cy go uzupe\u0142ni\u0107 mo\u017cna znale\u017a\u0107 na stronie <a href=\"https:\/\/www.gov.pl\/web\/klimat\/dodatek-weglowy\">Ministerstwa Klimatu i \u015arodowiska<\/a>.<\/strong><\/p>\n\n\n\n<p><strong><em>Podstawa prawna:ustawa z dnia 5 sierpnia 2022 r. o dodatku w\u0119glowym (Dz.U. poz 1692 z 2022 r.)<\/em><\/strong><\/p>\n","protected":false},"excerpt":{"rendered":"<p>Od 17 sierpnia 2022 r. w Miejskim O\u015brodku Pomocy Spo\u0142ecznej w Malborku mo\u017cna sk\u0142ada\u0107 wnioski o dodatek w\u0119glowy. Dla gospodarstwa domowego wynosi on 3000 z\u0142. Przyznanie dodatku nie jest uzale\u017cnione od kryterium dochodowego. Poprawnie uzupe\u0142niony i kompletny wniosek sk\u0142ada si\u0119 do dnia 30 listopada 2022 r. Wszystkie wnioski z\u0142o\u017cone po terminie pozostan\u0105 nierozpatrzone. Informacja o [&hellip;]<\/p>\n","protected":false},"author":3,"featured_media":0,"parent":0,"menu_order":14,"comment_status":"closed","ping_status":"closed","template":"","meta":{"footnotes":""},"class_list":["post-1894","page","type-page","status-publish","hentry"],"_links":{"self":[{"href":"https:\/\/mops.malbork.pl\/index.php?rest_route=\/wp\/v2\/pages\/1894","targetHints":{"allow":["GET"]}}],"collection":[{"href":"https:\/\/mops.malbork.pl\/index.php?rest_route=\/wp\/v2\/pages"}],"about":[{"href":"https:\/\/mops.malbork.pl\/index.php?rest_route=\/wp\/v2\/types\/page"}],"author":[{"embeddable":true,"href":"https:\/\/mops.malbork.pl\/index.php?rest_route=\/wp\/v2\/users\/3"}],"replies":[{"embeddable":true,"href":"https:\/\/mops.malbork.pl\/index.php?rest_route=%2Fwp%2Fv2%2Fcomments&post=1894"}],"version-history":[{"count":11,"href":"https:\/\/mops.malbork.pl\/index.php?rest_route=\/wp\/v2\/pages\/1894\/revisions"}],"predecessor-version":[{"id":1944,"href":"https:\/\/mops.malbork.pl\/index.php?rest_route=\/wp\/v2\/pages\/1894\/revisions\/1944"}],"wp:attachment":[{"href":"https:\/\/mops.malbork.pl\/index.php?rest_route=%2Fwp%2Fv2%2Fmedia&parent=1894"}],"curies":[{"name":"wp","href":"https:\/\/api.w.org\/{rel}","templated":true}]}}