{"id":14,"date":"2015-02-07T22:26:06","date_gmt":"2015-02-07T22:26:06","guid":{"rendered":"http:\/\/mops1.home.pl\/mops2015\/?page_id=14"},"modified":"2018-09-04T20:17:56","modified_gmt":"2018-09-04T18:17:56","slug":"zadania","status":"publish","type":"page","link":"https:\/\/mops.malbork.pl\/?page_id=14","title":{"rendered":"Zadania"},"content":{"rendered":"<p>Miejski O\u015brodek Pomocy Spo\u0142ecznej realizuje zadania w\u0142asne i zadania zlecone w zakresie ustalonym ustawami i aktami wykonawczymi do ustaw oraz uchwa\u0142ami Rady Miasta i Burmistrza Miasta Malborka. Do zada\u0144 tych nale\u017cy w szczeg\u00f3lno\u015bci:<\/p>\n<ol>\n<li>Przyznawanie i wyp\u0142acanie przewidzianych ustaw\u0105 \u015bwiadcze\u0144 z zakresu pomocy spo\u0142ecznej m.in. zasi\u0142k\u00f3w sta\u0142ych, okresowych i innych.<\/li>\n<li>\u015awiadczenie us\u0142ug opieku\u0144czych, w tym specjalistycznych w miejscu zamieszkania.<\/li>\n<li>Udzielanie pomocy w formie posi\u0142k\u00f3w, schronienia i niezb\u0119dnego ubrania osobom tego pozbawionym, w tym bezdomnym.<\/li>\n<li>Praca socjalna.<\/li>\n<li>Przyznawanie i wyp\u0142acanie \u015bwiadcze\u0144 rodzinnych.<\/li>\n<li>Przyznawanie i wyp\u0142acanie zasi\u0142k\u00f3w celowych i okresowych w oparciu o ustaw\u0119 o kombatantach oraz niekt\u00f3rych osobach b\u0119d\u0105cych ofiarami represji wojennych i okresu powojennego.<\/li>\n<li>Przyznawanie i wyp\u0142acanie dodatk\u00f3w mieszkaniowych.<\/li>\n<\/ol>\n<p>Do wydawania indywidualnych decyzji administracyjnych w sprawach nale\u017c\u0105cych do przedmiotu wszystkich dzia\u0142a\u0144 Miejskiego O\u015brodka Pomocy Spo\u0142ecznej w Malborku upowa\u017cniony jest Kierownik MOPS. Miejski O\u015brodek Pomocy Spo\u0142ecznej za\u0142atwia sprawy w oparciu o Kodeks Post\u0119powania Administracyjnego z uwzgl\u0119dnieniem szczeg\u00f3\u0142owych unormowa\u0144 wynikaj\u0105cych z ustawy o pomocy spo\u0142ecznej.<\/p>\n","protected":false},"excerpt":{"rendered":"<p>Miejski O\u015brodek Pomocy Spo\u0142ecznej realizuje zadania w\u0142asne i zadania zlecone w zakresie ustalonym ustawami i aktami wykonawczymi do ustaw oraz uchwa\u0142ami Rady Miasta i Burmistrza Miasta Malborka. Do zada\u0144 tych nale\u017cy w szczeg\u00f3lno\u015bci: Przyznawanie i wyp\u0142acanie przewidzianych ustaw\u0105 \u015bwiadcze\u0144 z zakresu pomocy spo\u0142ecznej m.in. zasi\u0142k\u00f3w sta\u0142ych, okresowych i innych. \u015awiadczenie us\u0142ug opieku\u0144czych, w tym specjalistycznych [&hellip;]<\/p>\n","protected":false},"author":1,"featured_media":0,"parent":8,"menu_order":3,"comment_status":"closed","ping_status":"open","template":"","meta":{"footnotes":""},"class_list":["post-14","page","type-page","status-publish","hentry"],"_links":{"self":[{"href":"https:\/\/mops.malbork.pl\/index.php?rest_route=\/wp\/v2\/pages\/14","targetHints":{"allow":["GET"]}}],"collection":[{"href":"https:\/\/mops.malbork.pl\/index.php?rest_route=\/wp\/v2\/pages"}],"about":[{"href":"https:\/\/mops.malbork.pl\/index.php?rest_route=\/wp\/v2\/types\/page"}],"author":[{"embeddable":true,"href":"https:\/\/mops.malbork.pl\/index.php?rest_route=\/wp\/v2\/users\/1"}],"replies":[{"embeddable":true,"href":"https:\/\/mops.malbork.pl\/index.php?rest_route=%2Fwp%2Fv2%2Fcomments&post=14"}],"version-history":[{"count":4,"href":"https:\/\/mops.malbork.pl\/index.php?rest_route=\/wp\/v2\/pages\/14\/revisions"}],"predecessor-version":[{"id":634,"href":"https:\/\/mops.malbork.pl\/index.php?rest_route=\/wp\/v2\/pages\/14\/revisions\/634"}],"up":[{"embeddable":true,"href":"https:\/\/mops.malbork.pl\/index.php?rest_route=\/wp\/v2\/pages\/8"}],"wp:attachment":[{"href":"https:\/\/mops.malbork.pl\/index.php?rest_route=%2Fwp%2Fv2%2Fmedia&parent=14"}],"curies":[{"name":"wp","href":"https:\/\/api.w.org\/{rel}","templated":true}]}}