{"id":1105,"date":"2019-06-07T10:07:16","date_gmt":"2019-06-07T08:07:16","guid":{"rendered":"http:\/\/mops1.home.pl\/mops2015\/?page_id=1105"},"modified":"2024-01-08T12:47:35","modified_gmt":"2024-01-08T10:47:35","slug":"zasilek-dla-opiekuna","status":"publish","type":"page","link":"https:\/\/mops.malbork.pl\/?page_id=1105","title":{"rendered":"Zasi\u0142ek dla opiekuna"},"content":{"rendered":"\n<p><strong>INFORMACJA O ZMIANACH W ZASADACH DOTYCZ\u0104CYCH UPRAWNIE\u0143 DO ZASI\u0141KU DLA OPIEKUNA<\/strong><\/p>\n\n\n\n<div style=\"height:27px\" aria-hidden=\"true\" class=\"wp-block-spacer\"><\/div>\n\n\n\n<p>W zwi\u0105zku z wej\u015bciem w \u017cycie ustawy z dnia 7 lipca 2023 r. o \u015bwiadczeniu wspieraj\u0105cym (Dz. U. z 2023 r. poz. 1429), zwanej dalej ustaw\u0105, pocz\u0105wszy <strong>od 1 stycznia 2024 r.<\/strong> ulegaj\u0105 zmianie przes\u0142anki do przyznania \u015bwiadczenia piel\u0119gnacyjnego.<\/p>\n\n\n\n<div style=\"height:24px\" aria-hidden=\"true\" class=\"wp-block-spacer\"><\/div>\n\n\n\n<p><strong>Z uwagi na powy\u017csze zmianie ulegn\u0105 tak\u017ce zasady dotycz\u0105ce uprawnie\u0144 do \u015bwiadczenia piel\u0119gnacyjnego, specjalnego zasi\u0142ku opieku\u0144czego i zasi\u0142ku dla opiekuna.<\/strong><\/p>\n\n\n\n<div style=\"height:21px\" aria-hidden=\"true\" class=\"wp-block-spacer\"><\/div>\n\n\n\n<p><strong>ZASI\u0141EK DLA OPIEKUNA<\/strong> &#8211;<strong>zasady od 1 stycznia 2024 r.<\/strong><\/p>\n\n\n\n<div style=\"height:24px\" aria-hidden=\"true\" class=\"wp-block-spacer\"><\/div>\n\n\n\n<p>Zasi\u0142ek dla opiekuna jest pozosta\u0142o\u015bci\u0105 poprzedniego systemu wsparcia opiekun\u00f3w doros\u0142ych os\u00f3b niepe\u0142nosprawnych. \u015awiadczenie przys\u0142uguje osobie, je\u017celi decyzja o przyznaniu jej prawa do \u015bwiadczenia piel\u0119gnacyjnego wygas\u0142a z mocy prawa na podstawie art. 11 ust. 3 ustawy z dnia 7 grudnia 2012 r. o zmianie ustawy o \u015bwiadczeniach rodzinnych oraz niekt\u00f3rych innych ustaw z dniem 1 lipca 2013 r.<\/p>\n\n\n\n<div style=\"height:23px\" aria-hidden=\"true\" class=\"wp-block-spacer\"><\/div>\n\n\n\n<p>Wydane decyzje dotycz\u0105ce ustalenia prawa do zasi\u0142ku dla opiekuna pozostaj\u0105 w mocy, przy czym w sprawach nieuregulowanych w ustawie stosuje si\u0119 odpowiednio obowi\u0105zuj\u0105ce do dnia 31 grudnia 2023 r. przepisy ustawy z dnia 28 listopada 2003 r. o \u015bwiadczeniach rodzinnych dotycz\u0105ce \u015bwiadcze\u0144 piel\u0119gnacyjnych.<\/p>\n\n\n\n<div style=\"height:24px\" aria-hidden=\"true\" class=\"wp-block-spacer\"><\/div>\n\n\n\n<p>W przypadku up\u0142ywu terminu, na kt\u00f3ry zosta\u0142a wydana decyzja, w zwi\u0105zku z utrat\u0105 wa\u017cno\u015bci orzeczenia o niepe\u0142nosprawno\u015bci lub orzeczenia o stopniu niepe\u0142nosprawno\u015bci, prawo do zasi\u0142ku dla opiekuna, w zwi\u0105zku z uzyskaniem nowego orzeczenia, ustala si\u0119 na wniosek.<\/p>\n\n\n\n<div style=\"height:24px\" aria-hidden=\"true\" class=\"wp-block-spacer\"><\/div>\n\n\n\n<p>W takim przypadku, prawo do zasi\u0142ku dla opiekuna przys\u0142uguje, je\u017celi wniosek o ustalenie prawa do zasi\u0142ku dla opiekuna zosta\u0142 z\u0142o\u017cony w okresie 3 miesi\u0119cy, licz\u0105c od dnia wydania orzeczenia o niepe\u0142nosprawno\u015bci lub orzeczenia o stopniu niepe\u0142nosprawno\u015bci. Kwota zasi\u0142ku dla opiekuna w 2024 r. wynosi <strong>620,00 z<\/strong><strong>\u0142<\/strong><strong> i<\/strong> jest waloryzowana co 3 lata.<\/p>\n\n\n\n<div style=\"height:26px\" aria-hidden=\"true\" class=\"wp-block-spacer\"><\/div>\n\n\n\n<p><strong>ZMIANY DOTYCZ\u0104CE POBIERANIA \u015aWIADCZE\u0143 W PRZYPADKU \u015aMIERCI OSOBY WYMAGAJ\u0104CEJ OPIEKI<\/strong><\/p>\n\n\n\n<div style=\"height:26px\" aria-hidden=\"true\" class=\"wp-block-spacer\"><\/div>\n\n\n\n<p><strong>W przypadku \u015bmierci osoby wymagaj\u0105cej opieki, osoba pobieraj\u0105ca <\/strong>zasi\u0142ek dla opiekuna zachowuje do niego prawo do ostatniego dnia miesi\u0105ca nast\u0119puj\u0105cego po miesi\u0105cu, w kt\u00f3rym nast\u0105pi\u0142 zgon osoby wymagaj\u0105cej opieki, chyba \u017ce zgon osoby wymagaj\u0105cej opieki nast\u0105pi\u0142 przed dniem 1 stycznia 2024 r.<\/p>\n\n\n\n<div style=\"height:25px\" aria-hidden=\"true\" class=\"wp-block-spacer\"><\/div>\n\n\n\n<p>Osoba pobieraj\u0105ca zasi\u0142ek dla opiekuna, w opisanej sytuacji (po \u015bmierci osoby wymagaj\u0105cej opieki) nie traci prawa do:<\/p>\n\n\n\n<div style=\"height:24px\" aria-hidden=\"true\" class=\"wp-block-spacer\"><\/div>\n\n\n\n<p>1) \u015bwiadczenia rodzicielskiego,<\/p>\n\n\n\n<p>2) dodatku do zasi\u0142ku rodzinnego z tytu\u0142u opieki nad dzieckiem w okresie korzystania z urlopu wychowawczego;<\/p>\n\n\n\n<p>3) \u015bwiadczenia piel\u0119gnacyjnego albo specjalnego zasi\u0142ku opieku\u0144czego, pobieranych na dotychczasowych zasadach, albo zasi\u0142ku dla opiekuna, pomimo podj\u0119cia zatrudnienia lub innej pracy zarobkowej lub ustalenia tej osobie prawa do emerytury, renty, renty rodzinnej z tytu\u0142u \u015bmierci ma\u0142\u017conka przyznanej w przypadku zbiegu prawa do renty rodzinnej i innego \u015bwiadczenia emerytalno-rentowego, renty socjalnej, zasi\u0142ku sta\u0142ego, nauczycielskiego \u015bwiadczenia kompensacyjnego, zasi\u0142ku przedemerytalnego, \u015bwiadczenia przedemerytalnego lub rodzicielskiego \u015bwiadczenia uzupe\u0142niaj\u0105cego, lub \u015bwiadczenia pieni\u0119\u017cnego przyznanego na zasadach okre\u015blonych w ustawie o \u015bwiadczeniu pieni\u0119\u017cnym przys\u0142uguj\u0105cym cz\u0142onkom rodziny funkcjonariuszy lub \u017co\u0142nierzy zawodowych, kt\u00f3rych \u015bmier\u0107 nast\u0105pi\u0142a w zwi\u0105zku ze s\u0142u\u017cb\u0105 albo podj\u0119ciem poza s\u0142u\u017cb\u0105 czynno\u015bci ratowania \u017cycia lub zdrowia ludzkiego albo mienia.<\/p>\n\n\n\n<div style=\"height:24px\" aria-hidden=\"true\" class=\"wp-block-spacer\"><\/div>\n\n\n\n<p><strong>WP\u0141YW \u015aWIADCZENIA WSPIERAJ\u0104CEGO NA POBIERANE \u015aWIADCZENIA<\/strong><\/p>\n\n\n\n<div style=\"height:23px\" aria-hidden=\"true\" class=\"wp-block-spacer\"><\/div>\n\n\n\n<p><strong>Z<\/strong><strong>asi\u0142ek dla opiekuna nie przys\u0142uguj<\/strong><strong>e<\/strong><strong> je\u017celi osoba wymagaj\u0105ca opieki ma przyznane prawo do \u015bwiadczenia wspieraj\u0105cego,<\/strong> a \u015bwiadczenia wyp\u0142acone za okres za kt\u00f3ry osoba wymagaj\u0105ca opieki otrzyma\u0142a \u015bwiadczenie wspieraj\u0105ce stanowi\u0105 nienale\u017cnie pobrane \u015bwiadczenia i podlegaj\u0105 zwrotowi wraz z odsetkami za op\u00f3\u017anienie.<\/p>\n\n\n\n<div style=\"height:27px\" aria-hidden=\"true\" class=\"wp-block-spacer\"><\/div>\n\n\n\n<p>W przypadku gdy osoba wymagaj\u0105ca opieki lub osoba uprawniona do jej reprezentowania z\u0142o\u017cy\u0142y wniosek o ustalenie prawa do \u015bwiadczenia wspieraj\u0105cego post\u0119powanie z wniosku o ustalenie zasi\u0142ku dla opiekuna, zawiesza si\u0119 do czasu rozstrzygni\u0119cia sprawy z wniosku o ustalenie prawa do \u015bwiadczenia wspieraj\u0105cego.<\/p>\n\n\n\n<div style=\"height:21px\" aria-hidden=\"true\" class=\"wp-block-spacer\"><\/div>\n\n\n\n<p>W przypadku podj\u0119cia zawieszonego post\u0119powania, prawo do zasi\u0142ku dla opiekuna, ustala si\u0119 po dokonaniu przez Zak\u0142ad Ubezpiecze\u0144 Spo\u0142ecznych rozstrzygni\u0119cia sprawy z wniosku o ustalenie prawa do \u015bwiadczenia wspieraj\u0105cego.<\/p>\n\n\n\n<div style=\"height:23px\" aria-hidden=\"true\" class=\"wp-block-spacer\"><\/div>\n\n\n\n<p>Wyp\u0142ata zasi\u0142ku dla opiekuna, podlega wstrzymaniu, je\u017celi osoba wymagaj\u0105ca opieki lub osoba uprawniona do jej reprezentowania z\u0142o\u017cy\u0142a wniosek o ustalenie prawa do \u015bwiadczenia wspieraj\u0105cego.<\/p>\n\n\n\n<div style=\"height:19px\" aria-hidden=\"true\" class=\"wp-block-spacer\"><\/div>\n\n\n\n<p>W przypadku odmowy przyznania osobie wymagaj\u0105cej opieki \u015bwiadczenia wspieraj\u0105cego lub pozostawienia wniosku o to \u015bwiadczenie bez rozpatrzenia, zasi\u0142ek dla opiekuna, wyp\u0142aca si\u0119 od miesi\u0105ca, w kt\u00f3rym wstrzymano ich wyp\u0142at\u0119 do ko\u0144ca okresu na jaki je przyznano, je\u017celi osoba spe\u0142nia warunki okre\u015blone do ich pobierania.<\/p>\n\n\n\n<div style=\"height:22px\" aria-hidden=\"true\" class=\"wp-block-spacer\"><\/div>\n\n\n\n<p><strong>Utrata prawa do zasi\u0142ku dla opiekuna zwi\u0105zana z uzyskaniem prawa do \u015bwiadczenia wspieraj\u0105cego skutkuje trwa\u0142\u0105 utrat\u0105 prawa do tych \u015bwiadcze\u0144 i uniemo\u017cliwia ponowne uzyskanie prawa do ich pobierania.<\/strong><\/p>\n\n\n\n<div style=\"height:21px\" aria-hidden=\"true\" class=\"wp-block-spacer\"><\/div>\n\n\n\n<p><strong>JE\u015aLI W DNIU 31.12.2023 JESTE\u015a UPRAWNIONY\/-A DO ZASI\u0141KU DLA OPIEKUNA<\/strong><\/p>\n\n\n\n<div style=\"height:24px\" aria-hidden=\"true\" class=\"wp-block-spacer\"><\/div>\n\n\n\n<p>po 1 stycznia 2024 r. korzystasz z ochrony praw nabytych i mo\u017cesz pobiera\u0107 go nadal pobiera\u0107 na dotychczasowych zasadach.<\/p>\n\n\n\n<div style=\"height:25px\" aria-hidden=\"true\" class=\"wp-block-spacer\"><\/div>\n\n\n\n<p>Oznacza to, i\u017c:<\/p>\n\n\n\n<p>\u2714 przyznane \u015bwiadczenie pozostaje w mocy<\/p>\n\n\n\n<p>\u2714 w dalszym ci\u0105gu nie mo\u017cesz by\u0107 osob\u0105 aktywn\u0105 zawodowo, oraz<\/p>\n\n\n\n<p>\u2714 w dalszym ci\u0105gu nie mo\u017cesz \u0142\u0105czy\u0107 prawa do zasi\u0142ku dla opiekuna z prawem do innych \u015bwiadcze\u0144, w szczeg\u00f3lno\u015bci emerytury, renty z tytu\u0142u ca\u0142kowitej niezdolno\u015bci do pracy, renty rodzinnej z tytu\u0142u \u015bmierci ma\u0142\u017conka przyznanej w przypadku zbiegu prawa do renty rodzinnej i innego \u015bwiadczenia emerytalno-rentowego, czy renty socjalnej.<\/p>\n\n\n\n<p>\u2714 aby zachowa\u0107 prawo do zasi\u0142ku dla opiekuna po up\u0142ywie okresu wa\u017cno\u015bci orzeczenia o niepe\u0142nosprawno\u015bci lub stopnia niepe\u0142nosprawno\u015bci, musisz terminowo z\u0142o\u017cy\u0107 wniosek o ustalenie prawa do zasi\u0142ku dla opiekuna na dalszy okres.<\/p>\n\n\n\n<div style=\"height:24px\" aria-hidden=\"true\" class=\"wp-block-spacer\"><\/div>\n\n\n\n<p><strong>OCHRONA PRAW NABYTYCH \u2013 KORZYSTANIE PO 31.12.2023 R. ZE \u015aWIADCZE\u0143 NA DOTYCHCZASOWYCH ZASADACH<\/strong><\/p>\n\n\n\n<div style=\"height:22px\" aria-hidden=\"true\" class=\"wp-block-spacer\"><\/div>\n\n\n\n<p><\/p>\n\n\n\n<p><strong>OSOBY UPRAWNIONE<\/strong><\/p>\n\n\n\n<div style=\"height:25px\" aria-hidden=\"true\" class=\"wp-block-spacer\"><\/div>\n\n\n\n<p>Przys\u0142uguje tylko i wy\u0142\u0105cznie osobom, kt\u00f3re pobiera\u0142y \u015bwiadczenie piel\u0119gnacyjne&nbsp;i utraci\u0142y do niego prawo z dniem 1 lipca 2013 r., w zwi\u0105zku z wyga\u015bni\u0119ciem z mocy prawa decyzji administracyjnej ustalaj\u0105cej prawo do \u015bwiadczenia piel\u0119gnacyjnego.<\/p>\n\n\n\n<div style=\"height:25px\" aria-hidden=\"true\" class=\"wp-block-spacer\"><\/div>\n\n\n\n<p>O prawo do zasi\u0142ku ubiega\u0107 si\u0119 nale\u017ca\u0142o maksymalnie w terminie 4 miesi\u0119cy od dnia wej\u015bcia w \u017cycie ustawy z dnia 4 kwietnia 2014 r. o ustaleniu i wyp\u0142acie zasi\u0142k\u00f3w dla opiekun\u00f3w, tj. w okresie od 15 maja 2014 r. do 15 wrze\u015bnia 2014 r.<br>\nPrawo do zasi\u0142ku dla opiekuna przys\u0142uguje za okresy od 1 lipca 2013 r. do dnia poprzedzaj\u0105cego dzie\u0144 wej\u015bcia ustawy dotycz\u0105cej zasi\u0142ku dla opiekuna oraz od dnia wej\u015bcia w \u017cycie ustawy o wyp\u0142acie zasi\u0142k\u00f3w dla opiekun\u00f3w. Prawo do zasi\u0142ku ustalane jest na okres wa\u017cno\u015bci orzeczenia o niepe\u0142nosprawno\u015bci osoby wymagaj\u0105cej opieki (do ostatniego dnia miesi\u0105ca, w kt\u00f3rym up\u0142ywa termin wa\u017cno\u015bci orzeczenia lub bezterminowo) pod warunkiem, \u017ce spe\u0142nione s\u0105 przes\u0142anki do otrzymania \u015bwiadczenia piel\u0119gnacyjnego w brzmieniu ustawy o \u015bwiadczeniach rodzinnych obowi\u0105zuj\u0105cej w dniu 31 grudnia 2012 r.<\/p>\n\n\n\n<div style=\"height:23px\" aria-hidden=\"true\" class=\"wp-block-spacer\"><\/div>\n\n\n\n<p>Do przes\u0142anek tych zalicza si\u0119 mi\u0119dzy innymi:<\/p>\n\n\n\n<ul class=\"wp-block-list\">\n<li>rezygnacj\u0119 lub niepodejmowanie zatrudnienia z uwagi na sprawowan\u0105 opiek\u0105 nad osob\u0105 niepe\u0142nosprawn\u0105;<\/li>\n\n\n\n<li>legitymowanie si\u0119 osoby niepe\u0142nosprawnej orzeczeniem o znacznym stopniu niepe\u0142nosprawno\u015bci lub orzeczeniem o niepe\u0142nosprawno\u015bci \u0142\u0105cznie ze wskazaniami: konieczno\u015bci sta\u0142ej lub d\u0142ugotrwa\u0142ej opieki lub pomocy innej osoby w zwi\u0105zku ze znacznie ograniczon\u0105 mo\u017cliwo\u015bci\u0105 samodzielnej egzystencji oraz konieczno\u015bci sta\u0142ego wsp\u00f3\u0142udzia\u0142u na co dzie\u0144 opiekuna dziecka w procesie jego leczenia, rehabilitacji i edukacji;<\/li>\n\n\n\n<li>brak uprawnie\u0144 osoby sprawuj\u0105cej opiek\u0119, mi\u0119dzy innymi do \u015bwiadcze\u0144 emerytalno-rentowych.<\/li>\n<\/ul>\n\n\n\n<div style=\"height:25px\" aria-hidden=\"true\" class=\"wp-block-spacer\"><\/div>\n\n\n\n<p>&nbsp;<br>\n<strong>Pami\u0119taj!<\/strong><\/p>\n\n\n\n<p>W przypadku up\u0142ywu terminu, na kt\u00f3ry zosta\u0142a wydana decyzja o przyznaniu zasi\u0142ku dla opiekuna, w zwi\u0105zku z utrat\u0105 wa\u017cno\u015bci orzeczenia o niepe\u0142nosprawno\u015bci lub orzeczenia o stopniu niepe\u0142nosprawno\u015bci i uzyskaniem nowego orzeczenia, zasi\u0142ek dla opiekuna ustala si\u0119 ponownie na wniosek strony. W tym przypadku prawo do zasi\u0142ku przys\u0142uguje, je\u017celi wniosek o ustalenie prawa do zasi\u0142ku dla opiekuna zostanie z\u0142o\u017cony w okresie 3 miesi\u0119cy, licz\u0105c od dnia wydania orzeczenia o niepe\u0142nosprawno\u015bci lub orzeczenia o stopniu niepe\u0142nosprawno\u015bci. Prawo do zasi\u0142ku dla opiekuna ustala si\u0119, pocz\u0105wszy od miesi\u0105ca, w kt\u00f3rym z\u0142o\u017cono wniosek o ustalenie niepe\u0142nosprawno\u015bci lub stopnia niepe\u0142nosprawno\u015bci.<\/p>\n\n\n\n<div style=\"height:24px\" aria-hidden=\"true\" class=\"wp-block-spacer\"><\/div>\n\n\n\n<p>&nbsp;<br>\n<strong>NIEPRZYS\u0141UGIWANIE ZASI\u0141KU DLA OPIEKUNA<\/strong><\/p>\n\n\n\n<div style=\"height:22px\" aria-hidden=\"true\" class=\"wp-block-spacer\"><\/div>\n\n\n\n<p>&nbsp;<br>\nZasi\u0142ek dla opiekuna nie przys\u0142uguje za okresy, w kt\u00f3rych:<\/p>\n\n\n\n<ul class=\"wp-block-list\">\n<li>osobie ubiegaj\u0105cej si\u0119 o zasi\u0142ek dla opiekuna zosta\u0142o ustalone prawo do specjalnego zasi\u0142ku opieku\u0144czego lub \u015bwiadczenia piel\u0119gnacyjnego lub<\/li>\n\n\n\n<li>na osob\u0119 wymagaj\u0105c\u0105 opieki innej osobie zosta\u0142o ustalone prawo do specjalnego zasi\u0142ku opieku\u0144czego lub \u015bwiadczenia piel\u0119gnacyjnego.<\/li>\n<\/ul>\n\n\n\n<div style=\"height:24px\" aria-hidden=\"true\" class=\"wp-block-spacer\"><\/div>\n\n\n\n<p>Poniewa\u017c prawo do zasi\u0142ku dla opiekuna uwarunkowane jest od spe\u0142nienia przes\u0142anek uprawniaj\u0105cych do \u015bwiadczenia piel\u0119gnacyjnego, na dzie\u0144 31 grudnia 2012 r. &#8211; oznacza, to \u017ce zasi\u0142ek dla opiekuna nie przys\u0142uguje, je\u017celi nie przys\u0142uguje \u015bwiadczenie piel\u0119gnacyjne.<\/p>\n\n\n\n<div style=\"height:22px\" aria-hidden=\"true\" class=\"wp-block-spacer\"><\/div>\n\n\n\n<p>Solidarnie z powy\u017cszym \u015bwiadczenie piel\u0119gnacyjne nie przys\u0142uguje, je\u017celi:<\/p>\n\n\n\n<div style=\"height:29px\" aria-hidden=\"true\" class=\"wp-block-spacer\"><\/div>\n\n\n\n<p>Osoba sprawuj\u0105ca opiek\u0119:<\/p>\n\n\n\n<ul class=\"wp-block-list\">\n<li>ma ustalone prawo do emerytury, renty, renty rodzinnej z tytu\u0142u \u015bmierci ma\u0142\u017conka przyznanej w przypadku zbiegu prawa do renty rodzinnej i innego \u015bwiadczenia emerytalno \u2013 rentowego,<\/li>\n\n\n\n<li>ma ustalone prawo do renty socjalnej,&nbsp; zasi\u0142ku sta\u0142ego, nauczycielskiego \u015bwiadczenia kompensacyjnego, zasi\u0142ku przedemerytalnego lub \u015bwiadczenia&nbsp; przedemerytalnego;<\/li>\n<\/ul>\n\n\n\n<div style=\"height:25px\" aria-hidden=\"true\" class=\"wp-block-spacer\"><\/div>\n\n\n\n<p>Osoba wymagaj\u0105ca opieki:<\/p>\n\n\n\n<ul class=\"wp-block-list\">\n<li>pozostaje w zwi\u0105zku ma\u0142\u017ce\u0144skim, chyba \u017ce wsp\u00f3\u0142ma\u0142\u017conek legitymuje si\u0119 orzeczeniem o znacznym stopniu niepe\u0142nosprawno\u015bci;<\/li>\n\n\n\n<li>zosta\u0142a umieszczona w rodzinie zast\u0119pczej, z wyj\u0105tkiem rodziny zast\u0119pczej spokrewnionej z dzieckiem albo, w zwi\u0105zku z konieczno\u015bci\u0105 kszta\u0142cenia, rewalidacji lub rehabilitacji, w plac\u00f3wce zapewniaj\u0105cej ca\u0142odobow\u0105 opiek\u0119, w tym w specjalnym o\u015brodku szkolno-wychowawczym, z wyj\u0105tkiem podmiotu wykonuj\u0105cego dzia\u0142alno\u015b\u0107 lecznicz\u0105 korzysta w niej z ca\u0142odobowej opieki przez wi\u0119cej ni\u017c 5 dni w tygodniu, z wyj\u0105tkiem zak\u0142ad\u00f3w opieki zdrowotnej;<\/li>\n<\/ul>\n\n\n\n<div style=\"height:21px\" aria-hidden=\"true\" class=\"wp-block-spacer\"><\/div>\n\n\n\n<p>Cz\u0142onek rodziny:<\/p>\n\n\n\n<ul class=\"wp-block-list\">\n<li>na osob\u0119 wymagaj\u0105c\u0105 opieki ma ustalone prawo do wcze\u015bniejszej emerytury;<\/li>\n\n\n\n<li>na osob\u0119 wymagaj\u0105c\u0105 opieki cz\u0142onek rodziny jest uprawniony do \u015bwiadczenia na pokrycie wydatk\u00f3w zwi\u0105zanych z opiek\u0105 za granic\u0105, chyba \u017ce przepisy o koordynacji system\u00f3w zabezpieczenia spo\u0142ecznego lub dwustronne umowy o zabezpieczeniu spo\u0142ecznym stanowi\u0105 inaczej.<\/li>\n<\/ul>\n\n\n\n<div style=\"height:19px\" aria-hidden=\"true\" class=\"wp-block-spacer\"><\/div>\n\n\n\n<p>Ustalenie cz\u0142onkowi rodziny osoby sprawuj\u0105cej opiek\u0119 prawa do dodatku do zasi\u0142ku rodzinnego z tytu\u0142u opieki nad dzieckiem w okresie korzystania z urlopu wychowawczego lub \u015bwiadczenia piel\u0119gnacyjnego w zwi\u0105zku z opiek\u0105 nad inn\u0105 osob\u0105 nie powoduje utraty prawa do zasi\u0142ku dla opiekuna.<\/p>\n\n\n\n<div style=\"height:20px\" aria-hidden=\"true\" class=\"wp-block-spacer\"><\/div>\n\n\n\n<p>&nbsp;<br>\n<strong>Wysoko\u015b\u0107 zasi\u0142ku dla opiekuna wnosi 620,00 z\u0142 miesi\u0119cznie.<\/strong><\/p>\n\n\n\n<div style=\"height:22px\" aria-hidden=\"true\" class=\"wp-block-spacer\"><\/div>\n\n\n\n<p>&nbsp;<br>\n<strong>Uwaga!<\/strong> Przy ustalaniu prawa do zasi\u0142ku dla opiekuna, organ w\u0142a\u015bciwy musi wyst\u0105pi\u0107 do kierownika o\u015brodka pomocy spo\u0142ecznej o przeprowadzenie rodzinnego wywiadu \u015brodowiskowego w miejscu zamieszkania strony i osoby niepe\u0142nosprawnej, w celu potwierdzenia faktu sprawowania opieki przez osob\u0119 ubiegaj\u0105c\u0105 si\u0119 o zasi\u0142ek dla opiekuna.<\/p>\n\n\n\n<div style=\"height:24px\" aria-hidden=\"true\" class=\"wp-block-spacer\"><\/div>\n\n\n\n<p><strong>Pami\u0119taj!<\/strong> Aktualizacja wywiadu przeprowadzana b\u0119dzie co 6 miesi\u0119cy.<\/p>\n\n\n\n<div style=\"height:22px\" aria-hidden=\"true\" class=\"wp-block-spacer\"><\/div>\n\n\n\n<p>&nbsp;<br>\n<strong>WYMAGANE DOKUMENTY DO ZASI\u0141KU DLA OPIEKUNA<\/strong><\/p>\n\n\n\n<div style=\"height:23px\" aria-hidden=\"true\" class=\"wp-block-spacer\"><\/div>\n\n\n\n<p>&nbsp;<br>\nW przypadku ustalenia prawa do zasi\u0142ku dla opiekuna i uzyskania <strong>ponownego<\/strong> orzeczenia o znacznym stopniu niepe\u0142nosprawno\u015bci lub orzeczeniem o niepe\u0142nosprawno\u015bci \u0142\u0105cznie ze wskazaniami, niezb\u0119dne jest z\u0142o\u017cenie nowego wniosku o zasi\u0142ek dla opiekuna oraz do\u0142\u0105czenie do niego nast\u0119puj\u0105cych dokument\u00f3w:<\/p>\n\n\n\n<ul class=\"wp-block-list\">\n<li>kserokopii orzeczenia o niepe\u0142nosprawno\u015bci \u0142\u0105cznie ze wskazaniami: konieczno\u015bci sta\u0142ej lub d\u0142ugotrwa\u0142ej opieki lub pomocy innej osoby w zwi\u0105zku ze znacznie ograniczon\u0105 mo\u017cliwo\u015bci\u0105 samodzielnej egzystencji oraz konieczno\u015bci sta\u0142ego wsp\u00f3\u0142udzia\u0142u na co dzie\u0144 opiekuna dziecka w procesie jego leczenia, rehabilitacji i edukacji lub kserokopii orzeczenia o znacznym stopniu niepe\u0142nosprawno\u015bci,<\/li>\n\n\n\n<li>dokumenty potwierdzaj\u0105ce mo\u017cliwo\u015b\u0107 podlegania ubezpieczeniu zdrowotnemu z innego tytu\u0142u, zar\u00f3wno wnioskodawcy, jak i cz\u0142onk\u00f3w rodziny w tym dzieci, a tak\u017ce osoby, na kt\u00f3r\u0105 sk\u0142adany jest wniosek o \u015bwiadczenie piel\u0119gnacyjne.<\/li>\n<\/ul>\n","protected":false},"excerpt":{"rendered":"<p>INFORMACJA O ZMIANACH W ZASADACH DOTYCZ\u0104CYCH UPRAWNIE\u0143 DO ZASI\u0141KU DLA OPIEKUNA W zwi\u0105zku z wej\u015bciem w \u017cycie ustawy z dnia 7 lipca 2023 r. o \u015bwiadczeniu wspieraj\u0105cym (Dz. U. z 2023 r. poz. 1429), zwanej dalej ustaw\u0105, pocz\u0105wszy od 1 stycznia 2024 r. ulegaj\u0105 zmianie przes\u0142anki do przyznania \u015bwiadczenia piel\u0119gnacyjnego. Z uwagi na powy\u017csze zmianie [&hellip;]<\/p>\n","protected":false},"author":3,"featured_media":0,"parent":2130,"menu_order":4,"comment_status":"closed","ping_status":"closed","template":"","meta":{"footnotes":""},"class_list":["post-1105","page","type-page","status-publish","hentry"],"_links":{"self":[{"href":"https:\/\/mops.malbork.pl\/index.php?rest_route=\/wp\/v2\/pages\/1105","targetHints":{"allow":["GET"]}}],"collection":[{"href":"https:\/\/mops.malbork.pl\/index.php?rest_route=\/wp\/v2\/pages"}],"about":[{"href":"https:\/\/mops.malbork.pl\/index.php?rest_route=\/wp\/v2\/types\/page"}],"author":[{"embeddable":true,"href":"https:\/\/mops.malbork.pl\/index.php?rest_route=\/wp\/v2\/users\/3"}],"replies":[{"embeddable":true,"href":"https:\/\/mops.malbork.pl\/index.php?rest_route=%2Fwp%2Fv2%2Fcomments&post=1105"}],"version-history":[{"count":3,"href":"https:\/\/mops.malbork.pl\/index.php?rest_route=\/wp\/v2\/pages\/1105\/revisions"}],"predecessor-version":[{"id":2176,"href":"https:\/\/mops.malbork.pl\/index.php?rest_route=\/wp\/v2\/pages\/1105\/revisions\/2176"}],"up":[{"embeddable":true,"href":"https:\/\/mops.malbork.pl\/index.php?rest_route=\/wp\/v2\/pages\/2130"}],"wp:attachment":[{"href":"https:\/\/mops.malbork.pl\/index.php?rest_route=%2Fwp%2Fv2%2Fmedia&parent=1105"}],"curies":[{"name":"wp","href":"https:\/\/api.w.org\/{rel}","templated":true}]}}