{"id":1070,"date":"2019-03-08T21:27:27","date_gmt":"2019-03-08T19:27:27","guid":{"rendered":"http:\/\/mops1.home.pl\/mops2015\/?page_id=1070"},"modified":"2026-02-04T17:21:12","modified_gmt":"2026-02-04T15:21:12","slug":"malbork-na","status":"publish","type":"page","link":"https:\/\/mops.malbork.pl\/?page_id=1070","title":{"rendered":"MALBORK na +"},"content":{"rendered":"<p><a href=\"http:\/\/mops1.home.pl\/mops2015\/wp-content\/uploads\/2019\/03\/RPOWP.jpg\"><img loading=\"lazy\" decoding=\"async\" class=\"aligncenter size-full wp-image-1072\" src=\"http:\/\/mops1.home.pl\/mops2015\/wp-content\/uploads\/2019\/03\/RPOWP.jpg\" alt=\"\" width=\"650\" height=\"90\" srcset=\"https:\/\/mops.malbork.pl\/wp-content\/uploads\/2019\/03\/RPOWP.jpg 650w, https:\/\/mops.malbork.pl\/wp-content\/uploads\/2019\/03\/RPOWP-300x42.jpg 300w\" sizes=\"auto, (max-width: 650px) 100vw, 650px\" \/><\/a>Miejski O\u015brodek Pomocy Spo\u0142ecznej w Malborku rozpocznie realizacje kolejnego projektu pn. \u201e Mallbork na \u201e+\u201d- dzia\u0142ania spo\u0142eczne\u201d w ramach <strong><em>Regionalnego Programu Operacyjnego Wojew\u00f3dztwa Pomorskiego na lata 2014-2020<\/em>.<\/strong><\/p>\n<p><em>Projekt realizuje cele Programu Rewitalizacji dla miasta Malborka na lata 2017-2023 Malbork na \u201e+\u201d. Projekt b\u0119dzie realizowany od maja 2019 r. do grudnia 2021r.<\/em><\/p>\n<p><em>Celem g\u0142\u00f3wnym b\u0119dzie poprawa warunk\u00f3w \u017cycia, aktywizacja i w\u0142\u0105czenie rodzin z obszaru rewitalizacji poprzez stworzenie trwa\u0142ych miejsc \u015bwiadczenia us\u0142ug spo\u0142ecznych oraz narz\u0119dzi pracy z rodzicami i dzie\u0107mi. Projekt stanowi odpowied\u017a na zdiagnozowane problemy w postaci: rozk\u0142adu rodziny i rozlu\u017anienia wi\u0119zi rodzinnych, braku oferty program\u00f3w aktywizuj\u0105cych i przeciwdzia\u0142aj\u0105cych wykluczeniu spo\u0142ecznemu oraz niskiego stopnia aktywizacji spo\u0142ecznej rodzin z problemami zdrowotnymi.<\/em><\/p>\n<p><em>Trwa\u0142ym efektem projektu b\u0119dzie zwi\u0119kszona liczba wspartych w programie miejsc \u015bwiadczenia us\u0142ug spo\u0142ecznych istniej\u0105cych po zako\u0144czeniu projektu tj. od 1 stycznia 2022 do 31 grudnia 2027r.<\/em><\/p>\n<p><em>Projekt realizowany b\u0119dzie przez dw\u00f3ch Partner\u00f3w: Miasto Malbork jako Partner Wiod\u0105cy z ramienia kt\u00f3rego jednostk\u0105 realizuj\u0105c\u0105 b\u0119dzie MOPS oraz Partner ZHP Chor\u0105giew Gda\u0144sk.<\/em><\/p>\n<p><em>Ca\u0142kowita warto\u015b\u0107 projektu wynosi 1 995 156,00 PLN w tym wk\u0142ad Funduszy Europejskich wynosi 1 695 882,60 PLN<\/em><\/p>\n<p>&nbsp;<\/p>\n<hr \/>\n<p>Dyrektor Miejskiego O\u015brodka Pomocy Spo\u0142ecznej w Malborku og\u0142asza nab\u00f3r na stanowisko \u2013 <em><strong>\u201eopiekun rodziny\u201d \u2013 asystent rodziny<\/strong><\/em> w ramach realizacji projektu pn.<br \/>\n<strong>\u201e Malbork na \u201e+\u201d \u2013 dzia\u0142ania spo\u0142eczne\u201d w ramach Regionalnego Programu Operacyjnego Wojew\u00f3dztwa Pomorskiego na lata 2014-2020 wsp\u00f3\u0142finansowanego z Europejskiego Funduszu Spo\u0142ecznego.<\/strong><\/p>\n<p>Wi\u0119cej informacji na stronie: <a href=\"http:\/\/bip.mops.malbork.pl\/index.php?id=321&amp;id2=320\">bip.mops.malbork.pl<\/a><\/p>\n\n\n<hr class=\"wp-block-separator has-alpha-channel-opacity\"\/>\n\n\n\n<p>Miasto Malbork deklaruje trwa\u0142o\u015b\u0107 po zako\u0144czeniu projektu \u201e<strong>Malbork na \u201e+\u201d- dzia\u0142ania spo\u0142eczne<\/strong>\u201d.<\/p>\n\n\n\n<div style=\"height:17px\" aria-hidden=\"true\" class=\"wp-block-spacer\"><\/div>\n\n\n\n<p><strong>Beneficjent:<\/strong><br>Miasto Malbork<br>Plac S\u0142owia\u0144ski 5<br>82-200 Malbork<\/p>\n\n\n\n<div style=\"height:18px\" aria-hidden=\"true\" class=\"wp-block-spacer\"><\/div>\n\n\n\n<p>Miejski O\u015brodek Pomocy Spo\u0142ecznej<br>ul. S\u0142owackiego 74<br>82-200 Malbork<\/p>\n\n\n\n<div style=\"height:19px\" aria-hidden=\"true\" class=\"wp-block-spacer\"><\/div>\n\n\n\n<p><strong>Partner:<\/strong><br>Zwi\u0105zek Harcerstwa Polskiego<br>Chor\u0105giew Gda\u0144ska<br>im. Bohater\u00f3w Ziemi Gda\u0144skiej<br>ul. Za Murami 2-10<br>80-823 Gda\u0144sk<\/p>\n\n\n\n<div style=\"height:18px\" aria-hidden=\"true\" class=\"wp-block-spacer\"><\/div>\n\n\n\n<p>Od 1 stycznia 2026 r. Plac\u00f3wka Wsparcia Dziennego w formie opieku\u0144czej, specjalistycznej i podw\u00f3rkowej prowadzi MOPS Malbork.<\/p>\n\n\n\n<div style=\"height:18px\" aria-hidden=\"true\" class=\"wp-block-spacer\"><\/div>\n\n\n\n<p>Nr. Umowy: <strong>RPPM.06.02.02-22-0008\/17-05<\/strong><\/p>\n\n\n\n<div style=\"height:16px\" aria-hidden=\"true\" class=\"wp-block-spacer\"><\/div>\n\n\n\n<p>Tytu\u0142: <strong>Malbork na \u201e+\u201d- dzia\u0142ania spo\u0142eczne<\/strong><\/p>\n\n\n\n<div style=\"height:16px\" aria-hidden=\"true\" class=\"wp-block-spacer\"><\/div>\n\n\n\n<p>Okres realizacji projektu: <strong>01.05.2019-15.12.2023<\/strong><\/p>\n\n\n\n<div style=\"height:14px\" aria-hidden=\"true\" class=\"wp-block-spacer\"><\/div>\n\n\n\n<p>Okres trwa\u0142o\u015bci <strong>16.12.2023r.- 15.12.2028r.- 60 miesi\u0119cy po zako\u0144czeniu realizacji projektu.<\/strong><\/p>\n\n\n\n<div style=\"height:19px\" aria-hidden=\"true\" class=\"wp-block-spacer\"><\/div>\n\n\n\n<p>W ramach trwa\u0142o\u015bci projektu b\u0119dzie funkcjonowa\u0107 Plac\u00f3wka Wsparcia Dziennego w formie opieku\u0144czej, specjalistycznej i podw\u00f3rkowej. Liczba miejsc;<\/p>\n\n\n\n<div style=\"height:16px\" aria-hidden=\"true\" class=\"wp-block-spacer\"><\/div>\n\n\n\n<ul class=\"wp-block-list\">\n<li>\u201eFabryka Cud\u00f3w\u201d ul. Sienkiewicza 43, Malbork &#8211; 30 miejsc<\/li>\n\n\n\n<li>Klub Wie\u017ca Plac S\u0142owia\u0144ski 14, Malbork &#8211; 15 miejsc<\/li>\n<\/ul>\n\n\n\n<div style=\"height:15px\" aria-hidden=\"true\" class=\"wp-block-spacer\"><\/div>\n\n\n\n<p>Ponadto b\u0119dzie udzielane wsparcie specjalistyczne wg potrzeb, w ramach Poradni Rodzina mieszcz\u0105cej si\u0119 w budynku przy ul. Sienkiewicza 43 w Malborku.<\/p>\n","protected":false},"excerpt":{"rendered":"<p>Miejski O\u015brodek Pomocy Spo\u0142ecznej w Malborku rozpocznie realizacje kolejnego projektu pn. \u201e Mallbork na \u201e+\u201d- dzia\u0142ania spo\u0142eczne\u201d w ramach Regionalnego Programu Operacyjnego Wojew\u00f3dztwa Pomorskiego na lata 2014-2020. Projekt realizuje cele Programu Rewitalizacji dla miasta Malborka na lata 2017-2023 Malbork na \u201e+\u201d. Projekt b\u0119dzie realizowany od maja 2019 r. do grudnia 2021r. Celem g\u0142\u00f3wnym b\u0119dzie poprawa [&hellip;]<\/p>\n","protected":false},"author":3,"featured_media":0,"parent":959,"menu_order":0,"comment_status":"closed","ping_status":"closed","template":"","meta":{"footnotes":""},"class_list":["post-1070","page","type-page","status-publish","hentry"],"_links":{"self":[{"href":"https:\/\/mops.malbork.pl\/index.php?rest_route=\/wp\/v2\/pages\/1070","targetHints":{"allow":["GET"]}}],"collection":[{"href":"https:\/\/mops.malbork.pl\/index.php?rest_route=\/wp\/v2\/pages"}],"about":[{"href":"https:\/\/mops.malbork.pl\/index.php?rest_route=\/wp\/v2\/types\/page"}],"author":[{"embeddable":true,"href":"https:\/\/mops.malbork.pl\/index.php?rest_route=\/wp\/v2\/users\/3"}],"replies":[{"embeddable":true,"href":"https:\/\/mops.malbork.pl\/index.php?rest_route=%2Fwp%2Fv2%2Fcomments&post=1070"}],"version-history":[{"count":9,"href":"https:\/\/mops.malbork.pl\/index.php?rest_route=\/wp\/v2\/pages\/1070\/revisions"}],"predecessor-version":[{"id":2436,"href":"https:\/\/mops.malbork.pl\/index.php?rest_route=\/wp\/v2\/pages\/1070\/revisions\/2436"}],"up":[{"embeddable":true,"href":"https:\/\/mops.malbork.pl\/index.php?rest_route=\/wp\/v2\/pages\/959"}],"wp:attachment":[{"href":"https:\/\/mops.malbork.pl\/index.php?rest_route=%2Fwp%2Fv2%2Fmedia&parent=1070"}],"curies":[{"name":"wp","href":"https:\/\/api.w.org\/{rel}","templated":true}]}}