{"id":10,"date":"2015-02-07T22:25:27","date_gmt":"2015-02-07T22:25:27","guid":{"rendered":"http:\/\/mops1.home.pl\/mops2015\/?page_id=10"},"modified":"2018-09-04T19:39:38","modified_gmt":"2018-09-04T17:39:38","slug":"akty-prawne","status":"publish","type":"page","link":"https:\/\/mops.malbork.pl\/?page_id=10","title":{"rendered":"Akty Prawne"},"content":{"rendered":"<p>Pe\u0142ny tekst akt\u00f3w prawnych do pobrania na stronie <a href=\"http:\/\/www.isip.sejm.gov.pl\">www.isip.sejm.gov.pl<\/a> <a href=\"http:\/\/dziennikustaw.gov.pl\">http:\/\/dziennikustaw.gov.pl<\/a><\/p>\n<p style=\"text-align: center;\"><strong>Podstawowe akty prawne w zakresie pomocy spo\u0142ecznej:<\/strong><\/p>\n<ul>\n<li>Ustawa z dnia 12 marca 2004 r. o pomocy spo\u0142ecznej <em>(tekst jednolity Dz.U. z 2015r. poz.163 z zm.)<\/em>,<\/li>\n<li>Ustawa z dnia 29 lipca 2005 r. o przeciwdzia\u0142aniu przemocy w rodzinie <em>( Dz.U. z 2005 r. Nr 180, poz. 1493 z p\u00f3\u017an.zm. )<\/em>,<\/li>\n<li>Ustawa z dnia 09 czerwca 2011 r. o wspieraniu rodziny i systemie pieczy zast\u0119pczej <em>(Dz.U. 149 poz. 887 z p\u00f3\u017an.zm.)<\/em>,<\/li>\n<li>Ustawa z dnia 27 sierpnia 2004 r. o \u015bwiadczeniach opieki zdrowotnej finansowanych ze \u015brodk\u00f3w publicznych <em>(Dz. U. z 2008 r. Nr 164, poz. 1027, z p\u00f3\u017an. zm.)<\/em>,<\/li>\n<li>Ustawa z dnia 5 grudnia 2014 r. o Karcie Du\u017cej Rodziny <em>(Dz. U. Poz.1863)<\/em><\/li>\n<li>Uchwa\u0142a Rady Ministr\u00f3w z dnia 10 grudnia 2013 r. w sprawie ustanowienia wieloletniego programu wspierania finansowego gmin w zakresie do\u017cywiania \u201ePomoc pa\u0144stwa w zakresie do\u017cywiania\u201d na lata 2014-2020 <em>(Dz.U. poz.1024)<\/em>,<\/li>\n<li>Uchwa\u0142a Rady Miasta Malborka z dnia 14 stycznia 2014r. w sprawie ustanowienia wieloletniego programu os\u0142onowego w zakresie do\u017cywiania \u201ePomoc gminy w zakresie do\u017cywiania\u201d na lata 2014-2020 <em>Nr XXX\/366\/2014<\/em>,<\/li>\n<li>Uchwa\u0142a Rady Miasta Malborka z dnia 14 stycznia 2014 r. w sprawie podwy\u017cszenia kryterium dochodowego uprawniaj\u0105cego do przyznania nieodp\u0142atnie pomocy w zakresie do\u017cywiania w formie \u015bwiadczenia pieni\u0119\u017cnego na zakup posi\u0142ku lub \u017cywno\u015bci dla os\u00f3b obj\u0119tych wieloletnim programem wspierania finansowego gmin w zakresie do\u017cywiania \u201ePomoc pa\u0144stwa w zakresie do\u017cywiania\u201d na lata 2014-2020 <em>Nr XXXIX\/367\/2014<\/em>,<\/li>\n<li>Uchwa\u0142a Rady Miasta Malborka z dnia 23 lutego 2012r. w sprawie szczeg\u00f3\u0142owych zasad przyznawania i ustalania odp\u0142atno\u015bci za us\u0142ugi opieku\u0144cze oraz szczeg\u00f3\u0142owych warunk\u00f3w cz\u0119\u015bciowego lub ca\u0142kowitego zwolnienia od op\u0142at jak r\u00f3wnie\u017c trybu ich pobierania <em>Nr XV\/172\/12 z p\u00f3\u017a.zm.<\/em>,<\/li>\n<li>Uchwa\u0142a Rady Miasta Malborka z dnia 08 kwietnia 2014r. w sprawie zasad zwrotu wydatk\u00f3w za \u015bwiadczenia z pomocy spo\u0142ecznej w formie schronienia i posi\u0142ku, udzielanych w noclegowniach, schroniskach, domach dla bezdomnych i innych miejscach do tego przeznaczonych <em>Nr XLII\/394\/2014<\/em>,<\/li>\n<li>Uchwa\u0142a Rady Miasta Malborka z dnia 29 grudnia 2015r. w sprawie przyj\u0119cia Programu Os\u0142onowego Miasta Malborka ,, Teleopieka dla os\u00f3b potrzebuj\u0105cych\u201d <em>Nr XV\/155\/2015<\/em><\/li>\n<li>Uchwa\u0142a Rady Miasta Malborka z dnia 21 kwietnia 2016r. w sprawie przyj\u0119cia Programu Przeciwdzia\u0142ania Przemocy w Rodzinie oraz Ochrony Ofiar Przemocy w Rodzinie na lata 2016-2020 <em>Nr XIX\/194\/2016<\/em><\/li>\n<\/ul>\n","protected":false},"excerpt":{"rendered":"<p>Pe\u0142ny tekst akt\u00f3w prawnych do pobrania na stronie www.isip.sejm.gov.pl http:\/\/dziennikustaw.gov.pl Podstawowe akty prawne w zakresie pomocy spo\u0142ecznej: Ustawa z dnia 12 marca 2004 r. o pomocy spo\u0142ecznej (tekst jednolity Dz.U. z 2015r. poz.163 z zm.), Ustawa z dnia 29 lipca 2005 r. o przeciwdzia\u0142aniu przemocy w rodzinie ( Dz.U. z 2005 r. Nr 180, poz. [&hellip;]<\/p>\n","protected":false},"author":1,"featured_media":0,"parent":8,"menu_order":1,"comment_status":"closed","ping_status":"open","template":"","meta":{"footnotes":""},"class_list":["post-10","page","type-page","status-publish","hentry"],"_links":{"self":[{"href":"https:\/\/mops.malbork.pl\/index.php?rest_route=\/wp\/v2\/pages\/10","targetHints":{"allow":["GET"]}}],"collection":[{"href":"https:\/\/mops.malbork.pl\/index.php?rest_route=\/wp\/v2\/pages"}],"about":[{"href":"https:\/\/mops.malbork.pl\/index.php?rest_route=\/wp\/v2\/types\/page"}],"author":[{"embeddable":true,"href":"https:\/\/mops.malbork.pl\/index.php?rest_route=\/wp\/v2\/users\/1"}],"replies":[{"embeddable":true,"href":"https:\/\/mops.malbork.pl\/index.php?rest_route=%2Fwp%2Fv2%2Fcomments&post=10"}],"version-history":[{"count":11,"href":"https:\/\/mops.malbork.pl\/index.php?rest_route=\/wp\/v2\/pages\/10\/revisions"}],"predecessor-version":[{"id":624,"href":"https:\/\/mops.malbork.pl\/index.php?rest_route=\/wp\/v2\/pages\/10\/revisions\/624"}],"up":[{"embeddable":true,"href":"https:\/\/mops.malbork.pl\/index.php?rest_route=\/wp\/v2\/pages\/8"}],"wp:attachment":[{"href":"https:\/\/mops.malbork.pl\/index.php?rest_route=%2Fwp%2Fv2%2Fmedia&parent=10"}],"curies":[{"name":"wp","href":"https:\/\/api.w.org\/{rel}","templated":true}]}}